{"id":1172,"date":"2021-07-30T12:37:59","date_gmt":"2021-07-30T15:37:59","guid":{"rendered":"http:\/\/regisbike.com.br\/?post_type=product&#038;p=1172"},"modified":"2023-04-08T10:33:26","modified_gmt":"2023-04-08T13:33:26","slug":"bomba-mini-rontek-em-aluminio","status":"publish","type":"product","link":"https:\/\/regisbike.com.br\/?product=bomba-mini-rontek-em-aluminio","title":{"rendered":"BOMBA MINI RONTEK BBP-002 EM ALUM\u00cdNIO"},"content":{"rendered":"<p>Alum\u00ednio com formato em &#8220;T&#8221;, tornando o bombeamento mais confort\u00e1vel Dois est\u00e1gios ao bombear Trava de seguran\u00e7a para v\u00e1lvula Pode ser utilizada tanto para bico americano e fino Possui Manometro em BAR Possui suporte para fixar no quadro. (22X270MM)<\/p>\n","protected":false},"excerpt":{"rendered":"<p>Alum\u00ednio com formato em &#8220;T&#8221;, tornando o bombeamento mais confort\u00e1vel Dois est\u00e1gios ao bombear Trava de seguran\u00e7a para v\u00e1lvula Pode ser utilizada tanto para bico americano e fino Possui Manometro em BAR Possui suporte para fixar no quadro. (22X270MM)<\/p>\n","protected":false},"featured_media":1173,"comment_status":"open","ping_status":"closed","template":"","meta":[],"product_cat":[16,41],"product_tag":[],"_links":{"self":[{"href":"https:\/\/regisbike.com.br\/index.php?rest_route=\/wp\/v2\/product\/1172"}],"collection":[{"href":"https:\/\/regisbike.com.br\/index.php?rest_route=\/wp\/v2\/product"}],"about":[{"href":"https:\/\/regisbike.com.br\/index.php?rest_route=\/wp\/v2\/types\/product"}],"replies":[{"embeddable":true,"href":"https:\/\/regisbike.com.br\/index.php?rest_route=%2Fwp%2Fv2%2Fcomments&post=1172"}],"wp:featuredmedia":[{"embeddable":true,"href":"https:\/\/regisbike.com.br\/index.php?rest_route=\/wp\/v2\/media\/1173"}],"wp:attachment":[{"href":"https:\/\/regisbike.com.br\/index.php?rest_route=%2Fwp%2Fv2%2Fmedia&parent=1172"}],"wp:term":[{"taxonomy":"product_cat","embeddable":true,"href":"https:\/\/regisbike.com.br\/index.php?rest_route=%2Fwp%2Fv2%2Fproduct_cat&post=1172"},{"taxonomy":"product_tag","embeddable":true,"href":"https:\/\/regisbike.com.br\/index.php?rest_route=%2Fwp%2Fv2%2Fproduct_tag&post=1172"}],"curies":[{"name":"wp","href":"https:\/\/api.w.org\/{rel}","templated":true}]}}