{"id":1174,"date":"2021-07-30T12:41:14","date_gmt":"2021-07-30T15:41:14","guid":{"rendered":"http:\/\/regisbike.com.br\/?post_type=product&#038;p=1174"},"modified":"2023-06-17T10:22:58","modified_gmt":"2023-06-17T13:22:58","slug":"bomba-mini-rontek-em-plastico","status":"publish","type":"product","link":"https:\/\/regisbike.com.br\/?product=bomba-mini-rontek-em-plastico","title":{"rendered":"BOMBA MINI RONTEK EM PL\u00c1STICO"},"content":{"rendered":"<p><strong>Pl\u00e1stico com formato em &#8220;T&#8221;, tornando o bombeamento mais confort\u00e1vel;<\/strong><\/p>\n<p><strong> Um est\u00e1gio ao bombear;<\/strong><br \/>\n<strong>Pode ser utilizada em m\u00fatiplos bicos tais como: americano, fino, e bola;<\/strong><br \/>\n<strong>Possui suporte para fixar no quadro (27x280MM).<\/strong><\/p>\n","protected":false},"excerpt":{"rendered":"<p>Pl\u00e1stico com formato em &#8220;T&#8221;, tornando o bombeamento mais confort\u00e1vel; Um est\u00e1gio ao bombear; Pode ser utilizada em m\u00fatiplos bicos tais como: americano, fino, e bola; Possui suporte para fixar no quadro (27x280MM).<\/p>\n","protected":false},"featured_media":1175,"comment_status":"open","ping_status":"closed","template":"","meta":[],"product_cat":[16,41],"product_tag":[],"_links":{"self":[{"href":"https:\/\/regisbike.com.br\/index.php?rest_route=\/wp\/v2\/product\/1174"}],"collection":[{"href":"https:\/\/regisbike.com.br\/index.php?rest_route=\/wp\/v2\/product"}],"about":[{"href":"https:\/\/regisbike.com.br\/index.php?rest_route=\/wp\/v2\/types\/product"}],"replies":[{"embeddable":true,"href":"https:\/\/regisbike.com.br\/index.php?rest_route=%2Fwp%2Fv2%2Fcomments&post=1174"}],"wp:featuredmedia":[{"embeddable":true,"href":"https:\/\/regisbike.com.br\/index.php?rest_route=\/wp\/v2\/media\/1175"}],"wp:attachment":[{"href":"https:\/\/regisbike.com.br\/index.php?rest_route=%2Fwp%2Fv2%2Fmedia&parent=1174"}],"wp:term":[{"taxonomy":"product_cat","embeddable":true,"href":"https:\/\/regisbike.com.br\/index.php?rest_route=%2Fwp%2Fv2%2Fproduct_cat&post=1174"},{"taxonomy":"product_tag","embeddable":true,"href":"https:\/\/regisbike.com.br\/index.php?rest_route=%2Fwp%2Fv2%2Fproduct_tag&post=1174"}],"curies":[{"name":"wp","href":"https:\/\/api.w.org\/{rel}","templated":true}]}}