{"id":1182,"date":"2021-07-30T14:11:03","date_gmt":"2021-07-30T17:11:03","guid":{"rendered":"http:\/\/regisbike.com.br\/?post_type=product&#038;p=1182"},"modified":"2022-01-05T13:04:16","modified_gmt":"2022-01-05T16:04:16","slug":"bolsa-de-selim-impermeavel-rontek","status":"publish","type":"product","link":"https:\/\/regisbike.com.br\/?product=bolsa-de-selim-impermeavel-rontek","title":{"rendered":"BOLSA DE SELIM IMPERME\u00c1VEL RONTEK"},"content":{"rendered":"<p>IDEAL PARA OS CICLISTAS MAIS EXIGENTES<\/p>\n<p>A Bolsa de Selim Imperme\u00e1vel RONTEK \u00e9 ideal para os ciclistas que pedalam nas condi\u00e7\u00f5es mais extremas. \u00c9 compacta e leve, excelente para armazenar objetos que o ciclista necessitar\u00e1 em sua pedalada.<\/p>\n","protected":false},"excerpt":{"rendered":"<p>IDEAL PARA OS CICLISTAS MAIS EXIGENTES A Bolsa de Selim Imperme\u00e1vel RONTEK \u00e9 ideal para os ciclistas que pedalam nas condi\u00e7\u00f5es mais extremas. \u00c9 compacta e leve, excelente para armazenar objetos que o ciclista necessitar\u00e1 em sua pedalada.<\/p>\n","protected":false},"featured_media":1183,"comment_status":"open","ping_status":"closed","template":"","meta":[],"product_cat":[16,40],"product_tag":[],"_links":{"self":[{"href":"https:\/\/regisbike.com.br\/index.php?rest_route=\/wp\/v2\/product\/1182"}],"collection":[{"href":"https:\/\/regisbike.com.br\/index.php?rest_route=\/wp\/v2\/product"}],"about":[{"href":"https:\/\/regisbike.com.br\/index.php?rest_route=\/wp\/v2\/types\/product"}],"replies":[{"embeddable":true,"href":"https:\/\/regisbike.com.br\/index.php?rest_route=%2Fwp%2Fv2%2Fcomments&post=1182"}],"wp:featuredmedia":[{"embeddable":true,"href":"https:\/\/regisbike.com.br\/index.php?rest_route=\/wp\/v2\/media\/1183"}],"wp:attachment":[{"href":"https:\/\/regisbike.com.br\/index.php?rest_route=%2Fwp%2Fv2%2Fmedia&parent=1182"}],"wp:term":[{"taxonomy":"product_cat","embeddable":true,"href":"https:\/\/regisbike.com.br\/index.php?rest_route=%2Fwp%2Fv2%2Fproduct_cat&post=1182"},{"taxonomy":"product_tag","embeddable":true,"href":"https:\/\/regisbike.com.br\/index.php?rest_route=%2Fwp%2Fv2%2Fproduct_tag&post=1182"}],"curies":[{"name":"wp","href":"https:\/\/api.w.org\/{rel}","templated":true}]}}