{"id":1193,"date":"2021-07-30T14:38:01","date_gmt":"2021-07-30T17:38:01","guid":{"rendered":"http:\/\/regisbike.com.br\/?post_type=product&#038;p=1193"},"modified":"2024-06-29T12:05:04","modified_gmt":"2024-06-29T15:05:04","slug":"lubrificante-de-corrente-muc-off-wet-lube-50ml","status":"publish","type":"product","link":"https:\/\/regisbike.com.br\/?product=lubrificante-de-corrente-muc-off-wet-lube-50ml","title":{"rendered":"LUBRIFICANTE DE CORRENTE MUC-OFF WET LUBE (\u00daMIDO) 50ml"},"content":{"rendered":"<p>Proteja as pe\u00e7as da sua\u00a0<i>bike<\/i>\u00a0em condi\u00e7\u00f5es de chuvas mais fortes ou em climas \u00famidos garantindo trocas de marchas suaves e com menos atritos\u00a0com o\u00a0<b>Lubrificante Muc-Off Wet Lube 50mL<\/b>.<\/p>\n<p>Com maior durabilidade, \u00e9 ideal para pedais de longa dist\u00e2ncia em condi\u00e7\u00f5es de umidade, sua fabrica\u00e7\u00e3o \u00e9 feita com materiais <i>premium\u00a0<\/i>naturais,\u00a0que\u00a0<b>respeita o meio ambiente, totalmente biodegrad\u00e1vel, incluindo sua formula\u00e7\u00e3o e mesmo a embalagem<\/b>. Contando com alto poder de penetra\u00e7\u00e3o nos elos da corrente e com tecnologia\u00a0<i>Extreme Pressure Additives\u00ae<\/i>\u00a0cria uma camada protetora contra a umidade e a sujeira de forma muito mais eficiente.<\/p>\n","protected":false},"excerpt":{"rendered":"<h2>Confira as especifica\u00e7\u00f5es do Lubrificante Muc-Off Wet Lube 50mL:<\/h2>\n<ul>\n<li><span style=\"font-family: Verdana\">Alta dura\u00e7\u00e3o &#8211; cada aplica\u00e7\u00e3o garante uso em<i>\u00a0mountain bike<\/i>para at\u00e9 150 quil\u00f4metros, 200 quil\u00f4metros na estrada e 180 quil\u00f4metros no\u00a0<i>cyclocross<\/i>\u00a0em condi\u00e7\u00f5es de alta umidade<\/span><\/li>\n<li><span style=\"font-family: Verdana\">Lubrifica\u00e7\u00e3o e prote\u00e7\u00e3o &#8211; permite que cada troca de marcha seja mais suave, gra\u00e7as \u00e0 sua composi\u00e7\u00e3o em \u00f3leos vegetais que minimizam os atritos entre as pe\u00e7as<\/span><\/li>\n<li><span style=\"font-family: Verdana\"><i>Extreme Pressure Additives\u00ae<\/i>\u00a0&#8211; cria uma pel\u00edcula entre os elos da\u00a0corrente, que minimizam a chance de ac\u00famulo de sujeira e entrada de \u00e1gua<\/span><\/li>\n<li><span style=\"font-family: Verdana\">Propriedades repelentes \u00e0 \u00e1gua &#8211; ideal para o uso em condi\u00e7\u00f5es de umidade extrema, protegendo contra corros\u00f5es e oxida\u00e7\u00f5es<\/span><\/li>\n<li><span style=\"font-family: Verdana\">Ideal para\u00a0<i>Mountain bike<\/i>, ciclismo de estrada e\u00a0<i>cyclocross<\/i>\u00a0&#8211; protege contra a umidade\u00a0<\/span><\/li>\n<li><span style=\"font-family: Verdana\">Biodegrad\u00e1vel &#8211; componentes e embalagem que n\u00e3o agridem o ambiente<\/span><\/li>\n<li><span style=\"font-family: Verdana\">Aplicador\u00a0<i>Pipette\u00ae<\/i>\u00a0&#8211; maior precis\u00e3o na aplica\u00e7\u00e3o e menos desperd\u00edcio<\/span><\/li>\n<li><span style=\"font-family: Verdana\">Vers\u00e1til &#8211; pode ser aplicado na corrente,\u00a0<a href=\"https:\/\/www.mxbikes.com.br\/cambios\" target=\"_blank\" rel=\"noopener\">c\u00e2mbios<\/a>, cabos\u00a0e\u00a0<a href=\"https:\/\/www.mxbikes.com.br\/pecas-para-bike\/passador-marcha\" target=\"_blank\" rel=\"noopener\">trocadores<\/a><\/span><\/li>\n<\/ul>\n","protected":false},"featured_media":1194,"comment_status":"open","ping_status":"closed","template":"","meta":[],"product_cat":[16,51],"product_tag":[],"_links":{"self":[{"href":"https:\/\/regisbike.com.br\/index.php?rest_route=\/wp\/v2\/product\/1193"}],"collection":[{"href":"https:\/\/regisbike.com.br\/index.php?rest_route=\/wp\/v2\/product"}],"about":[{"href":"https:\/\/regisbike.com.br\/index.php?rest_route=\/wp\/v2\/types\/product"}],"replies":[{"embeddable":true,"href":"https:\/\/regisbike.com.br\/index.php?rest_route=%2Fwp%2Fv2%2Fcomments&post=1193"}],"wp:featuredmedia":[{"embeddable":true,"href":"https:\/\/regisbike.com.br\/index.php?rest_route=\/wp\/v2\/media\/1194"}],"wp:attachment":[{"href":"https:\/\/regisbike.com.br\/index.php?rest_route=%2Fwp%2Fv2%2Fmedia&parent=1193"}],"wp:term":[{"taxonomy":"product_cat","embeddable":true,"href":"https:\/\/regisbike.com.br\/index.php?rest_route=%2Fwp%2Fv2%2Fproduct_cat&post=1193"},{"taxonomy":"product_tag","embeddable":true,"href":"https:\/\/regisbike.com.br\/index.php?rest_route=%2Fwp%2Fv2%2Fproduct_tag&post=1193"}],"curies":[{"name":"wp","href":"https:\/\/api.w.org\/{rel}","templated":true}]}}