{"id":1198,"date":"2021-07-30T14:51:26","date_gmt":"2021-07-30T17:51:26","guid":{"rendered":"http:\/\/regisbike.com.br\/?post_type=product&#038;p=1198"},"modified":"2022-01-05T14:40:06","modified_gmt":"2022-01-05T17:40:06","slug":"lubrificante-muc-off-c3-ceramic-seco-50ml","status":"publish","type":"product","link":"https:\/\/regisbike.com.br\/?product=lubrificante-muc-off-c3-ceramic-seco-50ml","title":{"rendered":"LUBRIFICANTE MUC-OFF C3 CERAMIC (SECO) 50ml"},"content":{"rendered":"<p>O Muc-Off C3 Ceramic se destaca quando se trata de fornecer a lubrifica\u00e7\u00e3o definitiva. Oferece prote\u00e7\u00e3o total contra corros\u00e3o e desempenho incompar\u00e1vel em condi\u00e7\u00f5es seca, empoeirada e moderadamente \u00famida. Com part\u00edculas nano-cer\u00e2micas adicionadas e pol\u00edmeros sint\u00e9ticos, o C3 Ceramic Dry maximiza sua pot\u00eancia, reduzindo o contato de metal com metal a um n\u00edvel muito baixo, inovador e fornece at\u00e9 10 vezes o desempenho dos \u00f3leos e lubrificantes de correntes convencionais.<br \/>\nDe fato, os criadores garantiram que o C3 Ceramic Dry seja seguro, criando uma f\u00f3rmula biodegrad\u00e1vel e isenta de petr\u00f3leo, garantido que n\u00e3o exista danos ao ciclista e ao meio ambiente.<\/p>\n","protected":false},"excerpt":{"rendered":"<p>Cont\u00e9m 50ml;<\/p>\n<p>Cria um revestimento cer\u00e2mico para prote\u00e7\u00e3o da corrente;<\/p>\n<p>Composi\u00e7\u00e3o com pol\u00edmeros sint\u00e9ticos garantem excelente desempenho mesmo em longas dist\u00e2ncias;<\/p>\n<p>Alta durabilidade;<\/p>\n<p>Garante mudan\u00e7as de marcha suaves e eficiente;<\/p>\n<p>Reduz o atrito entre as partes;<\/p>\n<p>Excelente em condi\u00e7\u00f5es de condu\u00e7\u00e3o seca, empoeirada e moderadamente \u00famida;<\/p>\n<p>F\u00f3rmula isenta de petr\u00f3leo;<\/p>\n<p>100% biodegrad\u00e1vel;<\/p>\n<p>Bico projetado para f\u00e1cil aplica\u00e7\u00e3o;<\/p>\n<p>Ideal para Mtb, Road e Ciclocross;<\/p>\n<p>Acompanha luz UV para verificar a lubrifica\u00e7\u00e3o.<\/p>\n<p><strong>Peso:<\/strong><\/p>\n<p>0,08 kg<\/p>\n","protected":false},"featured_media":1199,"comment_status":"open","ping_status":"closed","template":"","meta":[],"product_cat":[16,51],"product_tag":[],"_links":{"self":[{"href":"https:\/\/regisbike.com.br\/index.php?rest_route=\/wp\/v2\/product\/1198"}],"collection":[{"href":"https:\/\/regisbike.com.br\/index.php?rest_route=\/wp\/v2\/product"}],"about":[{"href":"https:\/\/regisbike.com.br\/index.php?rest_route=\/wp\/v2\/types\/product"}],"replies":[{"embeddable":true,"href":"https:\/\/regisbike.com.br\/index.php?rest_route=%2Fwp%2Fv2%2Fcomments&post=1198"}],"wp:featuredmedia":[{"embeddable":true,"href":"https:\/\/regisbike.com.br\/index.php?rest_route=\/wp\/v2\/media\/1199"}],"wp:attachment":[{"href":"https:\/\/regisbike.com.br\/index.php?rest_route=%2Fwp%2Fv2%2Fmedia&parent=1198"}],"wp:term":[{"taxonomy":"product_cat","embeddable":true,"href":"https:\/\/regisbike.com.br\/index.php?rest_route=%2Fwp%2Fv2%2Fproduct_cat&post=1198"},{"taxonomy":"product_tag","embeddable":true,"href":"https:\/\/regisbike.com.br\/index.php?rest_route=%2Fwp%2Fv2%2Fproduct_tag&post=1198"}],"curies":[{"name":"wp","href":"https:\/\/api.w.org\/{rel}","templated":true}]}}