{"id":1214,"date":"2021-07-30T15:23:47","date_gmt":"2021-07-30T18:23:47","guid":{"rendered":"http:\/\/regisbike.com.br\/?post_type=product&#038;p=1214"},"modified":"2022-02-04T16:53:40","modified_gmt":"2022-02-04T19:53:40","slug":"capacete-adulto-in-mold-rt-58-preto-branco-com-led","status":"publish","type":"product","link":"https:\/\/regisbike.com.br\/?product=capacete-adulto-in-mold-rt-58-preto-branco-com-led","title":{"rendered":"CAPACETE ADULTO IN-MOLD RT-58 | PRETO\/BRANCO"},"content":{"rendered":"<p style=\"text-align: center\"><strong>CAPACETE ADULTO IN-MOLD RT-58<\/strong><\/p>\n<p><strong>Especifica\u00e7\u00f5es:<\/strong> Material: PC+EPS (In-mold);<\/p>\n<p><strong>Peso:<\/strong> 200g ;<\/p>\n<p><strong>Tamanho \u00danico (54-61 cm);<\/strong><\/p>\n<p><strong>Sistema de ventila\u00e7\u00e3o com 18 aberturas;<\/strong><\/p>\n<p><strong>Possui led traseiro;<\/strong><\/p>\n<p><strong>Possui micro fivela de libera\u00e7\u00e3o;<\/strong><\/p>\n<p><strong>Possui Sistema de Ajuste de tamanho;<\/strong><\/p>\n<p>&nbsp;<\/p>\n<p><strong>*consulte as cores dispon\u00edveis<\/strong><\/p>\n","protected":false},"excerpt":{"rendered":"<p>CAPACETE ADULTO IN-MOLD RT-58 Especifica\u00e7\u00f5es: Material: PC+EPS (In-mold); Peso: 200g ; Tamanho \u00danico (54-61 cm); Sistema de ventila\u00e7\u00e3o com 18 aberturas; Possui led traseiro; Possui micro fivela de libera\u00e7\u00e3o; Possui Sistema de Ajuste de tamanho; &nbsp; *consulte as cores dispon\u00edveis<\/p>\n","protected":false},"featured_media":1215,"comment_status":"open","ping_status":"closed","template":"","meta":[],"product_cat":[64,68],"product_tag":[],"_links":{"self":[{"href":"https:\/\/regisbike.com.br\/index.php?rest_route=\/wp\/v2\/product\/1214"}],"collection":[{"href":"https:\/\/regisbike.com.br\/index.php?rest_route=\/wp\/v2\/product"}],"about":[{"href":"https:\/\/regisbike.com.br\/index.php?rest_route=\/wp\/v2\/types\/product"}],"replies":[{"embeddable":true,"href":"https:\/\/regisbike.com.br\/index.php?rest_route=%2Fwp%2Fv2%2Fcomments&post=1214"}],"wp:featuredmedia":[{"embeddable":true,"href":"https:\/\/regisbike.com.br\/index.php?rest_route=\/wp\/v2\/media\/1215"}],"wp:attachment":[{"href":"https:\/\/regisbike.com.br\/index.php?rest_route=%2Fwp%2Fv2%2Fmedia&parent=1214"}],"wp:term":[{"taxonomy":"product_cat","embeddable":true,"href":"https:\/\/regisbike.com.br\/index.php?rest_route=%2Fwp%2Fv2%2Fproduct_cat&post=1214"},{"taxonomy":"product_tag","embeddable":true,"href":"https:\/\/regisbike.com.br\/index.php?rest_route=%2Fwp%2Fv2%2Fproduct_tag&post=1214"}],"curies":[{"name":"wp","href":"https:\/\/api.w.org\/{rel}","templated":true}]}}