{"id":1342,"date":"2021-08-31T11:30:33","date_gmt":"2021-08-31T14:30:33","guid":{"rendered":"http:\/\/regisbike.com.br\/?post_type=product&#038;p=1342"},"modified":"2022-02-04T15:36:16","modified_gmt":"2022-02-04T18:36:16","slug":"corrente-cly-grossa-1-2x1-8-114l","status":"publish","type":"product","link":"https:\/\/regisbike.com.br\/?product=corrente-cly-grossa-1-2x1-8-114l","title":{"rendered":"CORRENTE CLY GROSSA 1\/2X1\/8 114L"},"content":{"rendered":"<p style=\"text-align: center\"><strong>CORRENTE CLY GROSSA 1\/2X1\/8 114L<\/strong><\/p>\n<p><strong>Marca:<\/strong> CLY COMPONENTS;<\/p>\n<p><strong>Modelo:<\/strong> CORRENTE CLY GROSSA 1\/2X1\/8 114L;<\/p>\n<p><strong>Cor:<\/strong> MARROM;<\/p>\n<p><strong>Material:<\/strong> A\u00c7O;<\/p>\n<p><strong>Dimens\u00f5es AxLxP:<\/strong> 1\/2X1\/8;<\/p>\n<p><strong>Unidade:<\/strong> P\u00c7;<\/p>\n<p><strong>Peso Liq.:<\/strong> 345g;<\/p>\n<p><strong>Garantia:<\/strong> CONTRA DEFEITO DE FABRICA\u00c7\u00c3O;<\/p>\n","protected":false},"excerpt":{"rendered":"<p>CORRENTE CLY GROSSA 1\/2X1\/8 114L Marca: CLY COMPONENTS; Modelo: CORRENTE CLY GROSSA 1\/2X1\/8 114L; Cor: MARROM; Material: A\u00c7O; Dimens\u00f5es AxLxP: 1\/2X1\/8; Unidade: P\u00c7; Peso Liq.: 345g; Garantia: CONTRA DEFEITO DE FABRICA\u00c7\u00c3O;<\/p>\n","protected":false},"featured_media":1343,"comment_status":"open","ping_status":"closed","template":"","meta":[],"product_cat":[17,18],"product_tag":[],"_links":{"self":[{"href":"https:\/\/regisbike.com.br\/index.php?rest_route=\/wp\/v2\/product\/1342"}],"collection":[{"href":"https:\/\/regisbike.com.br\/index.php?rest_route=\/wp\/v2\/product"}],"about":[{"href":"https:\/\/regisbike.com.br\/index.php?rest_route=\/wp\/v2\/types\/product"}],"replies":[{"embeddable":true,"href":"https:\/\/regisbike.com.br\/index.php?rest_route=%2Fwp%2Fv2%2Fcomments&post=1342"}],"wp:featuredmedia":[{"embeddable":true,"href":"https:\/\/regisbike.com.br\/index.php?rest_route=\/wp\/v2\/media\/1343"}],"wp:attachment":[{"href":"https:\/\/regisbike.com.br\/index.php?rest_route=%2Fwp%2Fv2%2Fmedia&parent=1342"}],"wp:term":[{"taxonomy":"product_cat","embeddable":true,"href":"https:\/\/regisbike.com.br\/index.php?rest_route=%2Fwp%2Fv2%2Fproduct_cat&post=1342"},{"taxonomy":"product_tag","embeddable":true,"href":"https:\/\/regisbike.com.br\/index.php?rest_route=%2Fwp%2Fv2%2Fproduct_tag&post=1342"}],"curies":[{"name":"wp","href":"https:\/\/api.w.org\/{rel}","templated":true}]}}