{"id":1443,"date":"2021-12-17T05:46:31","date_gmt":"2021-12-17T08:46:31","guid":{"rendered":"https:\/\/regisbike.com.br\/?post_type=product&#038;p=1443"},"modified":"2022-11-03T16:59:38","modified_gmt":"2022-11-03T19:59:38","slug":"1443","status":"publish","type":"product","link":"https:\/\/regisbike.com.br\/?product=1443","title":{"rendered":"CAPACETE ADULTO IN-MOLD RT-58| PRETO\/AMARELO"},"content":{"rendered":"<p style=\"text-align: center\"><strong>CAPACETE ADULTO IN-MOLD RT-58 PRETO\/AMARELO<\/strong><\/p>\n<p><strong>Caracteristicas:<\/strong><\/p>\n<p><strong>-Ajustes precisos com sistema traseiro em disco para regulagem do cage interno e micro fivelas, personalizam os ajustes para o m\u00e1ximo em conforto e seguran\u00e7a;<\/strong><\/p>\n<p><strong>&#8211; Pala remov\u00edvel maior capacidade de personaliza\u00e7\u00e3o para o uso em diferentes modalidades ou necessidades de acordo com o clima;<\/strong><\/p>\n<p><strong>&#8211; Tamanho \u00fanico com capacidade de regulagem e praticidade na hora da escolha;<\/strong><\/p>\n<p><strong>&#8211; Led traseiro &#8211; no disco de ajuste, ajuda na visibilidade em ambientes de menor luminosidade;<\/strong><\/p>\n<p><strong>&#8211; Tela anti insetos ajudando no conforto durante qualquer tipo de treino ou passeio.<\/strong><\/p>\n<p>&nbsp;<\/p>\n","protected":false},"excerpt":{"rendered":"<p><strong>Para quem busca um equipamento com bom custo benef\u00edcio para come\u00e7ar suas pedalas da maneira mais segura o Capacete Rontek\u00a0 \u00e9 uma \u00f3tima op\u00e7\u00e3o. Com acabamento interno de boa qualidade com fabrica\u00e7\u00e3o in-mold usando como materiais principais o pvc, trazendo leveza e boa resist\u00eancia contra variados tipos de impactos.<\/strong><\/p>\n","protected":false},"featured_media":1446,"comment_status":"open","ping_status":"closed","template":"","meta":[],"product_cat":[68],"product_tag":[],"_links":{"self":[{"href":"https:\/\/regisbike.com.br\/index.php?rest_route=\/wp\/v2\/product\/1443"}],"collection":[{"href":"https:\/\/regisbike.com.br\/index.php?rest_route=\/wp\/v2\/product"}],"about":[{"href":"https:\/\/regisbike.com.br\/index.php?rest_route=\/wp\/v2\/types\/product"}],"replies":[{"embeddable":true,"href":"https:\/\/regisbike.com.br\/index.php?rest_route=%2Fwp%2Fv2%2Fcomments&post=1443"}],"wp:featuredmedia":[{"embeddable":true,"href":"https:\/\/regisbike.com.br\/index.php?rest_route=\/wp\/v2\/media\/1446"}],"wp:attachment":[{"href":"https:\/\/regisbike.com.br\/index.php?rest_route=%2Fwp%2Fv2%2Fmedia&parent=1443"}],"wp:term":[{"taxonomy":"product_cat","embeddable":true,"href":"https:\/\/regisbike.com.br\/index.php?rest_route=%2Fwp%2Fv2%2Fproduct_cat&post=1443"},{"taxonomy":"product_tag","embeddable":true,"href":"https:\/\/regisbike.com.br\/index.php?rest_route=%2Fwp%2Fv2%2Fproduct_tag&post=1443"}],"curies":[{"name":"wp","href":"https:\/\/api.w.org\/{rel}","templated":true}]}}