{"id":1466,"date":"2021-12-29T10:58:53","date_gmt":"2021-12-29T13:58:53","guid":{"rendered":"https:\/\/regisbike.com.br\/?post_type=product&#038;p=1466"},"modified":"2024-12-23T10:41:33","modified_gmt":"2024-12-23T13:41:33","slug":"bike-rharu-kat-aro-16","status":"publish","type":"product","link":"https:\/\/regisbike.com.br\/?product=bike-rharu-kat-aro-16","title":{"rendered":"BICICLETA RHARU ARO 16 KAT"},"content":{"rendered":"<p style=\"text-align: center\"><strong>Bicicleta aro 16 kat<\/strong><\/p>\n<p><strong>Quadro: <\/strong>A\u00e7o Carbono;<br \/>\n<strong>Movimento de Dire\u00e7\u00e3o: <\/strong>Stander;<br \/>\n<strong>Freios:<\/strong> V-Brake Nylon;<br \/>\n<strong>Aros: <\/strong>Alum\u00ednio 16\u00d71.75;<br \/>\n<strong>Pedivela:<\/strong> Monobloco 115;<br \/>\n<strong>Guid\u00e3o: <\/strong>Conjugado de A\u00e7o;<br \/>\n<strong>Pedal: <\/strong>Nylon Mtb \u00bd;<br \/>\n<strong>Selim: <\/strong>Mirim Cartoon;<br \/>\n<strong>Pneu:\u00a0<\/strong>16\u00d71.75;<br \/>\n<strong>Acess\u00f3rios: <\/strong>Roda Lateral + Cesta.<\/p>\n","protected":false},"excerpt":{"rendered":"<p>Bicicleta aro 16 kat Quadro: A\u00e7o Carbono; Movimento de Dire\u00e7\u00e3o: Stander; Freios: V-Brake Nylon; Aros: Alum\u00ednio 16\u00d71.75; Pedivela: Monobloco 115; Guid\u00e3o: Conjugado de A\u00e7o; Pedal: Nylon Mtb \u00bd; Selim: Mirim Cartoon; Pneu:\u00a016\u00d71.75; Acess\u00f3rios: Roda Lateral + Cesta.<\/p>\n","protected":false},"featured_media":1467,"comment_status":"open","ping_status":"closed","template":"","meta":[],"product_cat":[58,60],"product_tag":[],"_links":{"self":[{"href":"https:\/\/regisbike.com.br\/index.php?rest_route=\/wp\/v2\/product\/1466"}],"collection":[{"href":"https:\/\/regisbike.com.br\/index.php?rest_route=\/wp\/v2\/product"}],"about":[{"href":"https:\/\/regisbike.com.br\/index.php?rest_route=\/wp\/v2\/types\/product"}],"replies":[{"embeddable":true,"href":"https:\/\/regisbike.com.br\/index.php?rest_route=%2Fwp%2Fv2%2Fcomments&post=1466"}],"wp:featuredmedia":[{"embeddable":true,"href":"https:\/\/regisbike.com.br\/index.php?rest_route=\/wp\/v2\/media\/1467"}],"wp:attachment":[{"href":"https:\/\/regisbike.com.br\/index.php?rest_route=%2Fwp%2Fv2%2Fmedia&parent=1466"}],"wp:term":[{"taxonomy":"product_cat","embeddable":true,"href":"https:\/\/regisbike.com.br\/index.php?rest_route=%2Fwp%2Fv2%2Fproduct_cat&post=1466"},{"taxonomy":"product_tag","embeddable":true,"href":"https:\/\/regisbike.com.br\/index.php?rest_route=%2Fwp%2Fv2%2Fproduct_tag&post=1466"}],"curies":[{"name":"wp","href":"https:\/\/api.w.org\/{rel}","templated":true}]}}