{"id":1474,"date":"2021-12-29T11:36:31","date_gmt":"2021-12-29T14:36:31","guid":{"rendered":"https:\/\/regisbike.com.br\/?post_type=product&#038;p=1474"},"modified":"2024-12-23T10:40:18","modified_gmt":"2024-12-23T13:40:18","slug":"bicicleta-aro-24-azul-combate","status":"publish","type":"product","link":"https:\/\/regisbike.com.br\/?product=bicicleta-aro-24-azul-combate","title":{"rendered":"BICICLETA ARO 24 AZUL COMBATE"},"content":{"rendered":"<p style=\"text-align: center\"><strong>Bicicleta aro 24 azul combate\u00a0<\/strong><\/p>\n<p><strong>Quadro: <\/strong>A\u00e7o Carbono;<\/p>\n<p><strong>Movimento de Dire\u00e7\u00e3o<\/strong>: Stander;<\/p>\n<p><strong>Freios: <\/strong>V-Brake Nylon;<\/p>\n<p><strong>Aros: <\/strong>Aero 24&#215;1.9;<\/p>\n<p><strong>Pedivela:<\/strong> Monobloco 165;<\/p>\n<p><strong>Guid\u00e3o: <\/strong>Curvo A\u00e7o + Suporte;<\/p>\n<p><strong>Pedal:<\/strong> Nylon Mtb \u00bd;<\/p>\n<p><strong>Selim: <\/strong>Mtb Kalf;<\/p>\n<p><strong>Pneu: <\/strong>24&#215;1.95;<\/p>\n<p><strong>Kit C\u00e2mbio 18 Velocidades.<\/strong><\/p>\n","protected":false},"excerpt":{"rendered":"<p>Bicicleta aro 24 azul combate\u00a0 Quadro: A\u00e7o Carbono; Movimento de Dire\u00e7\u00e3o: Stander; Freios: V-Brake Nylon; Aros: Aero 24&#215;1.9; Pedivela: Monobloco 165; Guid\u00e3o: Curvo A\u00e7o + Suporte; Pedal: Nylon Mtb \u00bd; Selim: Mtb Kalf; Pneu: 24&#215;1.95; Kit C\u00e2mbio 18 Velocidades.<\/p>\n","protected":false},"featured_media":1475,"comment_status":"open","ping_status":"closed","template":"","meta":[],"product_cat":[58,60],"product_tag":[],"_links":{"self":[{"href":"https:\/\/regisbike.com.br\/index.php?rest_route=\/wp\/v2\/product\/1474"}],"collection":[{"href":"https:\/\/regisbike.com.br\/index.php?rest_route=\/wp\/v2\/product"}],"about":[{"href":"https:\/\/regisbike.com.br\/index.php?rest_route=\/wp\/v2\/types\/product"}],"replies":[{"embeddable":true,"href":"https:\/\/regisbike.com.br\/index.php?rest_route=%2Fwp%2Fv2%2Fcomments&post=1474"}],"wp:featuredmedia":[{"embeddable":true,"href":"https:\/\/regisbike.com.br\/index.php?rest_route=\/wp\/v2\/media\/1475"}],"wp:attachment":[{"href":"https:\/\/regisbike.com.br\/index.php?rest_route=%2Fwp%2Fv2%2Fmedia&parent=1474"}],"wp:term":[{"taxonomy":"product_cat","embeddable":true,"href":"https:\/\/regisbike.com.br\/index.php?rest_route=%2Fwp%2Fv2%2Fproduct_cat&post=1474"},{"taxonomy":"product_tag","embeddable":true,"href":"https:\/\/regisbike.com.br\/index.php?rest_route=%2Fwp%2Fv2%2Fproduct_tag&post=1474"}],"curies":[{"name":"wp","href":"https:\/\/api.w.org\/{rel}","templated":true}]}}