{"id":1476,"date":"2021-12-29T11:39:26","date_gmt":"2021-12-29T14:39:26","guid":{"rendered":"https:\/\/regisbike.com.br\/?post_type=product&#038;p=1476"},"modified":"2024-12-23T10:39:49","modified_gmt":"2024-12-23T13:39:49","slug":"bicicleta-aro-20-morcego","status":"publish","type":"product","link":"https:\/\/regisbike.com.br\/?product=bicicleta-aro-20-morcego","title":{"rendered":"BICICLETA ARO 20 MORCEGO"},"content":{"rendered":"<p style=\"text-align: center\"><strong>Bicicleta aro 200 morcego<\/strong><\/p>\n<p><strong>Quadro:\u00a0<\/strong>A\u00e7o carbono;<\/p>\n<p><strong>Movimento de Dire\u00e7\u00e3o: <\/strong>Stander;<\/p>\n<p><strong>Freios: <\/strong>V-Brake Nylon;<\/p>\n<p><strong>Aros: <\/strong>Alum\u00ednio 20&#215;1.75;<\/p>\n<p><strong>Pedivela: <\/strong>Monobloco 140;<\/p>\n<p><strong>Guid\u00e3o: <\/strong>Conjugado de A\u00e7o;<\/p>\n<p><strong>Pedal: <\/strong>Nylon Mtb \u00bd;<\/p>\n<p><strong>Selim: <\/strong>Mirim Cartoon;<\/p>\n<p><strong>Pneu: <\/strong>20&#215;1.75;<\/p>\n","protected":false},"excerpt":{"rendered":"<p>Bicicleta aro 200 morcego Quadro:\u00a0A\u00e7o carbono; Movimento de Dire\u00e7\u00e3o: Stander; Freios: V-Brake Nylon; Aros: Alum\u00ednio 20&#215;1.75; Pedivela: Monobloco 140; Guid\u00e3o: Conjugado de A\u00e7o; Pedal: Nylon Mtb \u00bd; Selim: Mirim Cartoon; Pneu: 20&#215;1.75;<\/p>\n","protected":false},"featured_media":1477,"comment_status":"open","ping_status":"closed","template":"","meta":[],"product_cat":[58,60],"product_tag":[],"_links":{"self":[{"href":"https:\/\/regisbike.com.br\/index.php?rest_route=\/wp\/v2\/product\/1476"}],"collection":[{"href":"https:\/\/regisbike.com.br\/index.php?rest_route=\/wp\/v2\/product"}],"about":[{"href":"https:\/\/regisbike.com.br\/index.php?rest_route=\/wp\/v2\/types\/product"}],"replies":[{"embeddable":true,"href":"https:\/\/regisbike.com.br\/index.php?rest_route=%2Fwp%2Fv2%2Fcomments&post=1476"}],"wp:featuredmedia":[{"embeddable":true,"href":"https:\/\/regisbike.com.br\/index.php?rest_route=\/wp\/v2\/media\/1477"}],"wp:attachment":[{"href":"https:\/\/regisbike.com.br\/index.php?rest_route=%2Fwp%2Fv2%2Fmedia&parent=1476"}],"wp:term":[{"taxonomy":"product_cat","embeddable":true,"href":"https:\/\/regisbike.com.br\/index.php?rest_route=%2Fwp%2Fv2%2Fproduct_cat&post=1476"},{"taxonomy":"product_tag","embeddable":true,"href":"https:\/\/regisbike.com.br\/index.php?rest_route=%2Fwp%2Fv2%2Fproduct_tag&post=1476"}],"curies":[{"name":"wp","href":"https:\/\/api.w.org\/{rel}","templated":true}]}}