{"id":1489,"date":"2021-12-29T13:14:30","date_gmt":"2021-12-29T16:14:30","guid":{"rendered":"https:\/\/regisbike.com.br\/?post_type=product&#038;p=1489"},"modified":"2024-12-23T09:18:24","modified_gmt":"2024-12-23T12:18:24","slug":"camara-aro-24-kenda","status":"publish","type":"product","link":"https:\/\/regisbike.com.br\/?product=camara-aro-24-kenda","title":{"rendered":"C\u00c2MARA ARO 24 KENDA"},"content":{"rendered":"<p style=\"text-align: center\"><strong>C\u00c2MARA ARO 24 KENDA<\/strong><\/p>\n<p><strong>Conte\u00fado da Embalagem: 1 C\u00e2mara de ar<\/strong><\/p>\n<p><strong>C\u00e2mara de Ar Kenda Aro 24\u00d71.75, com v\u00e1lvula do tipo Schrader.<\/strong><\/p>\n<p><strong>Confeccionada em borracha de \u00f3tima qualidade.<\/strong><\/p>\n<p><strong>Produto testado e aprovado, modelo b\u00e1sico e eficiente.<\/strong><\/p>\n<p><strong>Tipo de bico da c\u00e2mara de ar: Grosso.<\/strong><\/p>\n","protected":false},"excerpt":{"rendered":"<p><strong>Marca:<\/strong> Kenda;<\/p>\n<p><strong>Modelo:\u00a0<\/strong>Aro 24;<\/p>\n<p><strong>V\u00e1lvul:\u00a0<\/strong>Schrader.<\/p>\n","protected":false},"featured_media":1491,"comment_status":"open","ping_status":"closed","template":"","meta":[],"product_cat":[17,22],"product_tag":[],"_links":{"self":[{"href":"https:\/\/regisbike.com.br\/index.php?rest_route=\/wp\/v2\/product\/1489"}],"collection":[{"href":"https:\/\/regisbike.com.br\/index.php?rest_route=\/wp\/v2\/product"}],"about":[{"href":"https:\/\/regisbike.com.br\/index.php?rest_route=\/wp\/v2\/types\/product"}],"replies":[{"embeddable":true,"href":"https:\/\/regisbike.com.br\/index.php?rest_route=%2Fwp%2Fv2%2Fcomments&post=1489"}],"wp:featuredmedia":[{"embeddable":true,"href":"https:\/\/regisbike.com.br\/index.php?rest_route=\/wp\/v2\/media\/1491"}],"wp:attachment":[{"href":"https:\/\/regisbike.com.br\/index.php?rest_route=%2Fwp%2Fv2%2Fmedia&parent=1489"}],"wp:term":[{"taxonomy":"product_cat","embeddable":true,"href":"https:\/\/regisbike.com.br\/index.php?rest_route=%2Fwp%2Fv2%2Fproduct_cat&post=1489"},{"taxonomy":"product_tag","embeddable":true,"href":"https:\/\/regisbike.com.br\/index.php?rest_route=%2Fwp%2Fv2%2Fproduct_tag&post=1489"}],"curies":[{"name":"wp","href":"https:\/\/api.w.org\/{rel}","templated":true}]}}