{"id":1498,"date":"2021-12-29T13:37:11","date_gmt":"2021-12-29T16:37:11","guid":{"rendered":"https:\/\/regisbike.com.br\/?post_type=product&#038;p=1498"},"modified":"2024-12-23T09:32:07","modified_gmt":"2024-12-23T12:32:07","slug":"camara-kenda-700c-superlite","status":"publish","type":"product","link":"https:\/\/regisbike.com.br\/?product=camara-kenda-700c-superlite","title":{"rendered":"C\u00c2MARA KENDA 700C SUPERLITE"},"content":{"rendered":"<p style=\"text-align: center\"><strong>C\u00c2MARA KENDA 700C SUPERLITE<\/strong><\/p>\n<p><strong>As c\u00e2maras Super Lite da Kenda s\u00e3o uma \u00f3tima op\u00e7\u00e3o para tirar peso da bicicleta sem gastar muito. As c\u00e2maras tradicionais tem paredes de 1mm de espessura, enquanto as Super Lite tem 0,73mm. Elas s\u00e3o 30% mais leves que as tradicionais. As c\u00e2maras Super Lite da Kenda s\u00e3o uma \u00f3tima op\u00e7\u00e3o para tirar peso da bicicleta sem gastar muito. As c\u00e2maras tradicionais tem paredes de 1mm de espessura, enquanto as Super Lite tem 0,73mm. Elas s\u00e3o 30% mais leves que as tradicionais.<\/strong><\/p>\n","protected":false},"excerpt":{"rendered":"<ul>\n<li><strong>Tipo de Terreno:<\/strong> Todos;<\/li>\n<li><strong>Material:<\/strong> Borracha Butyl;<\/li>\n<li><strong>Medida:<\/strong> 700 X 18 \/ 23c \/ 20c \/ 28\/32c \/ 35\/43c;<\/li>\n<li><strong>V\u00e1lvula:<\/strong> 48mm Presta (Fina);<\/li>\n<li><strong>Modalidade:<\/strong> Todas.<\/li>\n<\/ul>\n","protected":false},"featured_media":1499,"comment_status":"open","ping_status":"closed","template":"","meta":[],"product_cat":[17,22],"product_tag":[],"_links":{"self":[{"href":"https:\/\/regisbike.com.br\/index.php?rest_route=\/wp\/v2\/product\/1498"}],"collection":[{"href":"https:\/\/regisbike.com.br\/index.php?rest_route=\/wp\/v2\/product"}],"about":[{"href":"https:\/\/regisbike.com.br\/index.php?rest_route=\/wp\/v2\/types\/product"}],"replies":[{"embeddable":true,"href":"https:\/\/regisbike.com.br\/index.php?rest_route=%2Fwp%2Fv2%2Fcomments&post=1498"}],"wp:featuredmedia":[{"embeddable":true,"href":"https:\/\/regisbike.com.br\/index.php?rest_route=\/wp\/v2\/media\/1499"}],"wp:attachment":[{"href":"https:\/\/regisbike.com.br\/index.php?rest_route=%2Fwp%2Fv2%2Fmedia&parent=1498"}],"wp:term":[{"taxonomy":"product_cat","embeddable":true,"href":"https:\/\/regisbike.com.br\/index.php?rest_route=%2Fwp%2Fv2%2Fproduct_cat&post=1498"},{"taxonomy":"product_tag","embeddable":true,"href":"https:\/\/regisbike.com.br\/index.php?rest_route=%2Fwp%2Fv2%2Fproduct_tag&post=1498"}],"curies":[{"name":"wp","href":"https:\/\/api.w.org\/{rel}","templated":true}]}}