{"id":1500,"date":"2021-12-29T13:52:11","date_gmt":"2021-12-29T16:52:11","guid":{"rendered":"https:\/\/regisbike.com.br\/?post_type=product&#038;p=1500"},"modified":"2022-02-04T15:09:52","modified_gmt":"2022-02-04T18:09:52","slug":"camara-aro-29-pirelli","status":"publish","type":"product","link":"https:\/\/regisbike.com.br\/?product=camara-aro-29-pirelli","title":{"rendered":"C\u00c2MARA ARO 29 PIRELLI"},"content":{"rendered":"<p style=\"text-align: center\"><strong>C\u00c2MARA ARO 29 PIRELLI V\u00c1LVULA PRESTA<\/strong><\/p>\n<p>A c\u00e2mara pirelli \u00e9 produzida seguindo os mais altos padr\u00f5es de qualidade<\/p>\n<p>fabricada seguindo os padr\u00f5es ABNT e InMetro.<\/p>\n","protected":false},"excerpt":{"rendered":"<p><strong>Compat\u00edvel com:\u00a0<\/strong>29&#215;1.5\/2.35;<\/p>\n<p><strong>V\u00e0lvula:\u00a0<\/strong>Presta 48mm;<\/p>\n<p><strong>Marca:\u00a0<\/strong>Pirelli.<\/p>\n","protected":false},"featured_media":1502,"comment_status":"open","ping_status":"closed","template":"","meta":[],"product_cat":[17,22],"product_tag":[],"_links":{"self":[{"href":"https:\/\/regisbike.com.br\/index.php?rest_route=\/wp\/v2\/product\/1500"}],"collection":[{"href":"https:\/\/regisbike.com.br\/index.php?rest_route=\/wp\/v2\/product"}],"about":[{"href":"https:\/\/regisbike.com.br\/index.php?rest_route=\/wp\/v2\/types\/product"}],"replies":[{"embeddable":true,"href":"https:\/\/regisbike.com.br\/index.php?rest_route=%2Fwp%2Fv2%2Fcomments&post=1500"}],"wp:featuredmedia":[{"embeddable":true,"href":"https:\/\/regisbike.com.br\/index.php?rest_route=\/wp\/v2\/media\/1502"}],"wp:attachment":[{"href":"https:\/\/regisbike.com.br\/index.php?rest_route=%2Fwp%2Fv2%2Fmedia&parent=1500"}],"wp:term":[{"taxonomy":"product_cat","embeddable":true,"href":"https:\/\/regisbike.com.br\/index.php?rest_route=%2Fwp%2Fv2%2Fproduct_cat&post=1500"},{"taxonomy":"product_tag","embeddable":true,"href":"https:\/\/regisbike.com.br\/index.php?rest_route=%2Fwp%2Fv2%2Fproduct_tag&post=1500"}],"curies":[{"name":"wp","href":"https:\/\/api.w.org\/{rel}","templated":true}]}}