{"id":1507,"date":"2021-12-29T14:59:59","date_gmt":"2021-12-29T17:59:59","guid":{"rendered":"https:\/\/regisbike.com.br\/?product=suporte-de-caramanhola-trp"},"modified":"2022-12-07T11:42:15","modified_gmt":"2022-12-07T14:42:15","slug":"suporte-de-caramanhola-trp","status":"publish","type":"product","link":"https:\/\/regisbike.com.br\/?product=suporte-de-caramanhola-trp","title":{"rendered":"SUPORTE DE CARAMANHOLA TRP BRANCO"},"content":{"rendered":"<div class=\"col span_17 texto\">\n<p><strong>Especifica\u00e7\u00f5es:<\/strong><\/p>\n<p>Composi\u00e7\u00e3o &#8211; Termopl\u00e1stico;<\/p>\n<p>Extremamente leve e resistente;<\/p>\n<p>Remo\u00e7\u00e3o e inser\u00e7\u00e3o mais facilmente da caramanhola pela direita;<\/p>\n<p>Simples e r\u00e1pida inser\u00e7\u00e3o ou remo\u00e7\u00e3o da caramanhola;<\/p>\n<p>Design que envolve a caramanhola mais para cima para melhorar a reten\u00e7\u00e3o da garrafa, mesmo em condi\u00e7\u00f5es desafiadoras, como descidas em alta velocidade, terrenos acidentados ou trilhas fora da estrada;<\/p>\n<p>Acompanha parafusos para fixa\u00e7\u00e3o ao quadro;<\/p>\n<p>Peso &#8211; 35gr.<\/p>\n<p><strong>Peso:<\/strong><\/p>\n<p>0,04 kg<\/p>\n<\/div>\n","protected":false},"excerpt":{"rendered":"<p>O suporte de caramanhola Rontek foi desenvolvido em termopl\u00e1stico extremamente leve e resistente. Seu design aprimora o suporte do frasco com uma ader\u00eancia mais firme, mesmo em condi\u00e7\u00f5es extremas, bem como a inser\u00e7\u00e3o e a remo\u00e7\u00e3o de garrafas mais facilmente pela a lateral direita.<\/p>\n","protected":false},"featured_media":1508,"comment_status":"open","ping_status":"closed","template":"","meta":[],"product_cat":[16,55],"product_tag":[],"_links":{"self":[{"href":"https:\/\/regisbike.com.br\/index.php?rest_route=\/wp\/v2\/product\/1507"}],"collection":[{"href":"https:\/\/regisbike.com.br\/index.php?rest_route=\/wp\/v2\/product"}],"about":[{"href":"https:\/\/regisbike.com.br\/index.php?rest_route=\/wp\/v2\/types\/product"}],"replies":[{"embeddable":true,"href":"https:\/\/regisbike.com.br\/index.php?rest_route=%2Fwp%2Fv2%2Fcomments&post=1507"}],"wp:featuredmedia":[{"embeddable":true,"href":"https:\/\/regisbike.com.br\/index.php?rest_route=\/wp\/v2\/media\/1508"}],"wp:attachment":[{"href":"https:\/\/regisbike.com.br\/index.php?rest_route=%2Fwp%2Fv2%2Fmedia&parent=1507"}],"wp:term":[{"taxonomy":"product_cat","embeddable":true,"href":"https:\/\/regisbike.com.br\/index.php?rest_route=%2Fwp%2Fv2%2Fproduct_cat&post=1507"},{"taxonomy":"product_tag","embeddable":true,"href":"https:\/\/regisbike.com.br\/index.php?rest_route=%2Fwp%2Fv2%2Fproduct_tag&post=1507"}],"curies":[{"name":"wp","href":"https:\/\/api.w.org\/{rel}","templated":true}]}}