{"id":1518,"date":"2021-12-29T15:32:39","date_gmt":"2021-12-29T18:32:39","guid":{"rendered":"https:\/\/regisbike.com.br\/?post_type=product&#038;p=1518"},"modified":"2022-07-29T14:39:30","modified_gmt":"2022-07-29T17:39:30","slug":"cambio-shimano-altus-8v-rd-m310","status":"publish","type":"product","link":"https:\/\/regisbike.com.br\/?product=cambio-shimano-altus-8v-rd-m310","title":{"rendered":"C\u00c2MBIO SHIMANO ALTUS 8V RD-M310"},"content":{"rendered":"<p><strong>O Altus RD-M310L \u00e9 um c\u00e2mbio altamente dur\u00e1vel gra\u00e7as aos materiais empregados a ele pela renomada Shimano.<\/strong><br \/>\n<strong>Este c\u00e2mbio foi desenvolvido para um sistema de transmiss\u00e3o de 8 velocidades, oferecendo trocas de marchas suaves e precisas para bikes tanto de uso urbano quanto em Mtb, oferecendo uma excelente gama de marchas.<\/strong><\/p>\n","protected":false},"excerpt":{"rendered":"<p><strong>Material:<\/strong> A\u00e7o e Alum\u00ednio;<\/p>\n<p><strong>Cage curto;<\/strong><\/p>\n<p><strong>Roldana superior &#8211;\u00a0<\/strong>13 Dentes;<\/p>\n<p><strong>Roldana inferior &#8211;\u00a0<\/strong>15 Dentes;<\/p>\n<p><strong>Trocas de marchas suaves e precisas tanto em uso urbano quanto na pr\u00e1tica do Mountain Bike em trilhas mais desafiadoras<\/strong><\/p>\n<p><strong>Compat\u00edvel com cassetes de no m\u00ednimo 11 e no m\u00e1ximo 42 dentes;<\/strong><\/p>\n<p><strong>Compat\u00edvel com sistemas de transmiss\u00e3o de 2&#215;8 e 3&#215;8 velocidades;<\/strong><\/p>\n<p><strong>Peso:\u00a0<\/strong> 0,31 Kg.<\/p>\n","protected":false},"featured_media":1519,"comment_status":"open","ping_status":"closed","template":"","meta":[],"product_cat":[17,23],"product_tag":[],"_links":{"self":[{"href":"https:\/\/regisbike.com.br\/index.php?rest_route=\/wp\/v2\/product\/1518"}],"collection":[{"href":"https:\/\/regisbike.com.br\/index.php?rest_route=\/wp\/v2\/product"}],"about":[{"href":"https:\/\/regisbike.com.br\/index.php?rest_route=\/wp\/v2\/types\/product"}],"replies":[{"embeddable":true,"href":"https:\/\/regisbike.com.br\/index.php?rest_route=%2Fwp%2Fv2%2Fcomments&post=1518"}],"wp:featuredmedia":[{"embeddable":true,"href":"https:\/\/regisbike.com.br\/index.php?rest_route=\/wp\/v2\/media\/1519"}],"wp:attachment":[{"href":"https:\/\/regisbike.com.br\/index.php?rest_route=%2Fwp%2Fv2%2Fmedia&parent=1518"}],"wp:term":[{"taxonomy":"product_cat","embeddable":true,"href":"https:\/\/regisbike.com.br\/index.php?rest_route=%2Fwp%2Fv2%2Fproduct_cat&post=1518"},{"taxonomy":"product_tag","embeddable":true,"href":"https:\/\/regisbike.com.br\/index.php?rest_route=%2Fwp%2Fv2%2Fproduct_tag&post=1518"}],"curies":[{"name":"wp","href":"https:\/\/api.w.org\/{rel}","templated":true}]}}