{"id":1530,"date":"2021-12-29T16:09:21","date_gmt":"2021-12-29T19:09:21","guid":{"rendered":"https:\/\/regisbike.com.br\/?post_type=product&#038;p=1530"},"modified":"2022-08-01T11:07:49","modified_gmt":"2022-08-01T14:07:49","slug":"buzina-rontek-bsn-024-unicornio","status":"publish","type":"product","link":"https:\/\/regisbike.com.br\/?product=buzina-rontek-bsn-024-unicornio","title":{"rendered":"BUZINA RONTEK BSN-024 UNIC\u00d3RNIO"},"content":{"rendered":"<p>Especifica\u00e7\u00f5es:<\/p>\n<p>Constru\u00e7\u00e3o &#8211; pl\u00e1stico livre de BPA;<br \/>\nAbra\u00e7adeira em pl\u00e1stico;<br \/>\nProporciona seguran\u00e7a devido a buzina, indicando sua localiza\u00e7\u00e3o na via;<br \/>\nPintura e formato diferenciado, fornecendo maior estilo e garantindo a divers\u00e3o durante o pedal;<br \/>\nFixa\u00e7\u00e3o por abra\u00e7adeira com parafuso;<br \/>\nAcompanha parafuso para fixa\u00e7\u00e3o no guid\u00e3o.<\/p>\n<p>Peso aproximado: 58g<\/p>\n","protected":false},"excerpt":{"rendered":"<p>As Buzinas Rontek contam com variados formatos e estilos diferenciados, trazendo mais divers\u00e3o e estimulando a pr\u00e1tica de ciclismo nas crian\u00e7as.<br \/>\nItem essencial para uso urbano, trazendo seguran\u00e7a gra\u00e7as a buzina e anunciando sua localiza\u00e7\u00e3o na via.<\/p>\n","protected":false},"featured_media":1531,"comment_status":"open","ping_status":"closed","template":"","meta":[],"product_cat":[16],"product_tag":[],"_links":{"self":[{"href":"https:\/\/regisbike.com.br\/index.php?rest_route=\/wp\/v2\/product\/1530"}],"collection":[{"href":"https:\/\/regisbike.com.br\/index.php?rest_route=\/wp\/v2\/product"}],"about":[{"href":"https:\/\/regisbike.com.br\/index.php?rest_route=\/wp\/v2\/types\/product"}],"replies":[{"embeddable":true,"href":"https:\/\/regisbike.com.br\/index.php?rest_route=%2Fwp%2Fv2%2Fcomments&post=1530"}],"wp:featuredmedia":[{"embeddable":true,"href":"https:\/\/regisbike.com.br\/index.php?rest_route=\/wp\/v2\/media\/1531"}],"wp:attachment":[{"href":"https:\/\/regisbike.com.br\/index.php?rest_route=%2Fwp%2Fv2%2Fmedia&parent=1530"}],"wp:term":[{"taxonomy":"product_cat","embeddable":true,"href":"https:\/\/regisbike.com.br\/index.php?rest_route=%2Fwp%2Fv2%2Fproduct_cat&post=1530"},{"taxonomy":"product_tag","embeddable":true,"href":"https:\/\/regisbike.com.br\/index.php?rest_route=%2Fwp%2Fv2%2Fproduct_tag&post=1530"}],"curies":[{"name":"wp","href":"https:\/\/api.w.org\/{rel}","templated":true}]}}