{"id":1543,"date":"2021-12-30T09:35:15","date_gmt":"2021-12-30T12:35:15","guid":{"rendered":"https:\/\/regisbike.com.br\/?post_type=product&#038;p=1543"},"modified":"2022-02-04T15:00:15","modified_gmt":"2022-02-04T18:00:15","slug":"fita-de-guidao-rontek","status":"publish","type":"product","link":"https:\/\/regisbike.com.br\/?product=fita-de-guidao-rontek","title":{"rendered":"FITA DE GUID\u00c3O RONTEK"},"content":{"rendered":"<p>MAIOR ADER\u00caNCIA E CONFORTO A Fita de Guid\u00e3o RONTEK confere uma pegada segura e confort\u00e1vel que aumenta a confian\u00e7a no controle do guid\u00e3o. Otimize suas pedalada usando a Fita de Guid\u00e3o RONTEK.<\/p>\n","protected":false},"excerpt":{"rendered":"<p><strong>Fita de guid\u00e3o para bicicleta;<\/strong><\/p>\n<p><strong>Material:\u00a0<\/strong>Eva;<\/p>\n<p><strong>Medida:\u00a0<\/strong>3x200cm.<\/p>\n","protected":false},"featured_media":1544,"comment_status":"open","ping_status":"closed","template":"","meta":[],"product_cat":[17,26],"product_tag":[],"_links":{"self":[{"href":"https:\/\/regisbike.com.br\/index.php?rest_route=\/wp\/v2\/product\/1543"}],"collection":[{"href":"https:\/\/regisbike.com.br\/index.php?rest_route=\/wp\/v2\/product"}],"about":[{"href":"https:\/\/regisbike.com.br\/index.php?rest_route=\/wp\/v2\/types\/product"}],"replies":[{"embeddable":true,"href":"https:\/\/regisbike.com.br\/index.php?rest_route=%2Fwp%2Fv2%2Fcomments&post=1543"}],"wp:featuredmedia":[{"embeddable":true,"href":"https:\/\/regisbike.com.br\/index.php?rest_route=\/wp\/v2\/media\/1544"}],"wp:attachment":[{"href":"https:\/\/regisbike.com.br\/index.php?rest_route=%2Fwp%2Fv2%2Fmedia&parent=1543"}],"wp:term":[{"taxonomy":"product_cat","embeddable":true,"href":"https:\/\/regisbike.com.br\/index.php?rest_route=%2Fwp%2Fv2%2Fproduct_cat&post=1543"},{"taxonomy":"product_tag","embeddable":true,"href":"https:\/\/regisbike.com.br\/index.php?rest_route=%2Fwp%2Fv2%2Fproduct_tag&post=1543"}],"curies":[{"name":"wp","href":"https:\/\/api.w.org\/{rel}","templated":true}]}}