{"id":1574,"date":"2021-12-30T15:08:58","date_gmt":"2021-12-30T18:08:58","guid":{"rendered":"https:\/\/regisbike.com.br\/?post_type=product&#038;p=1574"},"modified":"2022-02-04T12:49:02","modified_gmt":"2022-02-04T15:49:02","slug":"manete-de-freio-v-brake-de-aluminio","status":"publish","type":"product","link":"https:\/\/regisbike.com.br\/?product=manete-de-freio-v-brake-de-aluminio","title":{"rendered":"MANETE DE FREIO V-BRAKE DE ALUM\u00cdNIO"},"content":{"rendered":"<p>Manete de Freio Logan, feito em alum\u00ednio para freio v-brake ou disco mec\u00e2nico. Manete para freios de excelente aceita\u00e7\u00e3o, desenvolvido em alum\u00ednio, nas cores preto e alum\u00ednio polido. Vem o par, lado esquerdo e direito.<\/p>\n","protected":false},"excerpt":{"rendered":"<p><strong>Marca:<\/strong> Logan;<\/p>\n<p><strong>Modelo:\u00a0<\/strong>Manete de freio de Alum\u00ednio;<\/p>\n<p><strong>Cont\u00e9m:\u00a0<\/strong>Lado direito e esquerdo (1 par);<\/p>\n<p><strong>Material:\u00a0<\/strong>Alum\u00ednio.<\/p>\n<p><strong>Peso:\u00a0<\/strong>167g<\/p>\n<p><strong>Cor:\u00a0<\/strong>Preto e Alum\u00ednio Polido<\/p>\n<p><strong>Compat\u00edvel:\u00a0<\/strong>Freios V-brake ou Disco Mec\u00e2nico<\/p>\n<p><strong>Medida do guid\u00e3o:\u00a0<\/strong>22,2mm<\/p>\n<p>&nbsp;<\/p>\n","protected":false},"featured_media":1575,"comment_status":"open","ping_status":"closed","template":"","meta":[],"product_cat":[117],"product_tag":[],"_links":{"self":[{"href":"https:\/\/regisbike.com.br\/index.php?rest_route=\/wp\/v2\/product\/1574"}],"collection":[{"href":"https:\/\/regisbike.com.br\/index.php?rest_route=\/wp\/v2\/product"}],"about":[{"href":"https:\/\/regisbike.com.br\/index.php?rest_route=\/wp\/v2\/types\/product"}],"replies":[{"embeddable":true,"href":"https:\/\/regisbike.com.br\/index.php?rest_route=%2Fwp%2Fv2%2Fcomments&post=1574"}],"wp:featuredmedia":[{"embeddable":true,"href":"https:\/\/regisbike.com.br\/index.php?rest_route=\/wp\/v2\/media\/1575"}],"wp:attachment":[{"href":"https:\/\/regisbike.com.br\/index.php?rest_route=%2Fwp%2Fv2%2Fmedia&parent=1574"}],"wp:term":[{"taxonomy":"product_cat","embeddable":true,"href":"https:\/\/regisbike.com.br\/index.php?rest_route=%2Fwp%2Fv2%2Fproduct_cat&post=1574"},{"taxonomy":"product_tag","embeddable":true,"href":"https:\/\/regisbike.com.br\/index.php?rest_route=%2Fwp%2Fv2%2Fproduct_tag&post=1574"}],"curies":[{"name":"wp","href":"https:\/\/api.w.org\/{rel}","templated":true}]}}