{"id":1616,"date":"2022-01-03T10:24:44","date_gmt":"2022-01-03T13:24:44","guid":{"rendered":"https:\/\/regisbike.com.br\/?post_type=product&#038;p=1616"},"modified":"2022-02-16T16:14:20","modified_gmt":"2022-02-16T19:14:20","slug":"pastilha-de-freio-bengal-organica","status":"publish","type":"product","link":"https:\/\/regisbike.com.br\/?product=pastilha-de-freio-bengal-organica","title":{"rendered":"PASTILHA DE FREIO BENGAL ORG\u00c2NICA"},"content":{"rendered":"<p>Pastilha de freio a disco da Bengal \u00e9 produzida por um composto de semi-metal\/org\u00e2nico (f\u00f3rmula \u00fanica que re\u00fane resinas org\u00e2nicas e limalha de metais macios) que garante opera\u00e7\u00f5es suaves de grande poder de frenagem em qualquer situa\u00e7\u00e3o clim\u00e1tica.<\/p>\n","protected":false},"excerpt":{"rendered":"<p><strong>Marca:\u00a0<\/strong>Bengal;<\/p>\n<p><strong>Modelo:\u00a0<\/strong>Bengal Deore XT BR-M755.<\/p>\n","protected":false},"featured_media":1617,"comment_status":"open","ping_status":"closed","template":"","meta":[],"product_cat":[17,27],"product_tag":[],"_links":{"self":[{"href":"https:\/\/regisbike.com.br\/index.php?rest_route=\/wp\/v2\/product\/1616"}],"collection":[{"href":"https:\/\/regisbike.com.br\/index.php?rest_route=\/wp\/v2\/product"}],"about":[{"href":"https:\/\/regisbike.com.br\/index.php?rest_route=\/wp\/v2\/types\/product"}],"replies":[{"embeddable":true,"href":"https:\/\/regisbike.com.br\/index.php?rest_route=%2Fwp%2Fv2%2Fcomments&post=1616"}],"wp:featuredmedia":[{"embeddable":true,"href":"https:\/\/regisbike.com.br\/index.php?rest_route=\/wp\/v2\/media\/1617"}],"wp:attachment":[{"href":"https:\/\/regisbike.com.br\/index.php?rest_route=%2Fwp%2Fv2%2Fmedia&parent=1616"}],"wp:term":[{"taxonomy":"product_cat","embeddable":true,"href":"https:\/\/regisbike.com.br\/index.php?rest_route=%2Fwp%2Fv2%2Fproduct_cat&post=1616"},{"taxonomy":"product_tag","embeddable":true,"href":"https:\/\/regisbike.com.br\/index.php?rest_route=%2Fwp%2Fv2%2Fproduct_tag&post=1616"}],"curies":[{"name":"wp","href":"https:\/\/api.w.org\/{rel}","templated":true}]}}