{"id":1619,"date":"2022-01-03T10:36:11","date_gmt":"2022-01-03T13:36:11","guid":{"rendered":"https:\/\/regisbike.com.br\/?post_type=product&#038;p=1619"},"modified":"2022-02-16T16:13:36","modified_gmt":"2022-02-16T19:13:36","slug":"pastilha-de-freio-avid-bb7-organica","status":"publish","type":"product","link":"https:\/\/regisbike.com.br\/?product=pastilha-de-freio-avid-bb7-organica","title":{"rendered":"PASTILHA DE FREIO AVID BB7 ORG\u00c2NICA"},"content":{"rendered":"<p>As pastilhas de freio BBB Avid Juicy 7 5 3 Met\u00e1lica s\u00e3o projetados para reduzir a compress\u00e3o, e nada contribui para isso mais do que as pastilhas de freio! S\u00e3o pastilhas met\u00e1licas, possuem boa durabilidade e suportam bem situa\u00e7\u00f5es de calor e frenagens pesadas.<\/p>\n","protected":false},"excerpt":{"rendered":"<p><strong>Marca:\u00a0<\/strong>Sram;<\/p>\n<p><strong>Modelo:\u00a0<\/strong>Avid Juicy 7 5 3 Ultimate;<\/p>\n<p><strong>Peso:\u00a0<\/strong>0,02g.<\/p>\n","protected":false},"featured_media":1620,"comment_status":"open","ping_status":"closed","template":"","meta":[],"product_cat":[17,27],"product_tag":[],"_links":{"self":[{"href":"https:\/\/regisbike.com.br\/index.php?rest_route=\/wp\/v2\/product\/1619"}],"collection":[{"href":"https:\/\/regisbike.com.br\/index.php?rest_route=\/wp\/v2\/product"}],"about":[{"href":"https:\/\/regisbike.com.br\/index.php?rest_route=\/wp\/v2\/types\/product"}],"replies":[{"embeddable":true,"href":"https:\/\/regisbike.com.br\/index.php?rest_route=%2Fwp%2Fv2%2Fcomments&post=1619"}],"wp:featuredmedia":[{"embeddable":true,"href":"https:\/\/regisbike.com.br\/index.php?rest_route=\/wp\/v2\/media\/1620"}],"wp:attachment":[{"href":"https:\/\/regisbike.com.br\/index.php?rest_route=%2Fwp%2Fv2%2Fmedia&parent=1619"}],"wp:term":[{"taxonomy":"product_cat","embeddable":true,"href":"https:\/\/regisbike.com.br\/index.php?rest_route=%2Fwp%2Fv2%2Fproduct_cat&post=1619"},{"taxonomy":"product_tag","embeddable":true,"href":"https:\/\/regisbike.com.br\/index.php?rest_route=%2Fwp%2Fv2%2Fproduct_tag&post=1619"}],"curies":[{"name":"wp","href":"https:\/\/api.w.org\/{rel}","templated":true}]}}