{"id":162,"date":"2020-05-16T18:14:22","date_gmt":"2020-05-16T21:14:22","guid":{"rendered":"https:\/\/regisbike.com.br\/?post_type=product&#038;p=162"},"modified":"2024-03-20T15:43:07","modified_gmt":"2024-03-20T18:43:07","slug":"cadeirinha-dianteira-bike-gh516","status":"publish","type":"product","link":"https:\/\/regisbike.com.br\/?product=cadeirinha-dianteira-bike-gh516","title":{"rendered":"CADEIRINHA TRASEIRA EPIC LINE BQ-5A"},"content":{"rendered":"<p>Cadeirinha Dianteira GH Bike GH-516, Cadeirinha para transportar crian\u00e7as na bicicleta, fixada no seat tube com suporte ajust\u00e1vel.<\/p>\n","protected":false},"excerpt":{"rendered":"<p>Nossa<strong> Cadeirinha Traseira Epic Line BQ-5A<\/strong>\u00a0\u00e9 extremamente confort\u00e1vel, com acento e encosto almofadado, ajuste de perna, cinto de seguran\u00e7a, e apoio para m\u00e3o, para que voc\u00ea leve seu filho em seguran\u00e7a para um passeio em fam\u00edlia<\/p>\n<p>*VER DISPONIBILDADE DE COR<\/p>\n","protected":false},"featured_media":1043,"comment_status":"open","ping_status":"closed","template":"","meta":[],"product_cat":[16,43],"product_tag":[],"_links":{"self":[{"href":"https:\/\/regisbike.com.br\/index.php?rest_route=\/wp\/v2\/product\/162"}],"collection":[{"href":"https:\/\/regisbike.com.br\/index.php?rest_route=\/wp\/v2\/product"}],"about":[{"href":"https:\/\/regisbike.com.br\/index.php?rest_route=\/wp\/v2\/types\/product"}],"replies":[{"embeddable":true,"href":"https:\/\/regisbike.com.br\/index.php?rest_route=%2Fwp%2Fv2%2Fcomments&post=162"}],"wp:featuredmedia":[{"embeddable":true,"href":"https:\/\/regisbike.com.br\/index.php?rest_route=\/wp\/v2\/media\/1043"}],"wp:attachment":[{"href":"https:\/\/regisbike.com.br\/index.php?rest_route=%2Fwp%2Fv2%2Fmedia&parent=162"}],"wp:term":[{"taxonomy":"product_cat","embeddable":true,"href":"https:\/\/regisbike.com.br\/index.php?rest_route=%2Fwp%2Fv2%2Fproduct_cat&post=162"},{"taxonomy":"product_tag","embeddable":true,"href":"https:\/\/regisbike.com.br\/index.php?rest_route=%2Fwp%2Fv2%2Fproduct_tag&post=162"}],"curies":[{"name":"wp","href":"https:\/\/api.w.org\/{rel}","templated":true}]}}