{"id":1636,"date":"2022-01-03T11:30:04","date_gmt":"2022-01-03T14:30:04","guid":{"rendered":"https:\/\/regisbike.com.br\/?post_type=product&#038;p=1636"},"modified":"2022-06-01T12:56:42","modified_gmt":"2022-06-01T15:56:42","slug":"caixa-de-direcao-token-heggset-tk070-black","status":"publish","type":"product","link":"https:\/\/regisbike.com.br\/?product=caixa-de-direcao-token-heggset-tk070-black","title":{"rendered":"CAIXA DE DIRE\u00c7\u00c3O TOKEN HEGGSET TK070-BLACK"},"content":{"rendered":"<p>A caixa de dire\u00e7\u00e3o Token Heggset Tapered possui design \u00fanico, revolucion\u00e1rio e patenteado pela Token. O modelo Heggset \u00e9 a primeira e \u00fanica caixa de dire\u00e7\u00e3o com 4 fun\u00e7\u00f5es.<br \/>\nPremiada mundialmente por sua versatilidade, o modelo, al\u00e9m de atender v\u00e1rias fun\u00e7\u00f5es, ainda possui um acabamento anodizado, rolamento Premium de alta precis\u00e3o e uma linda embalagem.<\/p>\n<p>Design \u00fanico, revolucion\u00e1rio e patenteado pela Token. O modelo Heggset \u00e9 a primeira e \u00fanica caixa de dire\u00e7\u00e3o do mundo com 4 fun\u00e7\u00f5es:<br \/>\nIS42\/28.6 l IS52\/40 ( Integrada. Parte superior 42mm e parte inferior 52mm)<br \/>\nIS42\/28.6 l IS52\/30 (Integrada. Parte superior 42mm e parte inferior 52mm)<br \/>\nZS44\/28.6 l ZS56\/40(Semi integrada. Parte superior 44mm e parte inferior 56mm)<br \/>\nZS44\/28.6 l ZS56\/30(Semi integrada. Parte superior 44mm e parte inferior 56mm)<br \/>\nAcabamento com pintura anodizada de alta resist\u00eancia<br \/>\nAlum\u00ednio 7075 T6<br \/>\nLogo Token gravado a Laser<br \/>\nRolamentos premium<br \/>\nCor BLACK (preto)<br \/>\nModelo TK070<br \/>\n79g ou 105g<\/p>\n","protected":false},"excerpt":{"rendered":"<p><strong>Marca:\u00a0<\/strong>Token;<\/p>\n<p><strong>Modelo:\u00a0<\/strong>TK070.<\/p>\n","protected":false},"featured_media":1637,"comment_status":"open","ping_status":"closed","template":"","meta":[],"product_cat":[17,118],"product_tag":[],"_links":{"self":[{"href":"https:\/\/regisbike.com.br\/index.php?rest_route=\/wp\/v2\/product\/1636"}],"collection":[{"href":"https:\/\/regisbike.com.br\/index.php?rest_route=\/wp\/v2\/product"}],"about":[{"href":"https:\/\/regisbike.com.br\/index.php?rest_route=\/wp\/v2\/types\/product"}],"replies":[{"embeddable":true,"href":"https:\/\/regisbike.com.br\/index.php?rest_route=%2Fwp%2Fv2%2Fcomments&post=1636"}],"wp:featuredmedia":[{"embeddable":true,"href":"https:\/\/regisbike.com.br\/index.php?rest_route=\/wp\/v2\/media\/1637"}],"wp:attachment":[{"href":"https:\/\/regisbike.com.br\/index.php?rest_route=%2Fwp%2Fv2%2Fmedia&parent=1636"}],"wp:term":[{"taxonomy":"product_cat","embeddable":true,"href":"https:\/\/regisbike.com.br\/index.php?rest_route=%2Fwp%2Fv2%2Fproduct_cat&post=1636"},{"taxonomy":"product_tag","embeddable":true,"href":"https:\/\/regisbike.com.br\/index.php?rest_route=%2Fwp%2Fv2%2Fproduct_tag&post=1636"}],"curies":[{"name":"wp","href":"https:\/\/api.w.org\/{rel}","templated":true}]}}