{"id":1653,"date":"2022-01-03T12:30:28","date_gmt":"2022-01-03T15:30:28","guid":{"rendered":"https:\/\/regisbike.com.br\/?post_type=product&#038;p=1653"},"modified":"2022-02-16T16:09:14","modified_gmt":"2022-02-16T19:09:14","slug":"sininho-para-bicicleta","status":"publish","type":"product","link":"https:\/\/regisbike.com.br\/?product=sininho-para-bicicleta","title":{"rendered":"SININHO PARA BICICLETA"},"content":{"rendered":"<p style=\"text-align: center\"><strong>BUZINA PARA BICICLETA\u00a0<\/strong><\/p>\n<p>Buzina de A\u00e7o \u00e9 pequena e discreta, por\u00e9m muito eficaz. Esta buzina emite um som poderoso ao ser acionada.<br \/>\nProduzido em a\u00e7o<\/p>\n","protected":false},"excerpt":{"rendered":"<p><strong>Material:\u00a0<\/strong>A\u00e7o;<\/p>\n<p><strong>Cor:\u00a0<\/strong>Preto;<\/p>\n<p><strong>Peso:\u00a0<\/strong>45g;<\/p>\n<p><strong>Base de fixa\u00e7\u00e3o em pl\u00e1stico.<\/strong><\/p>\n","protected":false},"featured_media":1654,"comment_status":"open","ping_status":"closed","template":"","meta":[],"product_cat":[16,119],"product_tag":[],"_links":{"self":[{"href":"https:\/\/regisbike.com.br\/index.php?rest_route=\/wp\/v2\/product\/1653"}],"collection":[{"href":"https:\/\/regisbike.com.br\/index.php?rest_route=\/wp\/v2\/product"}],"about":[{"href":"https:\/\/regisbike.com.br\/index.php?rest_route=\/wp\/v2\/types\/product"}],"replies":[{"embeddable":true,"href":"https:\/\/regisbike.com.br\/index.php?rest_route=%2Fwp%2Fv2%2Fcomments&post=1653"}],"wp:featuredmedia":[{"embeddable":true,"href":"https:\/\/regisbike.com.br\/index.php?rest_route=\/wp\/v2\/media\/1654"}],"wp:attachment":[{"href":"https:\/\/regisbike.com.br\/index.php?rest_route=%2Fwp%2Fv2%2Fmedia&parent=1653"}],"wp:term":[{"taxonomy":"product_cat","embeddable":true,"href":"https:\/\/regisbike.com.br\/index.php?rest_route=%2Fwp%2Fv2%2Fproduct_cat&post=1653"},{"taxonomy":"product_tag","embeddable":true,"href":"https:\/\/regisbike.com.br\/index.php?rest_route=%2Fwp%2Fv2%2Fproduct_tag&post=1653"}],"curies":[{"name":"wp","href":"https:\/\/api.w.org\/{rel}","templated":true}]}}