{"id":1680,"date":"2022-01-03T15:19:06","date_gmt":"2022-01-03T18:19:06","guid":{"rendered":"https:\/\/regisbike.com.br\/?post_type=product&#038;p=1680"},"modified":"2022-05-23T14:26:10","modified_gmt":"2022-05-23T17:26:10","slug":"farol-rontek-2-funcoes-3-leds-brancos-2","status":"publish","type":"product","link":"https:\/\/regisbike.com.br\/?product=farol-rontek-2-funcoes-3-leds-brancos-2","title":{"rendered":"FAROL RONTEK 2 FUN\u00c7\u00d5ES | 3 LEDS BRANCOS"},"content":{"rendered":"","protected":false},"excerpt":{"rendered":"<ul>\n<li><strong>3 LEDs branco super 2 Fun\u00e7\u00f5es (cont\u00ednuo\/piscante);<\/strong><\/li>\n<li><strong>Resistente \u00e0 \u00e1gua;<\/strong><\/li>\n<li><strong>Baterias necess\u00e1rias:<\/strong> 2xAAA (Baterias n\u00e3o inclusas)<\/li>\n<\/ul>\n","protected":false},"featured_media":1681,"comment_status":"open","ping_status":"closed","template":"","meta":[],"product_cat":[16,49],"product_tag":[],"_links":{"self":[{"href":"https:\/\/regisbike.com.br\/index.php?rest_route=\/wp\/v2\/product\/1680"}],"collection":[{"href":"https:\/\/regisbike.com.br\/index.php?rest_route=\/wp\/v2\/product"}],"about":[{"href":"https:\/\/regisbike.com.br\/index.php?rest_route=\/wp\/v2\/types\/product"}],"replies":[{"embeddable":true,"href":"https:\/\/regisbike.com.br\/index.php?rest_route=%2Fwp%2Fv2%2Fcomments&post=1680"}],"wp:featuredmedia":[{"embeddable":true,"href":"https:\/\/regisbike.com.br\/index.php?rest_route=\/wp\/v2\/media\/1681"}],"wp:attachment":[{"href":"https:\/\/regisbike.com.br\/index.php?rest_route=%2Fwp%2Fv2%2Fmedia&parent=1680"}],"wp:term":[{"taxonomy":"product_cat","embeddable":true,"href":"https:\/\/regisbike.com.br\/index.php?rest_route=%2Fwp%2Fv2%2Fproduct_cat&post=1680"},{"taxonomy":"product_tag","embeddable":true,"href":"https:\/\/regisbike.com.br\/index.php?rest_route=%2Fwp%2Fv2%2Fproduct_tag&post=1680"}],"curies":[{"name":"wp","href":"https:\/\/api.w.org\/{rel}","templated":true}]}}