{"id":1688,"date":"2022-01-03T15:33:15","date_gmt":"2022-01-03T18:33:15","guid":{"rendered":"https:\/\/regisbike.com.br\/?post_type=product&#038;p=1688"},"modified":"2022-12-07T11:42:04","modified_gmt":"2022-12-07T14:42:04","slug":"suporte-de-caramanhola-trp-vermelho","status":"publish","type":"product","link":"https:\/\/regisbike.com.br\/?product=suporte-de-caramanhola-trp-vermelho","title":{"rendered":"SUPORTE DE CARAMANHOLA TRP VERMELHO"},"content":{"rendered":"<p><strong>COMPOSI\u00c7\u00c3O: <\/strong>Termopl\u00e1stico;<\/p>\n<p><b>EXTREMAMENTE LEVE E RESISTENTE;<\/b><\/p>\n<p><strong>REMO\u00c7\u00c3O E INSER\u00c7\u00c3O DA CARAMANHOLA MAIS FACILMENTE PELA DIREITA<\/strong><\/p>\n<p><strong>DESIGN QUE ENVOLVE A CARAMANHOLA MAIS PARA CIMA PARA RETEN\u00c7\u00c3O DA GARRAFA, MESMO EM CONDI\u00c7\u00d5ES DISAFIADORAS, COMO DESCIDAS EM ALTA VELOCIDADE, TERRENOS ACIDENTADOS OU TRILHAS FORA DA ESTRDA;<\/strong><\/p>\n<p><strong>ACOMPANAHA PARAFUSOS PARA FIXA\u00c7\u00c3O NO QUADRO.<\/strong><\/p>\n","protected":false},"excerpt":{"rendered":"<p style=\"text-align: center\"><strong>O suporte de caramanhola Rontek foi desenvolvido em termopl\u00e1stico extremamente leve e resistente. Seu design aprimora o suporte do frasco com uma ader\u00eancia mais firme, mesmo em condi\u00e7\u00f5es extremas, bem como a inser\u00e7\u00e3o e a remo\u00e7\u00e3o de garrafas mais facilmente pela a lateral direita.<\/strong><\/p>\n","protected":false},"featured_media":1689,"comment_status":"open","ping_status":"closed","template":"","meta":[],"product_cat":[16,55],"product_tag":[],"_links":{"self":[{"href":"https:\/\/regisbike.com.br\/index.php?rest_route=\/wp\/v2\/product\/1688"}],"collection":[{"href":"https:\/\/regisbike.com.br\/index.php?rest_route=\/wp\/v2\/product"}],"about":[{"href":"https:\/\/regisbike.com.br\/index.php?rest_route=\/wp\/v2\/types\/product"}],"replies":[{"embeddable":true,"href":"https:\/\/regisbike.com.br\/index.php?rest_route=%2Fwp%2Fv2%2Fcomments&post=1688"}],"wp:featuredmedia":[{"embeddable":true,"href":"https:\/\/regisbike.com.br\/index.php?rest_route=\/wp\/v2\/media\/1689"}],"wp:attachment":[{"href":"https:\/\/regisbike.com.br\/index.php?rest_route=%2Fwp%2Fv2%2Fmedia&parent=1688"}],"wp:term":[{"taxonomy":"product_cat","embeddable":true,"href":"https:\/\/regisbike.com.br\/index.php?rest_route=%2Fwp%2Fv2%2Fproduct_cat&post=1688"},{"taxonomy":"product_tag","embeddable":true,"href":"https:\/\/regisbike.com.br\/index.php?rest_route=%2Fwp%2Fv2%2Fproduct_tag&post=1688"}],"curies":[{"name":"wp","href":"https:\/\/api.w.org\/{rel}","templated":true}]}}