{"id":1690,"date":"2022-01-03T15:35:21","date_gmt":"2022-01-03T18:35:21","guid":{"rendered":"https:\/\/regisbike.com.br\/?post_type=product&#038;p=1690"},"modified":"2022-12-07T11:41:53","modified_gmt":"2022-12-07T14:41:53","slug":"suporte-de-caramanhola-trp-azul","status":"publish","type":"product","link":"https:\/\/regisbike.com.br\/?product=suporte-de-caramanhola-trp-azul","title":{"rendered":"SUPORTE DE CARAMANHOLA TRP AZUL"},"content":{"rendered":"<p><strong>COMPOSI\u00c7\u00c3O: <\/strong>Termopl\u00e1stico;<\/p>\n<p><strong>EXTREMAMENTE LEVE E RESISTENTE;<\/strong><\/p>\n<p><strong>REMO\u00c7\u00c3O E INSER\u00c7\u00c3O MAIS FACILMENTE DA CARAMANHOLA PELA DIREITA;<\/strong><\/p>\n<p><strong>DESIGN QUE ENVOLVE A CARAMANHOLA MAIS PARA CIMA PARA MELHORAR A RETEN\u00c7\u00c3O DA GARRAFA, MESMO EM CONDI\u00c7\u00d5ES DESAFIADORAS, COMO DECIDAS EM ALTA VELOCIDADE, TERRENOS ACIDENTADOS OU TRILHAS FORA DA ESTRADA;<\/strong><\/p>\n<p><strong>ACOMPANHA PARAFUSOS PARA FIXA\u00c7\u00c3O AO QUADRO.<\/strong><\/p>\n","protected":false},"excerpt":{"rendered":"<p style=\"text-align: center\"><strong>O suporte de caramanhola Rontek foi desenvolvido em termopl\u00e1stico extremamente leve e resistente. Seu design aprimora o suporte do frasco com uma ader\u00eancia mais firme, mesmo em condi\u00e7\u00f5es extremas, bem como a inser\u00e7\u00e3o e a remo\u00e7\u00e3o de garrafas mais facilmente pela a lateral direita.<\/strong><\/p>\n","protected":false},"featured_media":1691,"comment_status":"open","ping_status":"closed","template":"","meta":[],"product_cat":[16,55],"product_tag":[],"_links":{"self":[{"href":"https:\/\/regisbike.com.br\/index.php?rest_route=\/wp\/v2\/product\/1690"}],"collection":[{"href":"https:\/\/regisbike.com.br\/index.php?rest_route=\/wp\/v2\/product"}],"about":[{"href":"https:\/\/regisbike.com.br\/index.php?rest_route=\/wp\/v2\/types\/product"}],"replies":[{"embeddable":true,"href":"https:\/\/regisbike.com.br\/index.php?rest_route=%2Fwp%2Fv2%2Fcomments&post=1690"}],"wp:featuredmedia":[{"embeddable":true,"href":"https:\/\/regisbike.com.br\/index.php?rest_route=\/wp\/v2\/media\/1691"}],"wp:attachment":[{"href":"https:\/\/regisbike.com.br\/index.php?rest_route=%2Fwp%2Fv2%2Fmedia&parent=1690"}],"wp:term":[{"taxonomy":"product_cat","embeddable":true,"href":"https:\/\/regisbike.com.br\/index.php?rest_route=%2Fwp%2Fv2%2Fproduct_cat&post=1690"},{"taxonomy":"product_tag","embeddable":true,"href":"https:\/\/regisbike.com.br\/index.php?rest_route=%2Fwp%2Fv2%2Fproduct_tag&post=1690"}],"curies":[{"name":"wp","href":"https:\/\/api.w.org\/{rel}","templated":true}]}}