{"id":1695,"date":"2022-01-03T15:52:33","date_gmt":"2022-01-03T18:52:33","guid":{"rendered":"https:\/\/regisbike.com.br\/?post_type=product&#038;p=1695"},"modified":"2024-04-18T14:31:50","modified_gmt":"2024-04-18T17:31:50","slug":"fita-anti-furo-tectire-700x23","status":"publish","type":"product","link":"https:\/\/regisbike.com.br\/?product=fita-anti-furo-tectire-700x23","title":{"rendered":"FITA ANTI FURO TECTIRE 700X23"},"content":{"rendered":"<p style=\"text-align: center\"><strong>A Fita Antifuro Tectire para Speed Aro 700 \u00e9 utilizada entre a camara de ar e o pneu da bicicleta de estrada evitando perfura\u00e7\u00f5es ou micro furos na c\u00e2mara. \u00c9 resistente, f\u00e1cil de aplicar e pode ser reutilizada. A fita vem no tamanho ideal para bicicletas aro 700, por\u00e9m \u00e9 poss\u00edvel utiliza-la em bicicletas aro 26 e 27 tamb\u00e9m. Sua largura de 23mm \u00e9 inidicado para pneus mais finos como os de corrida speed. Veja abaixo as descri\u00e7\u00f5es e compatibilidades.<\/strong><\/p>\n","protected":false},"excerpt":{"rendered":"<p><strong>MARCA: <\/strong>Tectire;<\/p>\n<p><strong>MODELO:\u00a0<\/strong> Speed 700&#215;23;<\/p>\n<p><strong>MEDIDA: <\/strong>23mm &#8211; 2,2m;<\/p>\n<p><strong>ESPESSURA: <\/strong>2mm;<\/p>\n<p><strong>MATERIAL: <\/strong>Poliuretano PU;<\/p>\n<p><strong>COR: <\/strong>Azul;<\/p>\n<p><strong>COMPATIBILIDADE: <\/strong>700&#215;20\/700&#215;23\/700&#215;28\/26&#215;1.0\/26&#215;1.25\/27&#8217;1 1\/4;<\/p>\n<p><strong>Valor referente a 1 unidade.<\/strong><\/p>\n<p>&nbsp;<\/p>\n","protected":false},"featured_media":1696,"comment_status":"open","ping_status":"closed","template":"","meta":[],"product_cat":[16,120],"product_tag":[],"_links":{"self":[{"href":"https:\/\/regisbike.com.br\/index.php?rest_route=\/wp\/v2\/product\/1695"}],"collection":[{"href":"https:\/\/regisbike.com.br\/index.php?rest_route=\/wp\/v2\/product"}],"about":[{"href":"https:\/\/regisbike.com.br\/index.php?rest_route=\/wp\/v2\/types\/product"}],"replies":[{"embeddable":true,"href":"https:\/\/regisbike.com.br\/index.php?rest_route=%2Fwp%2Fv2%2Fcomments&post=1695"}],"wp:featuredmedia":[{"embeddable":true,"href":"https:\/\/regisbike.com.br\/index.php?rest_route=\/wp\/v2\/media\/1696"}],"wp:attachment":[{"href":"https:\/\/regisbike.com.br\/index.php?rest_route=%2Fwp%2Fv2%2Fmedia&parent=1695"}],"wp:term":[{"taxonomy":"product_cat","embeddable":true,"href":"https:\/\/regisbike.com.br\/index.php?rest_route=%2Fwp%2Fv2%2Fproduct_cat&post=1695"},{"taxonomy":"product_tag","embeddable":true,"href":"https:\/\/regisbike.com.br\/index.php?rest_route=%2Fwp%2Fv2%2Fproduct_tag&post=1695"}],"curies":[{"name":"wp","href":"https:\/\/api.w.org\/{rel}","templated":true}]}}