{"id":1784,"date":"2022-01-04T13:11:59","date_gmt":"2022-01-04T16:11:59","guid":{"rendered":"https:\/\/regisbike.com.br\/?post_type=product&#038;p=1784"},"modified":"2023-03-27T11:11:24","modified_gmt":"2023-03-27T14:11:24","slug":"suporte-transbike-para-porta-malas-2-bikes","status":"publish","type":"product","link":"https:\/\/regisbike.com.br\/?product=suporte-transbike-para-porta-malas-2-bikes","title":{"rendered":"SUPORTE TRANSBIKE PARA PORTA-MALAS (2 BIKES)"},"content":{"rendered":"<p>Suporte transbike de porta malas universal ideal para os ciclistas que buscam transportar suas bicicletas com facilidade, praticidade e seguran\u00e7a para todos os lugares.<br \/>\nO suporte possui estrutura em a\u00e7o carbono para maior durabilidade e resist\u00eancia aumentando sua vida \u00fatil.<br \/>\nSua pintura possui tratamento anticorrosivo e por todos os suportes h\u00e1 prote\u00e7\u00f5es em espuma para evitar que o suporte risque ou danifique a lataria do ve\u00edculo.<br \/>\nP\u00e9s de borracha auxiliam na fixa\u00e7\u00e3o do suporte e protegem ainda mais o carro.<br \/>\nO transbike classic possui a capacidade de transportar at\u00e9 2 bicicletas ao mesmo tempo at\u00e9 mesmo bicicletas aro 29&#8243; e peso total m\u00e1ximo de 35kg.<\/p>\n<p>Seu sistema de fixa\u00e7\u00e3o no carro \u00e9 simples e eficiente e n\u00e3o \u00e9 necess\u00e1rio nenhum tipo de ferramenta.<br \/>\nRecomendamos expressamente a leitura do manual de instru\u00e7\u00f5es antes de utilizar o transbike.<br \/>\nCertifique-se que o suporte transbike esteja instalado de forma correta antes de utiliz\u00e1-lo evitando acidentes.<br \/>\nN\u00e3o nos responsabilizamos por danos e preju\u00edzos recorrentes da utiliza\u00e7\u00e3o inapropriada do suporte para bicicletas.<br \/>\nMaterial A\u00e7o carbono. Pintura Ep\u00f3xi anticorrosiva.<br \/>\nInstala\u00e7\u00e3o suporte transbike porta malas.<br \/>\nCompatibilidade universal (menos carros com estepe).<br \/>\nCapacidade 2 bicicletas at\u00e9 aro 29.<br \/>\nCapacidade m\u00e1xima de peso suportado at\u00e9 35kg.<br \/>\nBra\u00e7os com revestimento em espuma e p\u00e9s emborrachados.<br \/>\nSem necessidade de ferramentas para instala\u00e7\u00e3o.<br \/>\nBom acabamento.<br \/>\nMedidas aproximadas (suporte fechado) 60 x 50 x 20cm (A x L x C).<br \/>\nPeso bruto aproximado 2.82kg. Cor preto.<\/p>\n","protected":false},"excerpt":{"rendered":"<p><strong>Modelo:\u00a0<\/strong>Trans-ciclo;<\/p>\n<p><strong>Material:\u00a0<\/strong>A\u00e7o\/nylon;<\/p>\n<p><strong>Cor:\u00a0<\/strong>Preto;<\/p>\n<p><strong>Peso do produto:\u00a0<\/strong>2,8kg;<\/p>\n<p><strong>Capacidade de carga:\u00a0<\/strong>35kg;<\/p>\n<p><strong>Capacidade de carga de bicicletas: <\/strong>2 Bikes;<\/p>\n<p><strong>Transbike de porta-mala;<\/strong><\/p>\n<p><strong>Compatibilidade:\u00a0<\/strong>Universal (exceto carros com estepe ou aerof\u00f3lio);<\/p>\n<p><strong>Origem:\u00a0<\/strong>Brasil.<\/p>\n","protected":false},"featured_media":1785,"comment_status":"open","ping_status":"closed","template":"","meta":[],"product_cat":[16,102],"product_tag":[],"_links":{"self":[{"href":"https:\/\/regisbike.com.br\/index.php?rest_route=\/wp\/v2\/product\/1784"}],"collection":[{"href":"https:\/\/regisbike.com.br\/index.php?rest_route=\/wp\/v2\/product"}],"about":[{"href":"https:\/\/regisbike.com.br\/index.php?rest_route=\/wp\/v2\/types\/product"}],"replies":[{"embeddable":true,"href":"https:\/\/regisbike.com.br\/index.php?rest_route=%2Fwp%2Fv2%2Fcomments&post=1784"}],"wp:featuredmedia":[{"embeddable":true,"href":"https:\/\/regisbike.com.br\/index.php?rest_route=\/wp\/v2\/media\/1785"}],"wp:attachment":[{"href":"https:\/\/regisbike.com.br\/index.php?rest_route=%2Fwp%2Fv2%2Fmedia&parent=1784"}],"wp:term":[{"taxonomy":"product_cat","embeddable":true,"href":"https:\/\/regisbike.com.br\/index.php?rest_route=%2Fwp%2Fv2%2Fproduct_cat&post=1784"},{"taxonomy":"product_tag","embeddable":true,"href":"https:\/\/regisbike.com.br\/index.php?rest_route=%2Fwp%2Fv2%2Fproduct_tag&post=1784"}],"curies":[{"name":"wp","href":"https:\/\/api.w.org\/{rel}","templated":true}]}}