{"id":1810,"date":"2022-01-04T16:32:13","date_gmt":"2022-01-04T19:32:13","guid":{"rendered":"https:\/\/regisbike.com.br\/?post_type=product&#038;p=1810"},"modified":"2025-09-22T07:11:41","modified_gmt":"2025-09-22T10:11:41","slug":"farol-rontek-eagle-usb-600-lumens-2","status":"publish","type":"product","link":"https:\/\/regisbike.com.br\/?product=farol-rontek-eagle-usb-600-lumens-2","title":{"rendered":"FAROL RONTEK EAGLE USB 600 LUMENS"},"content":{"rendered":"","protected":false},"excerpt":{"rendered":"<p><strong>600 Lumens;<\/strong><\/p>\n<p><strong>Dura\u00e7\u00e3o na fun\u00e7\u00e3o alto:\u00a0<\/strong>1 hora e 30 minutos;<\/p>\n<p><strong>5 Fun\u00e7\u00f5es (alto\/m\u00e9dio\/baixo\/SOS\/piscante) 1000 lumens.<\/strong><\/p>\n","protected":false},"featured_media":1808,"comment_status":"open","ping_status":"closed","template":"","meta":[],"product_cat":[16,49],"product_tag":[],"_links":{"self":[{"href":"https:\/\/regisbike.com.br\/index.php?rest_route=\/wp\/v2\/product\/1810"}],"collection":[{"href":"https:\/\/regisbike.com.br\/index.php?rest_route=\/wp\/v2\/product"}],"about":[{"href":"https:\/\/regisbike.com.br\/index.php?rest_route=\/wp\/v2\/types\/product"}],"replies":[{"embeddable":true,"href":"https:\/\/regisbike.com.br\/index.php?rest_route=%2Fwp%2Fv2%2Fcomments&post=1810"}],"wp:featuredmedia":[{"embeddable":true,"href":"https:\/\/regisbike.com.br\/index.php?rest_route=\/wp\/v2\/media\/1808"}],"wp:attachment":[{"href":"https:\/\/regisbike.com.br\/index.php?rest_route=%2Fwp%2Fv2%2Fmedia&parent=1810"}],"wp:term":[{"taxonomy":"product_cat","embeddable":true,"href":"https:\/\/regisbike.com.br\/index.php?rest_route=%2Fwp%2Fv2%2Fproduct_cat&post=1810"},{"taxonomy":"product_tag","embeddable":true,"href":"https:\/\/regisbike.com.br\/index.php?rest_route=%2Fwp%2Fv2%2Fproduct_tag&post=1810"}],"curies":[{"name":"wp","href":"https:\/\/api.w.org\/{rel}","templated":true}]}}