{"id":1813,"date":"2022-01-04T17:19:55","date_gmt":"2022-01-04T20:19:55","guid":{"rendered":"https:\/\/regisbike.com.br\/?post_type=product&#038;p=1813"},"modified":"2024-01-03T14:24:21","modified_gmt":"2024-01-03T17:24:21","slug":"bicicleta-rharu-aro-20-miss-azul-bebe","status":"publish","type":"product","link":"https:\/\/regisbike.com.br\/?product=bicicleta-rharu-aro-20-miss-azul-bebe","title":{"rendered":"BICICLETA RHARU ARO 20 MISS AZUL BEB\u00ca"},"content":{"rendered":"<p><strong>Quadro: <\/strong>A\u00e7o Carbono;<\/p>\n<p><strong>Movimento de Dire\u00e7\u00e3o: <\/strong>Stander;<\/p>\n<p><strong>Freios: <\/strong>V-Brake Nylon;<\/p>\n<p><strong>Aros: <\/strong>Alum\u00ednio 20&#215;1.75;<\/p>\n<p><strong>Pedivela: <\/strong>Monobloco 140;<\/p>\n<p><strong>Guid\u00e3o: <\/strong>Conjugado de A\u00e7o;<\/p>\n<p><strong>Pedal: <\/strong>Nylon Mtb \u00bd;<\/p>\n<p><strong>Selim: <\/strong>Mtb Cartoon;<\/p>\n<p><strong>Pneu:<\/strong> 20&#215;1.75;<\/p>\n<p><strong>Acess\u00f3rios: <\/strong>Cesta De A\u00e7o.<\/p>\n","protected":false},"excerpt":{"rendered":"<p>Quadro: A\u00e7o Carbono; Movimento de Dire\u00e7\u00e3o: Stander; Freios: V-Brake Nylon; Aros: Alum\u00ednio 20&#215;1.75; Pedivela: Monobloco 140; Guid\u00e3o: Conjugado de A\u00e7o; Pedal: Nylon Mtb \u00bd; Selim: Mtb Cartoon; Pneu: 20&#215;1.75; Acess\u00f3rios: Cesta De A\u00e7o.<\/p>\n","protected":false},"featured_media":1814,"comment_status":"open","ping_status":"closed","template":"","meta":[],"product_cat":[58,60],"product_tag":[],"_links":{"self":[{"href":"https:\/\/regisbike.com.br\/index.php?rest_route=\/wp\/v2\/product\/1813"}],"collection":[{"href":"https:\/\/regisbike.com.br\/index.php?rest_route=\/wp\/v2\/product"}],"about":[{"href":"https:\/\/regisbike.com.br\/index.php?rest_route=\/wp\/v2\/types\/product"}],"replies":[{"embeddable":true,"href":"https:\/\/regisbike.com.br\/index.php?rest_route=%2Fwp%2Fv2%2Fcomments&post=1813"}],"wp:featuredmedia":[{"embeddable":true,"href":"https:\/\/regisbike.com.br\/index.php?rest_route=\/wp\/v2\/media\/1814"}],"wp:attachment":[{"href":"https:\/\/regisbike.com.br\/index.php?rest_route=%2Fwp%2Fv2%2Fmedia&parent=1813"}],"wp:term":[{"taxonomy":"product_cat","embeddable":true,"href":"https:\/\/regisbike.com.br\/index.php?rest_route=%2Fwp%2Fv2%2Fproduct_cat&post=1813"},{"taxonomy":"product_tag","embeddable":true,"href":"https:\/\/regisbike.com.br\/index.php?rest_route=%2Fwp%2Fv2%2Fproduct_tag&post=1813"}],"curies":[{"name":"wp","href":"https:\/\/api.w.org\/{rel}","templated":true}]}}