{"id":1856,"date":"2022-01-06T17:30:50","date_gmt":"2022-01-06T20:30:50","guid":{"rendered":"https:\/\/regisbike.com.br\/?post_type=product&#038;p=1856"},"modified":"2024-12-23T10:41:05","modified_gmt":"2024-12-23T13:41:05","slug":"bicicleta-rharu-aro-16-fire","status":"publish","type":"product","link":"https:\/\/regisbike.com.br\/?product=bicicleta-rharu-aro-16-fire","title":{"rendered":"BICICLETA RHARU ARO 16 FIRE"},"content":{"rendered":"<p><strong>Quadro: <\/strong>A\u00e7o Carbono;<\/p>\n<p><strong>Movimento de Dire\u00e7\u00e3o: <\/strong>Stander;<\/p>\n<p><strong>Freios: <\/strong>V-Brake Nylon;<\/p>\n<p><strong>Aros: <\/strong>Alum\u00ednio 16&#215;1.75;<\/p>\n<p><strong>Pedivela: <\/strong>Monobloco 115;<\/p>\n<p><strong>Guid\u00e3o: <\/strong>Conjugado de A\u00e7o;<\/p>\n<p><strong>Pedal: <\/strong>Nylon Mtb \u00bd;<\/p>\n<p><strong>Selim: <\/strong>Mirim Cartoon;<\/p>\n<p><strong>Pneu:<\/strong> 16&#215;1.75;<\/p>\n<p><strong>Acess\u00f3rios: <\/strong>Roda Lateral + Placa.<\/p>\n","protected":false},"excerpt":{"rendered":"<p>Quadro: A\u00e7o Carbono; Movimento de Dire\u00e7\u00e3o: Stander; Freios: V-Brake Nylon; Aros: Alum\u00ednio 16&#215;1.75; Pedivela: Monobloco 115; Guid\u00e3o: Conjugado de A\u00e7o; Pedal: Nylon Mtb \u00bd; Selim: Mirim Cartoon; Pneu: 16&#215;1.75; Acess\u00f3rios: Roda Lateral + Placa.<\/p>\n","protected":false},"featured_media":1857,"comment_status":"open","ping_status":"closed","template":"","meta":[],"product_cat":[58,60],"product_tag":[],"_links":{"self":[{"href":"https:\/\/regisbike.com.br\/index.php?rest_route=\/wp\/v2\/product\/1856"}],"collection":[{"href":"https:\/\/regisbike.com.br\/index.php?rest_route=\/wp\/v2\/product"}],"about":[{"href":"https:\/\/regisbike.com.br\/index.php?rest_route=\/wp\/v2\/types\/product"}],"replies":[{"embeddable":true,"href":"https:\/\/regisbike.com.br\/index.php?rest_route=%2Fwp%2Fv2%2Fcomments&post=1856"}],"wp:featuredmedia":[{"embeddable":true,"href":"https:\/\/regisbike.com.br\/index.php?rest_route=\/wp\/v2\/media\/1857"}],"wp:attachment":[{"href":"https:\/\/regisbike.com.br\/index.php?rest_route=%2Fwp%2Fv2%2Fmedia&parent=1856"}],"wp:term":[{"taxonomy":"product_cat","embeddable":true,"href":"https:\/\/regisbike.com.br\/index.php?rest_route=%2Fwp%2Fv2%2Fproduct_cat&post=1856"},{"taxonomy":"product_tag","embeddable":true,"href":"https:\/\/regisbike.com.br\/index.php?rest_route=%2Fwp%2Fv2%2Fproduct_tag&post=1856"}],"curies":[{"name":"wp","href":"https:\/\/api.w.org\/{rel}","templated":true}]}}