{"id":1865,"date":"2022-01-17T10:52:19","date_gmt":"2022-01-17T13:52:19","guid":{"rendered":"https:\/\/regisbike.com.br\/?post_type=product&#038;p=1865"},"modified":"2022-01-19T16:37:10","modified_gmt":"2022-01-19T19:37:10","slug":"bicicleta-urbana-groove-comsmopolitan-easy-step","status":"publish","type":"product","link":"https:\/\/regisbike.com.br\/?product=bicicleta-urbana-groove-comsmopolitan-easy-step","title":{"rendered":"BICICLETA URBANA GROOVE COMSMOPOLITAN EASY STEP| 16x700C| 7v"},"content":{"rendered":"<p style=\"text-align: center\"><strong>Bicicleta Groove Cosmopolitan<\/strong><\/p>\n<p>&nbsp;<\/p>\n<p><strong>Tamanho:\u00a0<\/strong>16;<\/p>\n<p><strong>Cor:\u00a0<\/strong>Preto Brilhante;<\/p>\n<p><strong>Quadro:\u00a0<\/strong>A\u00e7o carbono Easy Step;<\/p>\n<p><strong>Suspen\u00e7\u00e3o:\u00a0<\/strong>Garfo A\u00e7o carbono;<\/p>\n<p><strong>Trocador:\u00a0<\/strong>AT-M100 7v Integrado;<\/p>\n<p><strong>C\u00e2mbio traseiro:\u00a0<\/strong>Shimano Tourney TY300 7v;<\/p>\n<p><strong>Pedivela:\u00a0<\/strong>Single 44D 170mm;<\/p>\n<p><strong>Cassete ou Roda livre:\u00a0<\/strong>Roda livre 14-28 7v;<\/p>\n<p><strong>Corrente:\u00a0<\/strong>TAYA TB-50;<\/p>\n<p><strong>Alavanca de Freio:\u00a0<\/strong>Alum\u00ednio\/Nylon;<\/p>\n<p><strong>Freio:\u00a0<\/strong>V-Brake;<\/p>\n<p><strong>Movimento central:\u00a0<\/strong>A\u00e7o 5 pcs;<\/p>\n<p><strong>Cubos:\u00a0<\/strong>A\u00e7o cromado;<\/p>\n<p><strong>Pedal:\u00a0<\/strong>Pl\u00e1stico comfort;<\/p>\n<p><strong>Raios:\u00a0<\/strong>Zincado;<\/p>\n<p><strong>Aros:\u00a0<\/strong>Alum\u00ednio parede dupla;<\/p>\n<p><strong>Guid\u00e3o:\u00a0<\/strong>Alum\u00ednio polido;<\/p>\n<p><strong>Mesa:\u00a0<\/strong>Alum\u00ednio polido;<\/p>\n<p><strong>Canote:\u00a0<\/strong>A\u00e7o carbono 25.4mm;<\/p>\n<p><strong>Abra\u00e7adeira de selim:\u00a0<\/strong>integrado quadro c\/ quick release;<\/p>\n<p><strong>Selim:\u00a0<\/strong>Vintage Groove;<\/p>\n<p><strong>Pneu:\u00a0<\/strong>Chaoyang H\u00edbrido 700c X 35c;<\/p>\n<p><strong>Peso:\u00a0<\/strong>15,2 KG.<\/p>\n","protected":false},"excerpt":{"rendered":"<p><strong>Cosmopolitan | Estilosa, cl\u00e1ssica e com uma pegada moderna. Componentes de alta qualidade, perfeita para enfrentar o asfalto das cidades. Inspiradas em bikes antigas da Holanda, mas sem deixar a tecnologia atual de lado. Quadro Easy Step (rebaixado) proporciona um pedalar vers\u00e1til com confian\u00e7a.<\/strong><\/p>\n<p><strong>Equipada com c\u00e2mbio traseiro Shimano de 7 velocidades para aux\u00edlio nas ladeiras, paralamas, farol e trava na roda traseira. A Cosmopolitan \u00e9 perfeita para transcender os limites urbanos.<\/strong><\/p>\n","protected":false},"featured_media":1866,"comment_status":"open","ping_status":"closed","template":"","meta":[],"product_cat":[58,123],"product_tag":[],"_links":{"self":[{"href":"https:\/\/regisbike.com.br\/index.php?rest_route=\/wp\/v2\/product\/1865"}],"collection":[{"href":"https:\/\/regisbike.com.br\/index.php?rest_route=\/wp\/v2\/product"}],"about":[{"href":"https:\/\/regisbike.com.br\/index.php?rest_route=\/wp\/v2\/types\/product"}],"replies":[{"embeddable":true,"href":"https:\/\/regisbike.com.br\/index.php?rest_route=%2Fwp%2Fv2%2Fcomments&post=1865"}],"wp:featuredmedia":[{"embeddable":true,"href":"https:\/\/regisbike.com.br\/index.php?rest_route=\/wp\/v2\/media\/1866"}],"wp:attachment":[{"href":"https:\/\/regisbike.com.br\/index.php?rest_route=%2Fwp%2Fv2%2Fmedia&parent=1865"}],"wp:term":[{"taxonomy":"product_cat","embeddable":true,"href":"https:\/\/regisbike.com.br\/index.php?rest_route=%2Fwp%2Fv2%2Fproduct_cat&post=1865"},{"taxonomy":"product_tag","embeddable":true,"href":"https:\/\/regisbike.com.br\/index.php?rest_route=%2Fwp%2Fv2%2Fproduct_tag&post=1865"}],"curies":[{"name":"wp","href":"https:\/\/api.w.org\/{rel}","templated":true}]}}