{"id":1881,"date":"2022-01-17T11:37:37","date_gmt":"2022-01-17T14:37:37","guid":{"rendered":"https:\/\/regisbike.com.br\/?post_type=product&#038;p=1881"},"modified":"2022-01-19T16:43:34","modified_gmt":"2022-01-19T19:43:34","slug":"bicicleta-groove-urban-v-brake-21v-shimano-2","status":"publish","type":"product","link":"https:\/\/regisbike.com.br\/?product=bicicleta-groove-urban-v-brake-21v-shimano-2","title":{"rendered":"BICICLETA GROOVE URBAN V-BRAKE | 18x700C | 21V SHIMANO"},"content":{"rendered":"<p style=\"text-align: center\"><strong>BICICLETA GROOVE URBAN<\/strong><\/p>\n<p><strong>Tamanho:\u00a0<\/strong>18;<\/p>\n<p><strong>Cor:\u00a0<\/strong>Preto Fosco;<\/p>\n<p><strong>Quadro:\u00a0<\/strong>Groove Alum\u00ednio;<\/p>\n<p><strong>Suspens\u00e3o:\u00a0<\/strong>Groove 80mm Crown Alum\u00ednio;<\/p>\n<p><strong>Trocador:\u00a0<\/strong>Alum\u00ednio Integrado Easy Fire 21v;<\/p>\n<p><strong>C\u00e2mbio Traseiro:<\/strong>Shimano Tourney TY300 7v;<\/p>\n<p><strong>C\u00e2mbio Dianteiro:\u00a0<\/strong>Index 7v;<\/p>\n<p><strong>Pedivela:\u00a0<\/strong>Shimano FC-TY301 42\/34\/24D;<\/p>\n<p><strong>Cassete ou Roda livre:\u00a0<\/strong>14-28 7v;<\/p>\n<p><strong>Corrente:\u00a0<\/strong>1\/2\u2033 x 3\/32\u2033 Indexada;<\/p>\n<p><strong>Alavanca de freio:\u00a0<\/strong>Alum\u00ednio Integrado Easy Fire 21v;<\/p>\n<p><strong>Freio:\u00a0<\/strong>V-Brake;<\/p>\n<p><strong>Movimento central:\u00a0<\/strong>Selado;<\/p>\n<p><strong>Cubos:\u00a0<\/strong>A\u00e7o DT-c\/Blocagem;<\/p>\n<p><strong>Pedal:\u00a0<\/strong>Pl\u00e1stico Comfort;<\/p>\n<p><strong>Raios:\u00a0<\/strong>Preto;<\/p>\n<p><strong>Aros:\u00a0<\/strong>Aluminio Parede Dupla CNC;<\/p>\n<p><strong>Guid\u00e3o:\u00a0<\/strong>Alum\u00ednio Preto;<\/p>\n<p><strong>Mesa:\u00a0<\/strong>Alum\u00ednio c\/ Regulagem;<\/p>\n<p><strong>Canote:\u00a0<\/strong>Alum\u00ednio 27,2mm;<\/p>\n<p><strong>Abra\u00e7adeira de selim:\u00a0<\/strong>Blocagem Alum\u00ednio 31,8mm;<\/p>\n<p><strong>Selim:\u00a0<\/strong>Tito Comfort Neoprene;<\/p>\n<p><strong>Pneu:\u00a0<\/strong>Chaoyang h\u00edbrido 700c x 35c;<\/p>\n<p><strong>Peso:\u00a0<\/strong>15KG.<\/p>\n","protected":false},"excerpt":{"rendered":"<p><strong>O m\u00e1ximo em design, \u00fanica e com componentes de alta qualidade, a Urban VB \u00e9 a maneira mais charmosa de explorar a cidade e seu dia-a-dia. Inteiramente voltada para o conforto do ciclista, vem equipada com 21 velocidades, paralamas, garfo com suspens\u00e3o, pedivela Shimano e guid\u00e3o regul\u00e1vel.<\/strong><\/p>\n<p><strong>As rodas maiores, padr\u00e3o europeu com pneus 700c e perfil street, proporcionam um design \u00fanico, al\u00e9m de deslancharem muito mais e absorverem melhor as irregularidades de pisos diversos, muito comuns em percursos urbanos.<\/strong><\/p>\n","protected":false},"featured_media":1877,"comment_status":"open","ping_status":"closed","template":"","meta":[],"product_cat":[58,123],"product_tag":[],"_links":{"self":[{"href":"https:\/\/regisbike.com.br\/index.php?rest_route=\/wp\/v2\/product\/1881"}],"collection":[{"href":"https:\/\/regisbike.com.br\/index.php?rest_route=\/wp\/v2\/product"}],"about":[{"href":"https:\/\/regisbike.com.br\/index.php?rest_route=\/wp\/v2\/types\/product"}],"replies":[{"embeddable":true,"href":"https:\/\/regisbike.com.br\/index.php?rest_route=%2Fwp%2Fv2%2Fcomments&post=1881"}],"wp:featuredmedia":[{"embeddable":true,"href":"https:\/\/regisbike.com.br\/index.php?rest_route=\/wp\/v2\/media\/1877"}],"wp:attachment":[{"href":"https:\/\/regisbike.com.br\/index.php?rest_route=%2Fwp%2Fv2%2Fmedia&parent=1881"}],"wp:term":[{"taxonomy":"product_cat","embeddable":true,"href":"https:\/\/regisbike.com.br\/index.php?rest_route=%2Fwp%2Fv2%2Fproduct_cat&post=1881"},{"taxonomy":"product_tag","embeddable":true,"href":"https:\/\/regisbike.com.br\/index.php?rest_route=%2Fwp%2Fv2%2Fproduct_tag&post=1881"}],"curies":[{"name":"wp","href":"https:\/\/api.w.org\/{rel}","templated":true}]}}