{"id":1887,"date":"2022-01-17T12:02:09","date_gmt":"2022-01-17T15:02:09","guid":{"rendered":"https:\/\/regisbike.com.br\/?post_type=product&#038;p=1887"},"modified":"2022-01-19T16:45:48","modified_gmt":"2022-01-19T19:45:48","slug":"bicicleta-urbana-groove-dubstep-2","status":"publish","type":"product","link":"https:\/\/regisbike.com.br\/?product=bicicleta-urbana-groove-dubstep-2","title":{"rendered":"BICICLETA URBANA GROOVE DUBSTEP | 15&#215;26&#8243; | 21v"},"content":{"rendered":"<p style=\"text-align: center\"><strong>BICICLETA URBANA GROOVE DUBSTEP<\/strong><\/p>\n<p><strong>Tamanho:\u00a0<\/strong>15;<\/p>\n<p><strong>Cor:\u00a0<\/strong>Roxa\/Colorida;<\/p>\n<p><strong>Quadro:\u00a0<\/strong>Groove alum\u00ednio;<\/p>\n<p><strong>Suspens\u00e3o:\u00a0<\/strong>Garfo A\u00e7o Carbono;<\/p>\n<p><strong>Trocador:\u00a0<\/strong>Shimano ST-EF41 7v INTEGRADO;<\/p>\n<p><strong>C\u00e2mbio Traseiro:<\/strong> Shimano Tourney TY300 7v;<\/p>\n<p><strong>C\u00e2mbio Dianteiro:\u00a0<\/strong>Shimano TY-500 3v;<\/p>\n<p><strong>Pedivela:\u00a0<\/strong>Shimano FC-TY301 170mm 42\/34\/24D c\/ protetor;<\/p>\n<p><strong>Cassete ou roda livre:\u00a0<\/strong>14-28 7v;<\/p>\n<p><strong>Corrente:\u00a0<\/strong>DAYA TB-50;<\/p>\n<p><strong>Alavanca de freio:\u00a0<\/strong>Shimano Integrado;<\/p>\n<p><strong>Freio:\u00a0<\/strong>Groove Disco mec\u00e2nico;<\/p>\n<p><strong>Movimento central:<\/strong> Groove Selado \u201csmooth tunning\u201d;<\/p>\n<p><strong>Cubos:\u00a0<\/strong>Groove Alum\u00ednio c\/ Blocagem;<\/p>\n<p><strong>Pedal:\u00a0<\/strong>Pl\u00e1stico comfort;<\/p>\n<p><strong>Raios:\u00a0<\/strong>Preto;<\/p>\n<p><strong>Aros:\u00a0<\/strong>Groove Aluminio Parede Dupla;<\/p>\n<p><strong>Guid\u00e3o:<\/strong> Groove Alum\u00ednio Preto;<\/p>\n<p><strong>Mesa:\u00a0<\/strong>Groove Alum\u00ednio c\/ regulagem;<\/p>\n<p><strong>Canote:\u00a0<\/strong>Alum\u00ednio 27.2;<\/p>\n<p><strong>Abra\u00e7adeira de selim:<\/strong> Groove Blocagem Alum\u00ednio 31.8mm;<\/p>\n<p><strong>Selim:\u00a0<\/strong>Groove Comfort Neoprene;<\/p>\n<p><strong>Pneu:\u00a0<\/strong>Chaoyang h\u00edbrido 26\u2033 x 2.35\u2033;<\/p>\n<p><strong>Peso:\u00a0<\/strong>14,6KG.<\/p>\n","protected":false},"excerpt":{"rendered":"<p><strong>Bicicleta urbana Groove Dubstep | New color.\u00a0Bicicleta para uso misto com conforto. Sua geometria \u201cextra comfort\u201d e tubo superior baixo proporciona um pedalar vers\u00e1til com confian\u00e7a com uma postura mais ereta. Uso misto para praia, parque, ciclovia ou ciclofaixa.<\/strong><br \/>\n<strong>Quadro: Alum\u00ednio 6061 garantia vital\u00edcia, desenho \u201cextra comfort\u201d, fura\u00e7\u00e3o para bagageiro e pintura \u201cwater sticker\u201d tubo superior baixo \u201ceasy step\u201d.<\/strong><\/p>\n<p><strong>Acess\u00f3rios\/Componentes: Conjunto Shimano de c\u00e2mbios e marchas. Selim \u201cneoprene\u201d e guid\u00e3o ajust\u00e1vel deixa seu pedalar mais confort\u00e1vel. Pneu 2.35 bal\u00e3o confian\u00e7a e conforto ao pedalar.<\/strong><\/p>\n","protected":false},"featured_media":1883,"comment_status":"open","ping_status":"closed","template":"","meta":[],"product_cat":[58,123],"product_tag":[],"_links":{"self":[{"href":"https:\/\/regisbike.com.br\/index.php?rest_route=\/wp\/v2\/product\/1887"}],"collection":[{"href":"https:\/\/regisbike.com.br\/index.php?rest_route=\/wp\/v2\/product"}],"about":[{"href":"https:\/\/regisbike.com.br\/index.php?rest_route=\/wp\/v2\/types\/product"}],"replies":[{"embeddable":true,"href":"https:\/\/regisbike.com.br\/index.php?rest_route=%2Fwp%2Fv2%2Fcomments&post=1887"}],"wp:featuredmedia":[{"embeddable":true,"href":"https:\/\/regisbike.com.br\/index.php?rest_route=\/wp\/v2\/media\/1883"}],"wp:attachment":[{"href":"https:\/\/regisbike.com.br\/index.php?rest_route=%2Fwp%2Fv2%2Fmedia&parent=1887"}],"wp:term":[{"taxonomy":"product_cat","embeddable":true,"href":"https:\/\/regisbike.com.br\/index.php?rest_route=%2Fwp%2Fv2%2Fproduct_cat&post=1887"},{"taxonomy":"product_tag","embeddable":true,"href":"https:\/\/regisbike.com.br\/index.php?rest_route=%2Fwp%2Fv2%2Fproduct_tag&post=1887"}],"curies":[{"name":"wp","href":"https:\/\/api.w.org\/{rel}","templated":true}]}}