{"id":1910,"date":"2022-01-17T12:38:23","date_gmt":"2022-01-17T15:38:23","guid":{"rendered":"https:\/\/regisbike.com.br\/?post_type=product&#038;p=1910"},"modified":"2022-01-19T16:59:48","modified_gmt":"2022-01-19T19:59:48","slug":"bicicleta-urbana-groove-urban-20-5x700c","status":"publish","type":"product","link":"https:\/\/regisbike.com.br\/?product=bicicleta-urbana-groove-urban-20-5x700c","title":{"rendered":"BICICLETA URBANA GROOVE URBAN | 20.5X700C"},"content":{"rendered":"<p style=\"text-align: center\"><strong>BICICLETA URBANA GROOVE URBAN<\/strong><\/p>\n<p><strong>Tamanho: <\/strong>20.5;<\/p>\n<p><strong>Cor:\u00a0<\/strong>Verde Oliva Fosca\/ Champagne Fosco\/;<\/p>\n<p><strong>Quadro:\u00a0<\/strong>Alum\u00ednio;<\/p>\n<p><strong>Suspens\u00e3o:<\/strong> Groove 80mm Crown Alum\u00ednio;<\/p>\n<p><strong>Trocador:\u00a0<\/strong>Shimano ST-EF41 7v integrado;<\/p>\n<p><strong>C\u00e2mbio Traseiro:\u00a0<\/strong>Shimano Tourney TY300 7V;<\/p>\n<p><strong>C\u00e2mbio Dianteiro:\u00a0<\/strong>Shimano TZ-500 3v;<\/p>\n<p><strong>Pedivela:\u00a0<\/strong>Shimano FC-TY301 42\/34\/24T;<\/p>\n<p><strong>Cassete ou Roda Livre:\u00a0<\/strong>Roda Livre 7v 13-34T ou 14-28 7v;<\/p>\n<p><strong>Corrente:\u00a0<\/strong>TAYA TB-50 ou KMC Z50;<\/p>\n<p><strong>Alavanca de freio:\u00a0<\/strong>Shimano Integrado;<\/p>\n<p><strong>Freio:\u00a0<\/strong>Groove Disco Mec\u00e2nico;<\/p>\n<p><strong>Movimento central:\u00a0<\/strong>Selado;<\/p>\n<p><strong>Cubos:\u00a0<\/strong>Groove A\u00e7o 32F;<\/p>\n<p><strong>Pedal:<\/strong> Pl\u00e1stico Comfort;<\/p>\n<p><strong>Raios:\u00a0<\/strong>A\u00e7o Preto;<\/p>\n<p><strong>Aros:\u00a0<\/strong>Aluminio Parede Dupla;<\/p>\n<p><strong>Guid\u00e3o:\u00a0<\/strong>A\u00e7o Preto 620mm;<\/p>\n<p><strong>Mesa:\u00a0<\/strong>Groove Alum\u00ednio c\/ Regulagem;<\/p>\n<p><strong>Canote:\u00a0<\/strong>Alum\u00ednio 27.2mm;<\/p>\n<p><strong>Abra\u00e7adeira do Selim:\u00a0<\/strong>Groove Alum\u00ednio 31.8mm;<\/p>\n<p><strong>Selim:<\/strong> Comfort Elast\u00f4mero;<\/p>\n<p><strong>Pneu:\u00a0<\/strong>Chaoyang h\u00edbrido 700c x 35c;<\/p>\n<p><strong>Peso:\u00a0<\/strong>16KG.<\/p>\n<p>&nbsp;<\/p>\n","protected":false},"excerpt":{"rendered":"<p><strong>O m\u00e1ximo em design, \u00fanica e com componentes de alta qualidade, a Urban ID \u00e9 a maneira mais charmosa de explorar a cidade e seu dia-a-dia. Inteiramente voltada para o conforto do ciclista, vem equipada com 21 velocidades, paralamas, garfo com suspens\u00e3o, pedivela Shimano e guid\u00e3o regul\u00e1vel.<\/strong><\/p>\n<p><strong>A fam\u00edlia Urban tem mais um diferencial: freios a disco, garantindo maior seguran\u00e7a e tornando esse modelo ainda mais moderno e confi\u00e1vel. As rodas maiores, padr\u00e3o europeu com pneus 700c e perfil street, proporcionam um design \u00fanico, al\u00e9m de deslancharem muito mais e absorverem melhor as irregularidades de pisos diversos, muito comuns em percursos urbanos.<\/strong><\/p>\n","protected":false},"featured_media":1890,"comment_status":"open","ping_status":"closed","template":"","meta":[],"product_cat":[58,123],"product_tag":[],"_links":{"self":[{"href":"https:\/\/regisbike.com.br\/index.php?rest_route=\/wp\/v2\/product\/1910"}],"collection":[{"href":"https:\/\/regisbike.com.br\/index.php?rest_route=\/wp\/v2\/product"}],"about":[{"href":"https:\/\/regisbike.com.br\/index.php?rest_route=\/wp\/v2\/types\/product"}],"replies":[{"embeddable":true,"href":"https:\/\/regisbike.com.br\/index.php?rest_route=%2Fwp%2Fv2%2Fcomments&post=1910"}],"wp:featuredmedia":[{"embeddable":true,"href":"https:\/\/regisbike.com.br\/index.php?rest_route=\/wp\/v2\/media\/1890"}],"wp:attachment":[{"href":"https:\/\/regisbike.com.br\/index.php?rest_route=%2Fwp%2Fv2%2Fmedia&parent=1910"}],"wp:term":[{"taxonomy":"product_cat","embeddable":true,"href":"https:\/\/regisbike.com.br\/index.php?rest_route=%2Fwp%2Fv2%2Fproduct_cat&post=1910"},{"taxonomy":"product_tag","embeddable":true,"href":"https:\/\/regisbike.com.br\/index.php?rest_route=%2Fwp%2Fv2%2Fproduct_tag&post=1910"}],"curies":[{"name":"wp","href":"https:\/\/api.w.org\/{rel}","templated":true}]}}