{"id":1918,"date":"2022-01-17T14:46:06","date_gmt":"2022-01-17T17:46:06","guid":{"rendered":"https:\/\/regisbike.com.br\/?post_type=product&#038;p=1918"},"modified":"2022-01-19T17:02:25","modified_gmt":"2022-01-19T20:02:25","slug":"bicicleta-urbana-groove-blues-disc-20-5x700c-21v","status":"publish","type":"product","link":"https:\/\/regisbike.com.br\/?product=bicicleta-urbana-groove-blues-disc-20-5x700c-21v","title":{"rendered":"BICICLETA URBANA GROOVE BLUES DISC| 20.5X700C| 21V"},"content":{"rendered":"<p style=\"text-align: center\"><strong>BICICLTEA URBANA GROOVE BLUES DISC<\/strong><\/p>\n<p><strong>Tamanho: <\/strong>20.5;<\/p>\n<p><strong>Cor:\u00a0<\/strong>Prata;<\/p>\n<p><strong>Quadro:\u00a0<\/strong>Groove Alum\u00ednio;<\/p>\n<p><strong>Suspens\u00e3o:\u00a0<\/strong>Groove crown Alum\u00ednio;<\/p>\n<p><strong>Trocador:\u00a0<\/strong>Shimano SL-M315 3\/7v;<\/p>\n<p><strong>C\u00e2mbio Traseiro:\u00a0<\/strong>Shimano Tourney TY-300 7v;<\/p>\n<p><strong>C\u00e2mbio Dianteiro:\u00a0<\/strong>Shimano TY-500 3v;<\/p>\n<p><strong>Pedivela:\u00a0<\/strong>Shimano FC-TY301 170mm 42\/34\/24D;<\/p>\n<p><strong>Cassete ou roda livre:\u00a0<\/strong>Shimano MF-TZ500 14-34D;<\/p>\n<p><strong>Corrente:\u00a0<\/strong>TAYA TB-50;<\/p>\n<p><strong>Alavanca de freio:\u00a0<\/strong>Alum\u00ednio Preto;<\/p>\n<p><strong>Freio:\u00a0<\/strong>Groove Disco Mec\u00e2nico;<\/p>\n<p><strong>Movimento Central:\u00a0<\/strong>Groove Selado;<\/p>\n<p><strong>Cubos:\u00a0<\/strong>Groove A\u00e7o 32F;<\/p>\n<p><strong>Pedal:\u00a0<\/strong>Pl\u00e1stico Comfort;<\/p>\n<p><strong>Raios:\u00a0<\/strong>Preto;<\/p>\n<p><strong>Aros:\u00a0<\/strong>Groove Aluminio Parede Dupla;<\/p>\n<p><strong>Guid\u00e3o:<\/strong> Groove Alum\u00ednio Preto;<\/p>\n<p><strong>Mesa:\u00a0<\/strong>Groove Aluminio c\/ regulagem;<\/p>\n<p><strong>Canote:\u00a0<\/strong>Groove Alum\u00ednio 27.2mm;<\/p>\n<p><strong>Abra\u00e7adeira do Selim:\u00a0<\/strong>Groove Blocagem Alum\u00ednio 31.8mm;<\/p>\n<p><strong>Selim:<\/strong> Groove Comfort Neoprene;<\/p>\n<p><strong>Pneu:\u00a0<\/strong>Chaoyang h\u00edbrido 700c x 35c;<\/p>\n<p><strong>Peso:\u00a0<\/strong>16,3Kg.<\/p>\n","protected":false},"excerpt":{"rendered":"<p><strong>Bicicleta urbana Groove Blues 21v 700c | A bicicleta h\u00edbrida aro 700c indicada para uso urbano em parques, ciclovias e ciclofaixas agora com freio a disco mec\u00e2nico. Indicada ao lazer ou para ir ao trabalho em 02 rodas com agilidade e rapidez. Quadro: Alum\u00ednio 6061 com fura\u00e7\u00e3o para fixa\u00e7\u00e3o de paralamas e bagageiros. Pintura \u201cwater sticker\u201d. Acess\u00f3rios\/componentes: Selim \u201cneoprene\u201d e guid\u00e3o ajust\u00e1vel deixa seu pedalar mais confort\u00e1vel. Seu movimento central \u00e9 selado com rolamento \u201csmooth Turning\u201d. Ao adquirir sua bicicleta pergunte sobre esses diferenciais. Confira a ficha t\u00e9cnica completa. A Shimano completa os benef\u00edcios do produto.<\/strong><\/p>\n","protected":false},"featured_media":1912,"comment_status":"open","ping_status":"closed","template":"","meta":[],"product_cat":[58,123],"product_tag":[],"_links":{"self":[{"href":"https:\/\/regisbike.com.br\/index.php?rest_route=\/wp\/v2\/product\/1918"}],"collection":[{"href":"https:\/\/regisbike.com.br\/index.php?rest_route=\/wp\/v2\/product"}],"about":[{"href":"https:\/\/regisbike.com.br\/index.php?rest_route=\/wp\/v2\/types\/product"}],"replies":[{"embeddable":true,"href":"https:\/\/regisbike.com.br\/index.php?rest_route=%2Fwp%2Fv2%2Fcomments&post=1918"}],"wp:featuredmedia":[{"embeddable":true,"href":"https:\/\/regisbike.com.br\/index.php?rest_route=\/wp\/v2\/media\/1912"}],"wp:attachment":[{"href":"https:\/\/regisbike.com.br\/index.php?rest_route=%2Fwp%2Fv2%2Fmedia&parent=1918"}],"wp:term":[{"taxonomy":"product_cat","embeddable":true,"href":"https:\/\/regisbike.com.br\/index.php?rest_route=%2Fwp%2Fv2%2Fproduct_cat&post=1918"},{"taxonomy":"product_tag","embeddable":true,"href":"https:\/\/regisbike.com.br\/index.php?rest_route=%2Fwp%2Fv2%2Fproduct_tag&post=1918"}],"curies":[{"name":"wp","href":"https:\/\/api.w.org\/{rel}","templated":true}]}}