{"id":1922,"date":"2022-01-17T15:07:51","date_gmt":"2022-01-17T18:07:51","guid":{"rendered":"https:\/\/regisbike.com.br\/?post_type=product&#038;p=1922"},"modified":"2022-01-19T17:03:25","modified_gmt":"2022-01-19T20:03:25","slug":"bicicleta-urbana-groove-blues-hd-19x700c-21v","status":"publish","type":"product","link":"https:\/\/regisbike.com.br\/?product=bicicleta-urbana-groove-blues-hd-19x700c-21v","title":{"rendered":"BICICLETA URBANA GROOVE BLUES HD| 19X700C | 21V"},"content":{"rendered":"<p style=\"text-align: center\"><strong>BICICLETA URBANA GROOVE BLUES HD<\/strong><\/p>\n<p><strong>Tamanho :\u00a0<\/strong> 19;<\/p>\n<p><strong>Cor:\u00a0<\/strong>Prata;<\/p>\n<p><strong>Quadro:\u00a0<\/strong>Groove Alum\u00ednio;<\/p>\n<p><strong>Suspens\u00e3o:\u00a0<\/strong>Groove 80mm crown Alum\u00ednio;<\/p>\n<p><strong>Trocador:\u00a0<\/strong>AL-M210 3\/7V;<\/p>\n<p><strong>C\u00e2mbio traseiro:\u00a0<\/strong>Shimano Tourney TY300 7V;<\/p>\n<p><strong>C\u00e2mbio Dianteiro:<\/strong>\u00a0Shimano TY-500 3v;<\/p>\n<p><strong>Pedivela:\u00a0<\/strong>Shimano FC-TY301 42\/34\/24T;<\/p>\n<p><strong>Cassete ou roda livre:<\/strong>\u00a0Roda Livre 7V 13-34T;<\/p>\n<p><strong>Corrente:<\/strong>\u00a0A\u00c7O F310;<\/p>\n<p><strong>Alavanca de freio:\u00a0<\/strong>BL-M220;<\/p>\n<p><strong>Freio:\u00a0<\/strong>Disco hidr\u00e1ulico M220;<\/p>\n<p><strong>Movimento central:\u00a0<\/strong>MOV.CENTRAL 34,7X68X122 XR-A 01-1;<\/p>\n<p><strong>Cubos:\u00a0<\/strong>Groove A\u00e7o 32F PRETO;<\/p>\n<p><strong>Pedal:\u00a0<\/strong>Pl\u00e1stico Conforto;<\/p>\n<p><strong>Raios:\u00a0<\/strong>A\u00e7o preto;<\/p>\n<p><strong>Aros:\u00a0<\/strong>Aluminio Parede Dupla;<\/p>\n<p><strong>Guid\u00e3o:\u00a0<\/strong>Groove Alum\u00ednio Preto;<\/p>\n<p><strong>Mesa:\u00a0<\/strong>Groove Aluminio c\/ regulagem;<\/p>\n<p><strong>Canote:\u00a0<\/strong>Groove Alum\u00ednio 27,2mm;<\/p>\n<p><strong>Abra\u00e7adeira de Selim:\u00a0<\/strong>Groove Blocagem Alum\u00ednio 31,8mm;<\/p>\n<p><strong>Selim:\u00a0<\/strong>Groove Comfort Neoprene;<\/p>\n<p><strong>Pneu:\u00a0<\/strong>Chaoyang h\u00edbrido 700c x 35c;<\/p>\n<p><strong>Peso:\u00a0<\/strong>15,8kg.<\/p>\n<p>&nbsp;<\/p>\n","protected":false},"excerpt":{"rendered":"<p><strong>Blues HD 21v 700c HD | A bicicleta h\u00edbrida aro 700c indicada para uso urbano em parques, ciclovias e ciclofaixas agora com freio a disco hidr\u00e1ulico. Indicada ao lazer ou para ir ao trabalho em 02 rodas com agilidade e rapidez. Quadro: Alum\u00ednio 6061 com fura\u00e7\u00e3o para fixa\u00e7\u00e3o de paralamas e bagageiros. Pintura \u201cwater sticker\u201d. Acess\u00f3rios\/componentes: Selim \u201cneoprene\u201d e guid\u00e3o ajust\u00e1vel deixa seu pedalar mais confort\u00e1vel. Seu movimento central \u00e9 selado com rolamento \u201csmooth Turning\u201d. Ao adquirir sua bicicleta pergunte sobre esses diferenciais. Confira a ficha t\u00e9cnica completa.<\/strong><\/p>\n","protected":false},"featured_media":1921,"comment_status":"open","ping_status":"closed","template":"","meta":[],"product_cat":[58,123],"product_tag":[],"_links":{"self":[{"href":"https:\/\/regisbike.com.br\/index.php?rest_route=\/wp\/v2\/product\/1922"}],"collection":[{"href":"https:\/\/regisbike.com.br\/index.php?rest_route=\/wp\/v2\/product"}],"about":[{"href":"https:\/\/regisbike.com.br\/index.php?rest_route=\/wp\/v2\/types\/product"}],"replies":[{"embeddable":true,"href":"https:\/\/regisbike.com.br\/index.php?rest_route=%2Fwp%2Fv2%2Fcomments&post=1922"}],"wp:featuredmedia":[{"embeddable":true,"href":"https:\/\/regisbike.com.br\/index.php?rest_route=\/wp\/v2\/media\/1921"}],"wp:attachment":[{"href":"https:\/\/regisbike.com.br\/index.php?rest_route=%2Fwp%2Fv2%2Fmedia&parent=1922"}],"wp:term":[{"taxonomy":"product_cat","embeddable":true,"href":"https:\/\/regisbike.com.br\/index.php?rest_route=%2Fwp%2Fv2%2Fproduct_cat&post=1922"},{"taxonomy":"product_tag","embeddable":true,"href":"https:\/\/regisbike.com.br\/index.php?rest_route=%2Fwp%2Fv2%2Fproduct_tag&post=1922"}],"curies":[{"name":"wp","href":"https:\/\/api.w.org\/{rel}","templated":true}]}}