{"id":2183,"date":"2022-02-03T11:38:52","date_gmt":"2022-02-03T14:38:52","guid":{"rendered":"https:\/\/regisbike.com.br\/?post_type=product&#038;p=2183"},"modified":"2022-11-03T16:40:06","modified_gmt":"2022-11-03T19:40:06","slug":"capacete-road-tonic-preto-fosco","status":"publish","type":"product","link":"https:\/\/regisbike.com.br\/?product=capacete-road-tonic-preto-fosco","title":{"rendered":"CAPACETE ROAD TONIC | PRETO FOSCO"},"content":{"rendered":"<p style=\"text-align: center\"><strong>CAPACETE ROAD TONIC\u00a0<\/strong><\/p>\n<p><strong>O Capacete Tonic oferece seguran\u00e7a, estilo e conforto para os<\/strong> <strong>ciclistas que est\u00e3o come\u00e7ando a andar de bicicleta. O design discreto do capacete garante que ele esteja em casa onde quer que voc\u00ea o leve. Uma constru\u00e7\u00e3o em molde \u00e9 usada para manter o peso baixo, enquanto 28 respiradouros garantem que voc\u00ea esteja sempre fresco e confort\u00e1vel ao andar.<\/strong><\/p>\n<p><strong>Um mostrador na parte de tr\u00e1s do capacete controla uma cesta que prende grande parte da parte de tr\u00e1s da cabe\u00e7a. Uma r\u00e1pida rota\u00e7\u00e3o do seletor TS+ que garante um ajuste confort\u00e1vel, mas confort\u00e1vel, que mant\u00e9m o capacete firmemente no lugar. Ajuste-o rapidamente e comece suas aventuras de bicicleta.<\/strong><\/p>\n","protected":false},"excerpt":{"rendered":"<ul>\n<li><strong>28 Orif\u00edcios de ventila\u00e7\u00e3o;<\/strong><\/li>\n<li><strong>Sistema Tunfit Plus;<\/strong><\/li>\n<li><strong>Compat\u00edvel com Luz Traseira;<\/strong><\/li>\n<li><strong>Adesivos Refletivos;<\/strong><\/li>\n<li><strong>Constru\u00e7\u00e3o:\u00a0<\/strong>No Molde;<\/li>\n<li><strong>Tamanho:\u00a0<\/strong>P;<\/li>\n<li><strong>Peso:<\/strong> 230g;<\/li>\n<li><strong>Certifica\u00e7\u00e3o:\u00a0<\/strong>CE-CPSC-AS;<\/li>\n<li><strong>Cor:\u00a0<\/strong>Preto Fosco.<\/li>\n<\/ul>\n","protected":false},"featured_media":2184,"comment_status":"open","ping_status":"closed","template":"","meta":[],"product_cat":[64,68],"product_tag":[],"_links":{"self":[{"href":"https:\/\/regisbike.com.br\/index.php?rest_route=\/wp\/v2\/product\/2183"}],"collection":[{"href":"https:\/\/regisbike.com.br\/index.php?rest_route=\/wp\/v2\/product"}],"about":[{"href":"https:\/\/regisbike.com.br\/index.php?rest_route=\/wp\/v2\/types\/product"}],"replies":[{"embeddable":true,"href":"https:\/\/regisbike.com.br\/index.php?rest_route=%2Fwp%2Fv2%2Fcomments&post=2183"}],"wp:featuredmedia":[{"embeddable":true,"href":"https:\/\/regisbike.com.br\/index.php?rest_route=\/wp\/v2\/media\/2184"}],"wp:attachment":[{"href":"https:\/\/regisbike.com.br\/index.php?rest_route=%2Fwp%2Fv2%2Fmedia&parent=2183"}],"wp:term":[{"taxonomy":"product_cat","embeddable":true,"href":"https:\/\/regisbike.com.br\/index.php?rest_route=%2Fwp%2Fv2%2Fproduct_cat&post=2183"},{"taxonomy":"product_tag","embeddable":true,"href":"https:\/\/regisbike.com.br\/index.php?rest_route=%2Fwp%2Fv2%2Fproduct_tag&post=2183"}],"curies":[{"name":"wp","href":"https:\/\/api.w.org\/{rel}","templated":true}]}}