{"id":2208,"date":"2022-02-04T10:26:07","date_gmt":"2022-02-04T13:26:07","guid":{"rendered":"https:\/\/regisbike.com.br\/?post_type=product&#038;p=2208"},"modified":"2024-12-23T09:34:42","modified_gmt":"2024-12-23T12:34:42","slug":"manete-de-aluminio-para-freio-v-brake-epic-epj-hb12","status":"publish","type":"product","link":"https:\/\/regisbike.com.br\/?product=manete-de-aluminio-para-freio-v-brake-epic-epj-hb12","title":{"rendered":"MANETE DE ALUM\u00cdNIO PARA FREIO V-BRAKE | EPIC EPJ-HB12"},"content":{"rendered":"<p style=\"text-align: center\"><strong>MANETE DE ALUM\u00cdNIO PARA FREIO V-BRAKE EPIC EPJ-HB12<\/strong><\/p>\n<ul>\n<li><strong>Desenvolvido para bicicletas de passeio ou mountain bike com freio v-brake ou a disco;<\/strong><\/li>\n<li><strong>Todo em alum\u00ednio forjado, transfere melhor a for\u00e7a para as pin\u00e7as de freio;<\/strong><\/li>\n<li><strong>Manete de tr\u00eas dedos;<\/strong><\/li>\n<li><strong>Com molas para ajuste da frenagem.\u00a0<\/strong><\/li>\n<\/ul>\n","protected":false},"excerpt":{"rendered":"<p><strong>3 Dedos;<\/strong><\/p>\n<p><strong>Mola de retorno;<\/strong><\/p>\n<p>Cor: <strong>Preto.<\/strong><\/p>\n<p>&nbsp;<\/p>\n","protected":false},"featured_media":2209,"comment_status":"open","ping_status":"closed","template":"","meta":[],"product_cat":[17,117],"product_tag":[],"_links":{"self":[{"href":"https:\/\/regisbike.com.br\/index.php?rest_route=\/wp\/v2\/product\/2208"}],"collection":[{"href":"https:\/\/regisbike.com.br\/index.php?rest_route=\/wp\/v2\/product"}],"about":[{"href":"https:\/\/regisbike.com.br\/index.php?rest_route=\/wp\/v2\/types\/product"}],"replies":[{"embeddable":true,"href":"https:\/\/regisbike.com.br\/index.php?rest_route=%2Fwp%2Fv2%2Fcomments&post=2208"}],"wp:featuredmedia":[{"embeddable":true,"href":"https:\/\/regisbike.com.br\/index.php?rest_route=\/wp\/v2\/media\/2209"}],"wp:attachment":[{"href":"https:\/\/regisbike.com.br\/index.php?rest_route=%2Fwp%2Fv2%2Fmedia&parent=2208"}],"wp:term":[{"taxonomy":"product_cat","embeddable":true,"href":"https:\/\/regisbike.com.br\/index.php?rest_route=%2Fwp%2Fv2%2Fproduct_cat&post=2208"},{"taxonomy":"product_tag","embeddable":true,"href":"https:\/\/regisbike.com.br\/index.php?rest_route=%2Fwp%2Fv2%2Fproduct_tag&post=2208"}],"curies":[{"name":"wp","href":"https:\/\/api.w.org\/{rel}","templated":true}]}}