{"id":2210,"date":"2022-02-04T10:48:03","date_gmt":"2022-02-04T13:48:03","guid":{"rendered":"https:\/\/regisbike.com.br\/?post_type=product&#038;p=2210"},"modified":"2022-05-23T14:52:20","modified_gmt":"2022-05-23T17:52:20","slug":"selim-epic-line-confort-gel-com-elastomero","status":"publish","type":"product","link":"https:\/\/regisbike.com.br\/?product=selim-epic-line-confort-gel-com-elastomero","title":{"rendered":"SELIM EPIC LINE CONFORT GEL COM ELAST\u00d4MERO"},"content":{"rendered":"<p style=\"text-align: center\"><strong>SELIM EPIC LINE CONFORT GEL<\/strong><\/p>\n<p>Epic Line Gel Confort ATV-8609A foi desenvolvido em gel e com elast\u00f4mero, para ciclistas que procuram mais conforto ao andar de bicicleta, possui constru\u00e7\u00e3o ergon\u00f4mica que ajuda no melhor posicionamento do ciclista sobre o banco da bicicleta, proporcionando ainda mais conforto para pedais de curta e m\u00e9dia dura\u00e7\u00e3o.<\/p>\n<p><strong>Caracter\u00edsticas:\u00a0<\/strong><\/p>\n<ul>\n<li><strong>Desenvolvido em gel e com elast\u00f4mero;<\/strong><\/li>\n<li><strong>Constru\u00e7\u00e3o ergon\u00f4mica para maior conforto do ciclista;<\/strong><\/li>\n<li><strong>Com trilho refor\u00e7ado com absor\u00e7\u00e3o de impacto no elast\u00f4mero;<\/strong><\/li>\n<li><strong>Modalidade:\u00a0<\/strong>Confort\/City;<\/li>\n<li><strong>Material:\u00a0<\/strong>Gel, Elast\u00f4mero, Couro Sint\u00e9tico e Ferro;<\/li>\n<li><strong>Medida:\u00a0<\/strong>279X210mm;<\/li>\n<li><strong>Peso:\u00a0<\/strong>716g.<\/li>\n<\/ul>\n<p>&nbsp;<\/p>\n","protected":false},"excerpt":{"rendered":"<p><strong>Material:\u00a0<\/strong>Couro Sint\u00e9tico;<\/p>\n<p><strong>Marca:\u00a0<\/strong>Epic Line;<\/p>\n<p><strong>Modelo:\u00a0<\/strong>ATV-8609A<\/p>\n<p><strong>Peso:\u00a0<\/strong>716g<\/p>\n","protected":false},"featured_media":2211,"comment_status":"open","ping_status":"closed","template":"","meta":[],"product_cat":[17,36],"product_tag":[],"_links":{"self":[{"href":"https:\/\/regisbike.com.br\/index.php?rest_route=\/wp\/v2\/product\/2210"}],"collection":[{"href":"https:\/\/regisbike.com.br\/index.php?rest_route=\/wp\/v2\/product"}],"about":[{"href":"https:\/\/regisbike.com.br\/index.php?rest_route=\/wp\/v2\/types\/product"}],"replies":[{"embeddable":true,"href":"https:\/\/regisbike.com.br\/index.php?rest_route=%2Fwp%2Fv2%2Fcomments&post=2210"}],"wp:featuredmedia":[{"embeddable":true,"href":"https:\/\/regisbike.com.br\/index.php?rest_route=\/wp\/v2\/media\/2211"}],"wp:attachment":[{"href":"https:\/\/regisbike.com.br\/index.php?rest_route=%2Fwp%2Fv2%2Fmedia&parent=2210"}],"wp:term":[{"taxonomy":"product_cat","embeddable":true,"href":"https:\/\/regisbike.com.br\/index.php?rest_route=%2Fwp%2Fv2%2Fproduct_cat&post=2210"},{"taxonomy":"product_tag","embeddable":true,"href":"https:\/\/regisbike.com.br\/index.php?rest_route=%2Fwp%2Fv2%2Fproduct_tag&post=2210"}],"curies":[{"name":"wp","href":"https:\/\/api.w.org\/{rel}","templated":true}]}}