{"id":2253,"date":"2022-02-11T10:44:20","date_gmt":"2022-02-11T13:44:20","guid":{"rendered":"https:\/\/regisbike.com.br\/?post_type=product&#038;p=2253"},"modified":"2025-10-24T18:39:36","modified_gmt":"2025-10-24T21:39:36","slug":"mini-bomba-rontek-bbp-012-de-aluminio-com-manometro","status":"publish","type":"product","link":"https:\/\/regisbike.com.br\/?product=mini-bomba-rontek-bbp-012-de-aluminio-com-manometro","title":{"rendered":"MINI BOMBA RONTEK BBP-012 DE ALUM\u00cdNIO COM MAN\u00d4METRO"},"content":{"rendered":"","protected":false},"excerpt":{"rendered":"<p><strong>Um est\u00e1gio ao bombear;<\/strong><\/p>\n<p><strong>Trava de seguran\u00e7a para a v\u00e1lvula;<\/strong><\/p>\n<p><strong>Pode ser utilizada tanto para bico americano quanto em bico fino;<\/strong><\/p>\n<p><strong>Com man\u00f4metro em PSI e BAR;<\/strong><\/p>\n<p><strong>MATERIAL: <\/strong>Alum\u00ednio.<\/p>\n","protected":false},"featured_media":2254,"comment_status":"open","ping_status":"closed","template":"","meta":[],"product_cat":[16,41],"product_tag":[],"_links":{"self":[{"href":"https:\/\/regisbike.com.br\/index.php?rest_route=\/wp\/v2\/product\/2253"}],"collection":[{"href":"https:\/\/regisbike.com.br\/index.php?rest_route=\/wp\/v2\/product"}],"about":[{"href":"https:\/\/regisbike.com.br\/index.php?rest_route=\/wp\/v2\/types\/product"}],"replies":[{"embeddable":true,"href":"https:\/\/regisbike.com.br\/index.php?rest_route=%2Fwp%2Fv2%2Fcomments&post=2253"}],"wp:featuredmedia":[{"embeddable":true,"href":"https:\/\/regisbike.com.br\/index.php?rest_route=\/wp\/v2\/media\/2254"}],"wp:attachment":[{"href":"https:\/\/regisbike.com.br\/index.php?rest_route=%2Fwp%2Fv2%2Fmedia&parent=2253"}],"wp:term":[{"taxonomy":"product_cat","embeddable":true,"href":"https:\/\/regisbike.com.br\/index.php?rest_route=%2Fwp%2Fv2%2Fproduct_cat&post=2253"},{"taxonomy":"product_tag","embeddable":true,"href":"https:\/\/regisbike.com.br\/index.php?rest_route=%2Fwp%2Fv2%2Fproduct_tag&post=2253"}],"curies":[{"name":"wp","href":"https:\/\/api.w.org\/{rel}","templated":true}]}}