{"id":2267,"date":"2022-02-11T11:49:26","date_gmt":"2022-02-11T14:49:26","guid":{"rendered":"https:\/\/regisbike.com.br\/?post_type=product&#038;p=2267"},"modified":"2022-05-23T14:50:16","modified_gmt":"2022-05-23T17:50:16","slug":"manopla-rontek-com-bar-end-e-trava","status":"publish","type":"product","link":"https:\/\/regisbike.com.br\/?product=manopla-rontek-com-bar-end-e-trava","title":{"rendered":"MANOPLA RONTEK COM BAR END E TRAVA"},"content":{"rendered":"<p style=\"text-align: center\"><strong>MANOPLA RONTEK COM BAR END E TRAVA\u00a0<\/strong><\/p>\n<p><strong>Manopla com bar end e trava mater.<\/strong><\/p>\n","protected":false},"excerpt":{"rendered":"<p>OTIMIZE A SUA PEDALADA COM A MANOPLA RONTEK<\/p>\n<p>Com desenho anat\u00f4mico, a manopla Rontek com bar end e trava garante ader\u00eancia em todo tipo de condi\u00e7\u00e3o clim\u00e1tica e terreno, al\u00e9m de dar mais seguran\u00e7a ao ciclista.<\/p>\n","protected":false},"featured_media":2268,"comment_status":"open","ping_status":"closed","template":"","meta":[],"product_cat":[17,29],"product_tag":[],"_links":{"self":[{"href":"https:\/\/regisbike.com.br\/index.php?rest_route=\/wp\/v2\/product\/2267"}],"collection":[{"href":"https:\/\/regisbike.com.br\/index.php?rest_route=\/wp\/v2\/product"}],"about":[{"href":"https:\/\/regisbike.com.br\/index.php?rest_route=\/wp\/v2\/types\/product"}],"replies":[{"embeddable":true,"href":"https:\/\/regisbike.com.br\/index.php?rest_route=%2Fwp%2Fv2%2Fcomments&post=2267"}],"wp:featuredmedia":[{"embeddable":true,"href":"https:\/\/regisbike.com.br\/index.php?rest_route=\/wp\/v2\/media\/2268"}],"wp:attachment":[{"href":"https:\/\/regisbike.com.br\/index.php?rest_route=%2Fwp%2Fv2%2Fmedia&parent=2267"}],"wp:term":[{"taxonomy":"product_cat","embeddable":true,"href":"https:\/\/regisbike.com.br\/index.php?rest_route=%2Fwp%2Fv2%2Fproduct_cat&post=2267"},{"taxonomy":"product_tag","embeddable":true,"href":"https:\/\/regisbike.com.br\/index.php?rest_route=%2Fwp%2Fv2%2Fproduct_tag&post=2267"}],"curies":[{"name":"wp","href":"https:\/\/api.w.org\/{rel}","templated":true}]}}