{"id":274,"date":"2020-05-21T17:22:06","date_gmt":"2020-05-21T20:22:06","guid":{"rendered":"https:\/\/regisbike.com.br\/?post_type=product&#038;p=274"},"modified":"2023-03-27T10:51:34","modified_gmt":"2023-03-27T13:51:34","slug":"descanso-lateral-ostand-cd134-com-regulagem","status":"publish","type":"product","link":"https:\/\/regisbike.com.br\/?product=descanso-lateral-ostand-cd134-com-regulagem","title":{"rendered":"DESCANSO LATERAL OSTAND CD134 COM REGULAGEM"},"content":{"rendered":"<p>O Descanso Ostand CD-134 central com Regulagem \u00e9 o equipamento ideal para os ciclistas, pois auxilia na hora de estacionar a bike. O modelo \u00e9 regul\u00e1vel para aro 24&#8243;- 28&#8243;.<\/p>\n","protected":false},"excerpt":{"rendered":"<p>O Descanso Ostand CD-134 central com Regulagem \u00e9 o equipamento ideal para os ciclistas, pois auxilia na hora de estacionar a bike. O modelo \u00e9 regul\u00e1vel para aro 24&#8243;- 28&#8243;.<\/p>\n","protected":false},"featured_media":464,"comment_status":"open","ping_status":"closed","template":"","meta":[],"product_cat":[16,48],"product_tag":[],"_links":{"self":[{"href":"https:\/\/regisbike.com.br\/index.php?rest_route=\/wp\/v2\/product\/274"}],"collection":[{"href":"https:\/\/regisbike.com.br\/index.php?rest_route=\/wp\/v2\/product"}],"about":[{"href":"https:\/\/regisbike.com.br\/index.php?rest_route=\/wp\/v2\/types\/product"}],"replies":[{"embeddable":true,"href":"https:\/\/regisbike.com.br\/index.php?rest_route=%2Fwp%2Fv2%2Fcomments&post=274"}],"wp:featuredmedia":[{"embeddable":true,"href":"https:\/\/regisbike.com.br\/index.php?rest_route=\/wp\/v2\/media\/464"}],"wp:attachment":[{"href":"https:\/\/regisbike.com.br\/index.php?rest_route=%2Fwp%2Fv2%2Fmedia&parent=274"}],"wp:term":[{"taxonomy":"product_cat","embeddable":true,"href":"https:\/\/regisbike.com.br\/index.php?rest_route=%2Fwp%2Fv2%2Fproduct_cat&post=274"},{"taxonomy":"product_tag","embeddable":true,"href":"https:\/\/regisbike.com.br\/index.php?rest_route=%2Fwp%2Fv2%2Fproduct_tag&post=274"}],"curies":[{"name":"wp","href":"https:\/\/api.w.org\/{rel}","templated":true}]}}