{"id":3127,"date":"2025-09-11T10:22:27","date_gmt":"2025-09-11T13:22:27","guid":{"rendered":"https:\/\/regisbike.com.br\/?post_type=product&#038;p=3127"},"modified":"2025-09-11T10:22:27","modified_gmt":"2025-09-11T13:22:27","slug":"bicicleta-eletrica-groove-e-hype-24v-2025","status":"publish","type":"product","link":"https:\/\/regisbike.com.br\/?product=bicicleta-eletrica-groove-e-hype-24v-2025","title":{"rendered":"BICICLETA EL\u00c9TRICA GROOVE E-HYPE 24V 2025"},"content":{"rendered":"<h3><strong>Motor Groove 36v 250w 40Nm com Sensor de Torque<\/strong><\/h3>\n<p>Sua pot\u00eancia de\u00a0<strong>250W<\/strong>\u00a0e at\u00e9 4<strong>0 Nm e o consagrado sensor de torque<\/strong>\u00a0que alivia qualquer subida, colocando um sorriso no rosto dos ciclistas. Os sistema silenciosos, permitindo que voc\u00ea aproveite a paz e o sil\u00eancio em seu pedal<\/p>\n<h3><strong>Sensor de Torque<\/strong><\/h3>\n<p>Sensor de torque dentro do motor \u00e9 o destaque desse produto, conforme a leitura do terreno\/subida sensor envia mais pot\u00eancia ao motor se tornando mais f\u00e1cil a pedalada, e o sistema pode resultar em economia de energia de aproximadamente 10% a 20% em compara\u00e7\u00e3o a sistema que n\u00e3o possuem esse sensor.<\/p>\n<h3><strong>Bateria 378Wh externa de f\u00e1cil acesso .<\/strong><\/h3>\n<p>Com 378 Watts, e o formato em caramanhola, propicia o ciclista a estacionar em qualquer lugar e retirar a bateria e transportar em sua mochila para qualquer ambiente e local. F\u00e1cil de carregar, podendo ser carregada em diversos locais que usu\u00e1rio desejar, seja academia, faculdade, restaurante, etc sem a necessidade de ferramentas.<\/p>\n<h3><strong>Modos de assist\u00eancia<\/strong><\/h3>\n<p>A E-HYPE conta com\u00a0<strong>5 modos de pot\u00eancia<\/strong>, permitindo que voc\u00ea escolha o n\u00edvel de assist\u00eancia ao pedalar de acordo com a sua necessidade. Al\u00e9m de incluir o sitema de Walk Assist auxiliando o ciclista na hora de empurrar a bike com as m\u00e3os.<\/p>\n<p>&nbsp;<\/p>\n<p>&nbsp;<\/p>\n<p>&nbsp;<\/p>\n<p>&nbsp;<\/p>\n<h3 style=\"text-align: left\"><strong>Bateria<\/strong><\/h3>\n<h3 style=\"text-align: left\" data-start=\"93\" data-end=\"117\">Carregando a Bateria<\/h3>\n<ol style=\"text-align: left\" data-start=\"119\" data-end=\"509\">\n<li data-start=\"119\" data-end=\"258\">\n<p data-start=\"122\" data-end=\"258\">Use apenas o carregador de bateria original fornecido a voc\u00ea, pois h\u00e1 risco de inc\u00eandio ou explos\u00e3o se o carregador incorreto for usado.<\/p>\n<\/li>\n<li data-start=\"259\" data-end=\"341\">\n<p data-start=\"262\" data-end=\"341\">Voc\u00ea pode carregar sua bateria montada na bicicleta ou quando ela for removida.<\/p>\n<\/li>\n<li data-start=\"342\" data-end=\"509\">\n<p data-start=\"345\" data-end=\"509\">As baterias de \u00edons de l\u00edtio n\u00e3o est\u00e3o sujeitas a nenhum efeito de mem\u00f3ria.<br data-start=\"420\" data-end=\"423\" \/><strong data-start=\"426\" data-end=\"509\">Voc\u00ea pode recarregar sua bateria a qualquer momento, mesmo ap\u00f3s viagens curtas.<\/strong><\/p>\n<\/li>\n<\/ol>\n<h3 style=\"text-align: left\" data-start=\"516\" data-end=\"544\">Armazenamento da Bateria<\/h3>\n<ol style=\"text-align: left\" start=\"4\" data-start=\"546\" data-end=\"733\">\n<li data-start=\"546\" data-end=\"733\">\n<p data-start=\"549\" data-end=\"598\">Se n\u00e3o utilizar a sua E-BIKE durante muito tempo:<\/p>\n<ul data-start=\"602\" data-end=\"733\">\n<li data-start=\"602\" data-end=\"621\">\n<p data-start=\"604\" data-end=\"621\">Remova a bateria.<\/p>\n<\/li>\n<li data-start=\"625\" data-end=\"666\">\n<p data-start=\"627\" data-end=\"666\">Carregue a bateria at\u00e9 cerca de 60\u201380%.<\/p>\n<\/li>\n<li data-start=\"670\" data-end=\"733\">\n<p data-start=\"672\" data-end=\"733\">Armazene a bateria separadamente em um local seco e adequado.<\/p>\n<\/li>\n<\/ul>\n<\/li>\n<\/ol>\n<h3 style=\"text-align: left\" data-start=\"740\" data-end=\"765\">Hiberna\u00e7\u00e3o da Bateria<\/h3>\n<ol style=\"text-align: left\" start=\"5\" data-start=\"767\" data-end=\"872\">\n<li data-start=\"767\" data-end=\"872\">\n<p data-start=\"770\" data-end=\"872\">Para evitar uma descarga profunda, a bateria \u00e9 colocada em\u00a0<strong data-start=\"829\" data-end=\"851\">modo de hiberna\u00e7\u00e3o<\/strong>\u00a0ap\u00f3s um certo tempo.<\/p>\n<\/li>\n<\/ol>\n<h3 style=\"text-align: left\" data-start=\"879\" data-end=\"914\">Dist\u00e2ncia Percorrida com E-bike<\/h3>\n<ol start=\"6\" data-start=\"916\" data-end=\"1360\">\n<li data-start=\"916\" data-end=\"1360\">\n<p style=\"text-align: left\" data-start=\"919\" data-end=\"1031\">\u00c9 melhor carregar a bateria antes do in\u00edcio da viagem.<br data-start=\"973\" data-end=\"976\" \/>O ciclo de descarga da bateria pode ser afetado por:<\/p>\n<ul data-start=\"1036\" data-end=\"1360\">\n<li style=\"text-align: left\" data-start=\"1036\" data-end=\"1063\">\n<p data-start=\"1038\" data-end=\"1063\">Pot\u00eancia do pedal usado<\/p>\n<\/li>\n<li style=\"text-align: left\" data-start=\"1067\" data-end=\"1101\">\n<p data-start=\"1069\" data-end=\"1101\">Peso total (carga e motorista)<\/p>\n<\/li>\n<li style=\"text-align: left\" data-start=\"1105\" data-end=\"1132\">\n<p data-start=\"1107\" data-end=\"1132\">Press\u00e3o de ar dos pneus<\/p>\n<\/li>\n<li style=\"text-align: left\" data-start=\"1136\" data-end=\"1155\">\n<p data-start=\"1138\" data-end=\"1155\">Vento contr\u00e1rio<\/p>\n<\/li>\n<li style=\"text-align: left\" data-start=\"1159\" data-end=\"1183\">\n<p data-start=\"1161\" data-end=\"1183\">Temperatura ambiente<\/p>\n<\/li>\n<li style=\"text-align: left\" data-start=\"1187\" data-end=\"1222\">\n<p data-start=\"1189\" data-end=\"1222\">Condi\u00e7\u00e3o da estrada\/subterr\u00e2neo<\/p>\n<\/li>\n<li style=\"text-align: left\" data-start=\"1226\" data-end=\"1261\">\n<p data-start=\"1228\" data-end=\"1261\">N\u00edvel de velocidade selecionado<\/p>\n<\/li>\n<li style=\"text-align: left\" data-start=\"1265\" data-end=\"1276\">\n<p data-start=\"1267\" data-end=\"1276\">Declive<\/p>\n<\/li>\n<li style=\"text-align: left\" data-start=\"1280\" data-end=\"1309\">\n<p data-start=\"1282\" data-end=\"1309\">N\u00edvel de carga da bateria<\/p>\n<\/li>\n<li style=\"text-align: left\" data-start=\"1313\" data-end=\"1324\">\n<p data-start=\"1315\" data-end=\"1324\">Per\u00edodo<\/p>\n<\/li>\n<li data-start=\"1328\" data-end=\"1360\">\n<p style=\"text-align: left\" data-start=\"1330\" data-end=\"1360\">Capacidade restante da bateria<\/p>\n<\/li>\n<\/ul>\n<\/li>\n<\/ol>\n<p>&nbsp;<\/p>\n","protected":false},"excerpt":{"rendered":"<p><strong>VERS\u00c1TIL, DIVERTIDA COM POT\u00caNCIA E PRATICIDADE.<\/strong><\/p>\n<p style=\"text-align: left\">A praticidade para pedalar onde voc\u00ea quiser, com autonomia e rapidez como se estivesse em uma bicicleta normal. O motor Groove 250w, 40 Nm com sensor de torque, oferece mais carga ao iniciar uma subida. A\u00a0bateria de 378 Wh, pr\u00e1tica e de f\u00e1cil acesso a carregar em qualquer ambiente\u00a0 transformam a E-HYPE em uma excelente op\u00e7\u00e3o para sua mobilidade urbana com excelente praticidade e autonomia.<\/p>\n<p>&nbsp;<\/p>\n","protected":false},"featured_media":3132,"comment_status":"open","ping_status":"closed","template":"","meta":[],"product_cat":[58,129],"product_tag":[],"_links":{"self":[{"href":"https:\/\/regisbike.com.br\/index.php?rest_route=\/wp\/v2\/product\/3127"}],"collection":[{"href":"https:\/\/regisbike.com.br\/index.php?rest_route=\/wp\/v2\/product"}],"about":[{"href":"https:\/\/regisbike.com.br\/index.php?rest_route=\/wp\/v2\/types\/product"}],"replies":[{"embeddable":true,"href":"https:\/\/regisbike.com.br\/index.php?rest_route=%2Fwp%2Fv2%2Fcomments&post=3127"}],"wp:featuredmedia":[{"embeddable":true,"href":"https:\/\/regisbike.com.br\/index.php?rest_route=\/wp\/v2\/media\/3132"}],"wp:attachment":[{"href":"https:\/\/regisbike.com.br\/index.php?rest_route=%2Fwp%2Fv2%2Fmedia&parent=3127"}],"wp:term":[{"taxonomy":"product_cat","embeddable":true,"href":"https:\/\/regisbike.com.br\/index.php?rest_route=%2Fwp%2Fv2%2Fproduct_cat&post=3127"},{"taxonomy":"product_tag","embeddable":true,"href":"https:\/\/regisbike.com.br\/index.php?rest_route=%2Fwp%2Fv2%2Fproduct_tag&post=3127"}],"curies":[{"name":"wp","href":"https:\/\/api.w.org\/{rel}","templated":true}]}}