{"id":3144,"date":"2025-09-11T11:14:05","date_gmt":"2025-09-11T14:14:05","guid":{"rendered":"https:\/\/regisbike.com.br\/?post_type=product&#038;p=3144"},"modified":"2025-09-11T11:22:47","modified_gmt":"2025-09-11T14:22:47","slug":"bicicleta-eletrica-groove-e-ska-9-12v-boost-udh","status":"publish","type":"product","link":"https:\/\/regisbike.com.br\/?product=bicicleta-eletrica-groove-e-ska-9-12v-boost-udh","title":{"rendered":"BICICLETA EL\u00c9TRICA GROOVE E-SKA 9 12V BOOST UDH"},"content":{"rendered":"<p><strong>MOTOR BAFANG M410<\/strong><\/p>\n<p>Sua pot\u00eancia de 250W e at\u00e9 80 Nm alivia qualquer subida, colocando um sorriso no rosto dos ciclistas. Os sistemas<br \/>\nde acionamento Bafang s\u00e3o silenciosos, permitindo que voc\u00ea aproveite a paz e o sil\u00eancio nas trilhas<strong>.<\/strong><\/p>\n<p>&nbsp;<\/p>\n<h4><strong>BATERIA PARA PEDALAR MAIS LONGE DO QUE NUNCA.<\/strong><\/h4>\n<p>Com 655 Watts, possui a maior autonomia da categoria, sendo totalmente integrada ao quadro, f\u00e1cil de usar,<br \/>\npodendo ser removida sem a necessidade de ferramentas e recarregada dentro ou fora da bicicleta.<\/p>\n<p>&nbsp;<\/p>\n<p><strong>SUSPENS\u00c3O DIANTEIRA<\/strong><\/p>\n<p>A\u00a0<strong>suspens\u00e3o Rockshox Judy Silver<\/strong>\u00a0Solo Air 15x110mm Tapered<\/p>\n<p>&nbsp;<\/p>\n<p><strong>CANOTE RETR\u00c1TIL<\/strong><\/p>\n<p>Retr\u00e1til X-Fusion Manic 31.6 Curso (S-M) 125mm (L) 150mm<\/p>\n<p>&nbsp;<\/p>\n<p><strong>TRANSMISS\u00c3O SHIMANO DEORE 6100<\/strong><\/p>\n<p>Shimano 6100 Deore 12v com cassete 10-51D, corrente, freios hidr\u00e1ulicos MT 410<\/p>\n<p>&nbsp;<\/p>\n<h4><strong>BAFANG GO.<\/strong><\/h4>\n<p>Conecte-se via Bluetooth com rastreamento em tempo real, configura\u00e7\u00f5es personalizadas, navega\u00e7\u00e3o e muito mais \u2013 tudo isso na palma da sua m\u00e3o, atrav\u00e9s do aplicativo Bafang Go.<\/p>\n<p>&nbsp;<\/p>\n<h4><strong>BATERIA<\/strong><\/h4>\n<p data-start=\"93\" data-end=\"117\"><strong>Carregando a Bateria<\/strong><\/p>\n<ol data-start=\"119\" data-end=\"509\">\n<li data-start=\"119\" data-end=\"258\">\n<p data-start=\"122\" data-end=\"258\">Use apenas o carregador de bateria original fornecido a voc\u00ea, pois h\u00e1 risco de inc\u00eandio ou explos\u00e3o se o carregador incorreto for usado.<\/p>\n<\/li>\n<li data-start=\"259\" data-end=\"341\">\n<p data-start=\"262\" data-end=\"341\">Voc\u00ea pode carregar sua bateria montada na bicicleta ou quando ela for removida.<\/p>\n<\/li>\n<li data-start=\"342\" data-end=\"509\">\n<p data-start=\"345\" data-end=\"509\">As baterias de \u00edons de l\u00edtio n\u00e3o est\u00e3o sujeitas a nenhum efeito de mem\u00f3ria.<br data-start=\"420\" data-end=\"423\" \/><strong data-start=\"426\" data-end=\"509\">Voc\u00ea pode recarregar sua bateria a qualquer momento, mesmo ap\u00f3s viagens curtas.<\/strong><\/p>\n<\/li>\n<\/ol>\n<p data-start=\"516\" data-end=\"544\"><strong>Armazenamento da Bateria<\/strong><\/p>\n<ol start=\"4\" data-start=\"546\" data-end=\"733\">\n<li data-start=\"546\" data-end=\"733\">\n<p data-start=\"549\" data-end=\"598\">Se n\u00e3o utilizar a sua E-BIKE durante muito tempo:<\/p>\n<ul data-start=\"602\" data-end=\"733\">\n<li data-start=\"602\" data-end=\"621\">\n<p data-start=\"604\" data-end=\"621\">Remova a bateria.<\/p>\n<\/li>\n<li data-start=\"625\" data-end=\"666\">\n<p data-start=\"627\" data-end=\"666\">Carregue a bateria at\u00e9 cerca de 60\u201380%.<\/p>\n<\/li>\n<li data-start=\"670\" data-end=\"733\">\n<p data-start=\"672\" data-end=\"733\">Armazene a bateria separadamente em um local seco e adequado.<\/p>\n<\/li>\n<\/ul>\n<\/li>\n<\/ol>\n<p data-start=\"879\" data-end=\"914\"><strong>Dist\u00e2ncia Percorrida com E-bike<\/strong><\/p>\n<ol start=\"6\" data-start=\"916\" data-end=\"1360\">\n<li data-start=\"916\" data-end=\"1360\">\n<p data-start=\"919\" data-end=\"1031\">\u00c9 melhor carregar a bateria antes do in\u00edcio da viagem.<br data-start=\"973\" data-end=\"976\" \/>O ciclo de descarga da bateria pode ser afetado por:<\/p>\n<ul data-start=\"1036\" data-end=\"1360\">\n<li data-start=\"1036\" data-end=\"1063\">\n<p data-start=\"1038\" data-end=\"1063\">Pot\u00eancia do pedal usado<\/p>\n<\/li>\n<li data-start=\"1067\" data-end=\"1101\">\n<p data-start=\"1069\" data-end=\"1101\">Peso total (carga e motorista)<\/p>\n<\/li>\n<li data-start=\"1105\" data-end=\"1132\">\n<p data-start=\"1107\" data-end=\"1132\">Press\u00e3o de ar dos pneus<\/p>\n<\/li>\n<li data-start=\"1136\" data-end=\"1155\">\n<p data-start=\"1138\" data-end=\"1155\">Vento contr\u00e1rio<\/p>\n<\/li>\n<li data-start=\"1159\" data-end=\"1183\">\n<p data-start=\"1161\" data-end=\"1183\">Temperatura ambiente<\/p>\n<\/li>\n<li data-start=\"1187\" data-end=\"1222\">\n<p data-start=\"1189\" data-end=\"1222\">Condi\u00e7\u00e3o da estrada\/subterr\u00e2neo<\/p>\n<\/li>\n<li data-start=\"1226\" data-end=\"1261\">\n<p data-start=\"1228\" data-end=\"1261\">N\u00edvel de velocidade selecionado<\/p>\n<\/li>\n<li data-start=\"1265\" data-end=\"1276\">\n<p data-start=\"1267\" data-end=\"1276\">Declive<\/p>\n<\/li>\n<li data-start=\"1280\" data-end=\"1309\">\n<p data-start=\"1282\" data-end=\"1309\">N\u00edvel de carga da bateria<\/p>\n<\/li>\n<li data-start=\"1313\" data-end=\"1324\">\n<p data-start=\"1315\" data-end=\"1324\">Per\u00edodo<\/p>\n<\/li>\n<li data-start=\"1328\" data-end=\"1360\">\n<p data-start=\"1330\" data-end=\"1360\">Capacidade restante da bateria<\/p>\n<\/li>\n<\/ul>\n<\/li>\n<\/ol>\n","protected":false},"excerpt":{"rendered":"<h4><strong>NOVO QUADRO BOOST \u201cSMART WELDING\u201d COMPAT\u00cdVEL GANCHEIRA SRAM UDH<\/strong><\/h4>\n<p>O novo quadro Groove e-SKA vem com a inova\u00e7\u00e3o \u201cSmartWelding\u201d, a solda do quadro invis\u00edvel pr\u00f3xima caixa de dire\u00e7\u00e3o, deixando o quadro mais limpo. Al\u00e9m dessa novidade, o novo quadro consta com sistema BOOST eixo 148mm para eixo passante com gancheira universal UDH.<\/p>\n","protected":false},"featured_media":3143,"comment_status":"open","ping_status":"closed","template":"","meta":[],"product_cat":[58,129],"product_tag":[],"_links":{"self":[{"href":"https:\/\/regisbike.com.br\/index.php?rest_route=\/wp\/v2\/product\/3144"}],"collection":[{"href":"https:\/\/regisbike.com.br\/index.php?rest_route=\/wp\/v2\/product"}],"about":[{"href":"https:\/\/regisbike.com.br\/index.php?rest_route=\/wp\/v2\/types\/product"}],"replies":[{"embeddable":true,"href":"https:\/\/regisbike.com.br\/index.php?rest_route=%2Fwp%2Fv2%2Fcomments&post=3144"}],"wp:featuredmedia":[{"embeddable":true,"href":"https:\/\/regisbike.com.br\/index.php?rest_route=\/wp\/v2\/media\/3143"}],"wp:attachment":[{"href":"https:\/\/regisbike.com.br\/index.php?rest_route=%2Fwp%2Fv2%2Fmedia&parent=3144"}],"wp:term":[{"taxonomy":"product_cat","embeddable":true,"href":"https:\/\/regisbike.com.br\/index.php?rest_route=%2Fwp%2Fv2%2Fproduct_cat&post=3144"},{"taxonomy":"product_tag","embeddable":true,"href":"https:\/\/regisbike.com.br\/index.php?rest_route=%2Fwp%2Fv2%2Fproduct_tag&post=3144"}],"curies":[{"name":"wp","href":"https:\/\/api.w.org\/{rel}","templated":true}]}}