{"id":3148,"date":"2025-09-11T11:21:50","date_gmt":"2025-09-11T14:21:50","guid":{"rendered":"https:\/\/regisbike.com.br\/?post_type=product&#038;p=3148"},"modified":"2025-09-11T11:21:50","modified_gmt":"2025-09-11T14:21:50","slug":"3148","status":"publish","type":"product","link":"https:\/\/regisbike.com.br\/?product=3148","title":{"rendered":""},"content":{"rendered":"<h3><strong>MOTOR BAFANG M430 E BATERIA BAFANG BT F200<\/strong><\/h3>\n<p>Os parceiros para te acompanhar em todos os terrenos com pot\u00eancia e velocidade.<\/p>\n<h4><strong>Motor<\/strong>:<\/h4>\n<ul>\n<li>500W de pot\u00eancia<\/li>\n<li>120Nm de torque m\u00e1ximo<\/li>\n<li>Assist\u00eancia de 45km\/h<\/li>\n<\/ul>\n<p><strong>Bateria<\/strong>:<\/p>\n<ul>\n<li>840Wh de capacidade<\/li>\n<li>6h para recarga<\/li>\n<\/ul>\n<h3><strong>PERSONALIZE A SUA EXPERI\u00caNCIA COM APLICATIVO BAFANG GO<\/strong><\/h3>\n<p>Agora com display DP C245.CAN, conecte-se via Bluetooth com rastreamento em tempo real, configura\u00e7\u00f5es personalizadas, navega\u00e7\u00e3o e muito mais \u2013 tudo isso na palma da sua m\u00e3o, atrav\u00e9s do aplicativo Bafang Go.<\/p>\n<h3><strong>E-BIKE FEITA PARA O MTB<\/strong><\/h3>\n<p>A E-Slap \u00e9 totalmente voltada para a pr\u00e1tica do e-MTB XC, com quadro Alloy Boost, suspens\u00e3o e shock RockShox (Psylo e Deluxe Select, respectivamente), C\u00e2mbio Shimano Deore 12v, freios Deore 4-Pist\u00f5es, pneus Vittoria e-Agarro e canote retr\u00e1til X-Fusion Manic.<\/p>\n<p>&nbsp;<\/p>\n<h3><strong>Bateria<\/strong><\/h3>\n<p data-start=\"93\" data-end=\"117\"><strong>Carregando a Bateria<\/strong><\/p>\n<ol data-start=\"119\" data-end=\"509\">\n<li data-start=\"119\" data-end=\"258\">\n<p data-start=\"122\" data-end=\"258\">Use apenas o carregador de bateria original fornecido a voc\u00ea, pois h\u00e1 risco de inc\u00eandio ou explos\u00e3o se o carregador incorreto for usado.<\/p>\n<\/li>\n<li data-start=\"259\" data-end=\"341\">\n<p data-start=\"262\" data-end=\"341\">Voc\u00ea pode carregar sua bateria montada na bicicleta ou quando ela for removida.<\/p>\n<\/li>\n<li data-start=\"342\" data-end=\"509\">\n<p data-start=\"345\" data-end=\"509\">As baterias de \u00edons de l\u00edtio n\u00e3o est\u00e3o sujeitas a nenhum efeito de mem\u00f3ria.<br data-start=\"420\" data-end=\"423\" \/><strong data-start=\"426\" data-end=\"509\">Voc\u00ea pode recarregar sua bateria a qualquer momento, mesmo ap\u00f3s viagens curtas.<\/strong><\/p>\n<\/li>\n<\/ol>\n<p data-start=\"516\" data-end=\"544\"><strong>Armazenamento da Bateria<\/strong><\/p>\n<ol start=\"4\" data-start=\"546\" data-end=\"733\">\n<li data-start=\"546\" data-end=\"733\">\n<p data-start=\"549\" data-end=\"598\">Se n\u00e3o utilizar a sua E-BIKE durante muito tempo:<\/p>\n<ul data-start=\"602\" data-end=\"733\">\n<li data-start=\"602\" data-end=\"621\">\n<p data-start=\"604\" data-end=\"621\">Remova a bateria.<\/p>\n<\/li>\n<li data-start=\"625\" data-end=\"666\">\n<p data-start=\"627\" data-end=\"666\">Carregue a bateria at\u00e9 cerca de 60\u201380%.<\/p>\n<\/li>\n<li data-start=\"670\" data-end=\"733\">\n<p data-start=\"672\" data-end=\"733\">Armazene a bateria separadamente em um local seco e adequado.<\/p>\n<\/li>\n<\/ul>\n<\/li>\n<\/ol>\n<p data-start=\"879\" data-end=\"914\"><strong>Dist\u00e2ncia Percorrida com E-bike<\/strong><\/p>\n<ol start=\"6\" data-start=\"916\" data-end=\"1360\">\n<li data-start=\"916\" data-end=\"1360\">\n<p data-start=\"919\" data-end=\"1031\">\u00c9 melhor carregar a bateria antes do in\u00edcio da viagem.<br data-start=\"973\" data-end=\"976\" \/>O ciclo de descarga da bateria pode ser afetado por:<\/p>\n<ul data-start=\"1036\" data-end=\"1360\">\n<li data-start=\"1036\" data-end=\"1063\">\n<p data-start=\"1038\" data-end=\"1063\">Pot\u00eancia do pedal usado<\/p>\n<\/li>\n<li data-start=\"1067\" data-end=\"1101\">\n<p data-start=\"1069\" data-end=\"1101\">Peso total (carga e motorista)<\/p>\n<\/li>\n<li data-start=\"1105\" data-end=\"1132\">\n<p data-start=\"1107\" data-end=\"1132\">Press\u00e3o de ar dos pneus<\/p>\n<\/li>\n<li data-start=\"1136\" data-end=\"1155\">\n<p data-start=\"1138\" data-end=\"1155\">Vento contr\u00e1rio<\/p>\n<\/li>\n<li data-start=\"1159\" data-end=\"1183\">\n<p data-start=\"1161\" data-end=\"1183\">Temperatura ambiente<\/p>\n<\/li>\n<li data-start=\"1187\" data-end=\"1222\">\n<p data-start=\"1189\" data-end=\"1222\">Condi\u00e7\u00e3o da estrada\/subterr\u00e2neo<\/p>\n<\/li>\n<li data-start=\"1226\" data-end=\"1261\">\n<p data-start=\"1228\" data-end=\"1261\">N\u00edvel de velocidade selecionado<\/p>\n<\/li>\n<li data-start=\"1265\" data-end=\"1276\">\n<p data-start=\"1267\" data-end=\"1276\">Declive<\/p>\n<\/li>\n<li data-start=\"1280\" data-end=\"1309\">\n<p data-start=\"1282\" data-end=\"1309\">N\u00edvel de carga da bateria<\/p>\n<\/li>\n<li data-start=\"1313\" data-end=\"1324\">\n<p data-start=\"1315\" data-end=\"1324\">Per\u00edodo<\/p>\n<\/li>\n<li data-start=\"1328\" data-end=\"1360\">\n<p data-start=\"1330\" data-end=\"1360\">Capacidade restante da bateria<\/p>\n<\/li>\n<\/ul>\n<\/li>\n<\/ol>\n","protected":false},"excerpt":{"rendered":"<p><a href=\"https:\/\/regisbike.com.br\/wp-content\/uploads\/2025\/09\/E-SLAP-ALLOY.png\"><img decoding=\"async\" loading=\"lazy\" class=\"alignnone size-medium wp-image-3149\" src=\"https:\/\/regisbike.com.br\/wp-content\/uploads\/2025\/09\/E-SLAP-ALLOY-300x48.png\" alt=\"\" width=\"300\" height=\"48\" srcset=\"https:\/\/regisbike.com.br\/wp-content\/uploads\/2025\/09\/E-SLAP-ALLOY-300x48.png 300w, https:\/\/regisbike.com.br\/wp-content\/uploads\/2025\/09\/E-SLAP-ALLOY-1024x164.png 1024w, https:\/\/regisbike.com.br\/wp-content\/uploads\/2025\/09\/E-SLAP-ALLOY-768x123.png 768w, https:\/\/regisbike.com.br\/wp-content\/uploads\/2025\/09\/E-SLAP-ALLOY-600x96.png 600w, https:\/\/regisbike.com.br\/wp-content\/uploads\/2025\/09\/E-SLAP-ALLOY.png 1052w\" sizes=\"(max-width: 300px) 100vw, 300px\" \/><\/a><\/p>\n<p><strong>AVENTURA SEM FIM, LIBERDADE SEM LIMITES.<\/strong><\/p>\n<p>Com componentes Shimano, Rockshox e Bafang, essa full suspension proporciona pot\u00eancia e controle total para voc\u00ea atingir a sua melhor perfomance em qualquer terreno.<\/p>\n","protected":false},"featured_media":3154,"comment_status":"open","ping_status":"closed","template":"","meta":[],"product_cat":[58,129],"product_tag":[],"_links":{"self":[{"href":"https:\/\/regisbike.com.br\/index.php?rest_route=\/wp\/v2\/product\/3148"}],"collection":[{"href":"https:\/\/regisbike.com.br\/index.php?rest_route=\/wp\/v2\/product"}],"about":[{"href":"https:\/\/regisbike.com.br\/index.php?rest_route=\/wp\/v2\/types\/product"}],"replies":[{"embeddable":true,"href":"https:\/\/regisbike.com.br\/index.php?rest_route=%2Fwp%2Fv2%2Fcomments&post=3148"}],"wp:featuredmedia":[{"embeddable":true,"href":"https:\/\/regisbike.com.br\/index.php?rest_route=\/wp\/v2\/media\/3154"}],"wp:attachment":[{"href":"https:\/\/regisbike.com.br\/index.php?rest_route=%2Fwp%2Fv2%2Fmedia&parent=3148"}],"wp:term":[{"taxonomy":"product_cat","embeddable":true,"href":"https:\/\/regisbike.com.br\/index.php?rest_route=%2Fwp%2Fv2%2Fproduct_cat&post=3148"},{"taxonomy":"product_tag","embeddable":true,"href":"https:\/\/regisbike.com.br\/index.php?rest_route=%2Fwp%2Fv2%2Fproduct_tag&post=3148"}],"curies":[{"name":"wp","href":"https:\/\/api.w.org\/{rel}","templated":true}]}}