{"id":3174,"date":"2025-09-11T14:01:07","date_gmt":"2025-09-11T17:01:07","guid":{"rendered":"https:\/\/regisbike.com.br\/?post_type=product&#038;p=3174"},"modified":"2025-09-11T14:01:07","modified_gmt":"2025-09-11T17:01:07","slug":"bicicleta-infantil-groove-ragga-16","status":"publish","type":"product","link":"https:\/\/regisbike.com.br\/?product=bicicleta-infantil-groove-ragga-16","title":{"rendered":"BICICLETA INFANTIL GROOVE RAGGA 16"},"content":{"rendered":"<p><strong>Ragga aro 16 possui rodas raiadas e aros de alum\u00ednio. Com essa configura\u00e7\u00e3o ela n\u00e3o empena igual as bicicletas de supermercado, sendo uma verdadeira bicicleta e n\u00e3o um brinquedo. Acreditamos que a crian\u00e7a tem que ter uma bicicleta de verdade!<\/p>\n<p>TAMANHO:\u00a0\u00a0<\/strong>\u00daNICO\/ARO 16<\/p>\n<p><strong>COR:\u00a0<\/strong> GRAFITE\/AZUL\/VERMELHO<\/p>\n<p><strong>QUADRO:\u00a0<\/strong>A\u00c7O CARBONO<\/p>\n<p><strong>SUSPENS\u00c3O:\u00a0<\/strong>GARFO A\u00c7O CARBONO<\/p>\n<p><strong>PEDIVELA:\u00a0<\/strong>A\u00c7O CARBONO 115MM PRETO<\/p>\n<p><strong>CATRACA:\u00a0<\/strong>A\u00c7O GROOVE 18 DENTES<\/p>\n<p><strong>CORRRENTE:\u00a0<\/strong>GROOVE 1\/2 X 1\/8<\/p>\n<p><strong>ALAVANCA DE FREIO:\u00a0<\/strong>PL\u00c1STICA MANETE PR\u00d3XIMO DESIGN PR\u00d3XIMO GUID\u00c3O<\/p>\n<p><strong>FREIO:\u00a0<\/strong>V-BRAKE<\/p>\n<p><strong>MOVIMENTO CENTRAL:\u00a0<\/strong>A\u00c7O GROOVE 45MM<\/p>\n<p><strong>CUBOS:\u00a0<\/strong>A\u00c7O<\/p>\n<p><strong>RAIOS:\u00a0<\/strong>PRETO<\/p>\n<p><strong>AROS:\u00a0<\/strong>ALUM\u00cdNIO<\/p>\n<p><strong>GUID\u00c3O:\u00a0<\/strong>BMX A\u00c7O 500MM<\/p>\n<p><strong>MESA:\u00a0<\/strong>BMX A\u00c7O CARBONO<\/p>\n<p><strong>CANOTE:\u00a0<\/strong>GROOVE A\u00c7O CARBONO<\/p>\n<p><strong>ABRA\u00c7ADEIRA DE SELIM:\u00a0<\/strong>INTEGRADA<\/p>\n<p><strong>SELIM:\u00a0<\/strong>GROOVE AMS MIRIM<\/p>\n<p><strong>PNEU:\u00a0<\/strong>CHAOYANG 16<\/p>\n<p><strong>PESO:\u00a0<\/strong>9,6KG<\/p>\n<p>&nbsp;<\/p>\n<table class=\"table table-striped table-hover groove-table-small td-spacer-lg margin-top-60\" style=\"height: 15px\" width=\"5\">\n<tbody>\n<tr>\n<td><\/td>\n<td><\/td>\n<\/tr>\n<\/tbody>\n<\/table>\n","protected":false},"excerpt":{"rendered":"<p><a href=\"https:\/\/regisbike.com.br\/wp-content\/uploads\/2025\/09\/Ragga-16-.png\"><img decoding=\"async\" loading=\"lazy\" class=\"alignnone wp-image-3183\" src=\"https:\/\/regisbike.com.br\/wp-content\/uploads\/2025\/09\/Ragga-16-.png\" alt=\"\" width=\"223\" height=\"25\" \/><\/a><\/p>\n<p>&nbsp;<\/p>\n<p><strong>Bicicleta infantil Groove Bikes Ragga Kids aro 16, bicicleta infantil com qualidade da linha MTB Groove em pe\u00e7as e grafismos. Guid\u00e3o BMX, freio V-brake e manete de freio curvo, deixando mais pr\u00f3ximo do guid\u00e3o e proporcionando seguran\u00e7a para a crian\u00e7a ao pedalar. Cobre corrente, rodas laterais e pedivela 115mm adequado ao tamanho da bicicleta e altura da crian\u00e7a. Geometria acertada para a altura e idade da crian\u00e7a.<\/strong><\/p>\n<p>&nbsp;<\/p>\n","protected":false},"featured_media":3177,"comment_status":"open","ping_status":"closed","template":"","meta":[],"product_cat":[58,60],"product_tag":[],"_links":{"self":[{"href":"https:\/\/regisbike.com.br\/index.php?rest_route=\/wp\/v2\/product\/3174"}],"collection":[{"href":"https:\/\/regisbike.com.br\/index.php?rest_route=\/wp\/v2\/product"}],"about":[{"href":"https:\/\/regisbike.com.br\/index.php?rest_route=\/wp\/v2\/types\/product"}],"replies":[{"embeddable":true,"href":"https:\/\/regisbike.com.br\/index.php?rest_route=%2Fwp%2Fv2%2Fcomments&post=3174"}],"wp:featuredmedia":[{"embeddable":true,"href":"https:\/\/regisbike.com.br\/index.php?rest_route=\/wp\/v2\/media\/3177"}],"wp:attachment":[{"href":"https:\/\/regisbike.com.br\/index.php?rest_route=%2Fwp%2Fv2%2Fmedia&parent=3174"}],"wp:term":[{"taxonomy":"product_cat","embeddable":true,"href":"https:\/\/regisbike.com.br\/index.php?rest_route=%2Fwp%2Fv2%2Fproduct_cat&post=3174"},{"taxonomy":"product_tag","embeddable":true,"href":"https:\/\/regisbike.com.br\/index.php?rest_route=%2Fwp%2Fv2%2Fproduct_tag&post=3174"}],"curies":[{"name":"wp","href":"https:\/\/api.w.org\/{rel}","templated":true}]}}