{"id":3214,"date":"2025-09-11T14:20:54","date_gmt":"2025-09-11T17:20:54","guid":{"rendered":"https:\/\/regisbike.com.br\/?post_type=product&#038;p=3214"},"modified":"2025-09-11T14:20:54","modified_gmt":"2025-09-11T17:20:54","slug":"bicicleta-infantil-groove-t20","status":"publish","type":"product","link":"https:\/\/regisbike.com.br\/?product=bicicleta-infantil-groove-t20","title":{"rendered":"BICICLETA INFANTIL GROOVE T20"},"content":{"rendered":"<p><strong>TAMANHO:\u00a0\u00a0<\/strong>\u00daNICO\/ARO 20<\/p>\n<p><strong>COR:\u00a0<\/strong> PRETO\/AZUL CAMUFLADA OU PRETO\/VERDE CAMUFLADA<\/p>\n<p><strong>QUADRO:\u00a0<\/strong>A\u00c7O CARBONO<\/p>\n<p><strong>SUSPENS\u00c3O:\u00a0<\/strong>GARFO A\u00c7O CARBONO<\/p>\n<p><strong>PEDIVELA:\u00a0<\/strong>A\u00c7O CARBONO 140MM PRETO<\/p>\n<p><strong>CATRACA:\u00a0<\/strong>A\u00c7O GROOVE 18 DENTES<\/p>\n<p><strong>CORRRENTE:\u00a0<\/strong>GROOVE 1\/2 X 1\/8<\/p>\n<p><strong>ALAVANCA DE FREIO:\u00a0<\/strong>PL\u00c1STICA MANETE PR\u00d3XIMO DESIGN PR\u00d3XIMO GUID\u00c3O<\/p>\n<p><strong>FREIO:\u00a0<\/strong>V-BRAKE<\/p>\n<p><strong>MOVIMENTO CENTRAL:\u00a0<\/strong>A\u00c7O GROOVE 45MM<\/p>\n<p><strong>CUBOS:\u00a0<\/strong>A\u00c7O<\/p>\n<p><strong>RAIOS:\u00a0<\/strong>PRETO<\/p>\n<p><strong>AROS:\u00a0<\/strong>ALUM\u00cdNIO<\/p>\n<p><strong>GUID\u00c3O:\u00a0<\/strong>BMX A\u00c7O 560MM<\/p>\n<p><strong>MESA:\u00a0<\/strong>BMX A\u00c7O CARBONO<\/p>\n<p><strong>CANOTE:\u00a0<\/strong>GROOVE A\u00c7O CARBONO<\/p>\n<p><strong>ABRA\u00c7ADEIRA DE SELIM:\u00a0<\/strong>INTEGRADA<\/p>\n<p><strong>SELIM:\u00a0<\/strong>GROOVE AMS KIDS<\/p>\n<p><strong>PNEU:\u00a0<\/strong>CHAOYANG 16<\/p>\n<p><strong>PESO: <\/strong>10,6KG<\/p>\n","protected":false},"excerpt":{"rendered":"<p><a href=\"https:\/\/regisbike.com.br\/wp-content\/uploads\/2025\/09\/T20-.png\"><img decoding=\"async\" loading=\"lazy\" class=\"alignnone size-full wp-image-3224\" src=\"https:\/\/regisbike.com.br\/wp-content\/uploads\/2025\/09\/T20-.png\" alt=\"\" width=\"101\" height=\"30\" \/><\/a><\/p>\n<p><strong>T20 Camuflada sucesso na marca TITO agora na linha GROOVE. As rodas da linha T s\u00e3o um diferencial. Feitas em alum\u00ednio, elas s\u00e3o mais dur\u00e1veis que outros modelos comuns e n\u00e3o deformam com o calor. Perfeitas para muitas aventuras! O grafismo e design do quadro s\u00e3o outros diferencias. Freios V brake, manete com regulagem para a m\u00e3o das crian\u00e7as. Bicicleta de verdade para Pais exigentes.<\/strong><\/p>\n<p><strong>Seus componentes s\u00e3o resistentes, para dar ao ciclista iniciante toda a seguran\u00e7a e durabilidade que ele precisa. A tecnologia cobre corrente e a carenagem em poliuretano tornam esse modelo muito seguro e s\u00e3o ideais para proteger o ciclista de eventuais quedas, que n\u00e3o s\u00e3o raras ao aprender a pedalar. Cores Preto\/Azul ou Preto\/Verde.<\/strong><\/p>\n","protected":false},"featured_media":3215,"comment_status":"open","ping_status":"closed","template":"","meta":[],"product_cat":[58,60],"product_tag":[],"_links":{"self":[{"href":"https:\/\/regisbike.com.br\/index.php?rest_route=\/wp\/v2\/product\/3214"}],"collection":[{"href":"https:\/\/regisbike.com.br\/index.php?rest_route=\/wp\/v2\/product"}],"about":[{"href":"https:\/\/regisbike.com.br\/index.php?rest_route=\/wp\/v2\/types\/product"}],"replies":[{"embeddable":true,"href":"https:\/\/regisbike.com.br\/index.php?rest_route=%2Fwp%2Fv2%2Fcomments&post=3214"}],"wp:featuredmedia":[{"embeddable":true,"href":"https:\/\/regisbike.com.br\/index.php?rest_route=\/wp\/v2\/media\/3215"}],"wp:attachment":[{"href":"https:\/\/regisbike.com.br\/index.php?rest_route=%2Fwp%2Fv2%2Fmedia&parent=3214"}],"wp:term":[{"taxonomy":"product_cat","embeddable":true,"href":"https:\/\/regisbike.com.br\/index.php?rest_route=%2Fwp%2Fv2%2Fproduct_cat&post=3214"},{"taxonomy":"product_tag","embeddable":true,"href":"https:\/\/regisbike.com.br\/index.php?rest_route=%2Fwp%2Fv2%2Fproduct_tag&post=3214"}],"curies":[{"name":"wp","href":"https:\/\/api.w.org\/{rel}","templated":true}]}}