{"id":3242,"date":"2025-09-11T14:31:06","date_gmt":"2025-09-11T17:31:06","guid":{"rendered":"https:\/\/regisbike.com.br\/?post_type=product&#038;p=3242"},"modified":"2025-09-11T14:31:06","modified_gmt":"2025-09-11T17:31:06","slug":"bicicleta-infantil-groove-ragga-20","status":"publish","type":"product","link":"https:\/\/regisbike.com.br\/?product=bicicleta-infantil-groove-ragga-20","title":{"rendered":"BICICLETA INFANTIL GROOVE RAGGA 20"},"content":{"rendered":"<p><strong>TAMANHO:\u00a0\u00a0<\/strong>\u00daNICO\/ARO 20<\/p>\n<p><strong>COR:\u00a0<\/strong>\u00a0AZUL\/VERDE\/PRETO<\/p>\n<p><strong>QUADRO:\u00a0<\/strong>A\u00c7O CARBONO<\/p>\n<p><strong>SUSPENS\u00c3O:\u00a0<\/strong>GARFO A\u00c7O CARBONO<\/p>\n<p><strong>PEDIVELA:\u00a0<\/strong>A\u00c7O CARBONO 140MM PRETO<\/p>\n<p><strong>CATRACA:\u00a0<\/strong>A\u00c7O GROOVE 18 DENTES<\/p>\n<p><strong>CORRRENTE:\u00a0<\/strong>GROOVE 1\/2 X 1\/8<\/p>\n<p><strong>ALAVANCA DE FREIO:\u00a0<\/strong>PL\u00c1STICA MANETE PR\u00d3XIMO DESIGN PR\u00d3XIMO GUID\u00c3O<\/p>\n<p><strong>FREIO:\u00a0<\/strong>V-BRAKE<\/p>\n<p><strong>MOVIMENTO CENTRAL:\u00a0<\/strong>A\u00c7O GROOVE 45MM<\/p>\n<p><strong>CUBOS:\u00a0<\/strong>A\u00c7O<\/p>\n<p><strong>RAIOS:\u00a0<\/strong>PRETO<\/p>\n<p><strong>AROS:\u00a0<\/strong>ALUM\u00cdNIO<\/p>\n<p><strong>GUID\u00c3O:\u00a0<\/strong>BMX A\u00c7O 560MM<\/p>\n<p><strong>MESA:\u00a0<\/strong>BMX A\u00c7O CARBONO<\/p>\n<p><strong>CANOTE:\u00a0<\/strong>GROOVE A\u00c7O CARBONO<\/p>\n<p><strong>ABRA\u00c7ADEIRA DE SELIM:\u00a0<\/strong>INTEGRADA<\/p>\n<p><strong>SELIM:\u00a0<\/strong>GROOVE AMS KIDS<\/p>\n<p><strong>PNEU:\u00a0<\/strong>CHAOYANG 20<\/p>\n<p><strong>PESO:\u00a0<\/strong>10,6KG<\/p>\n","protected":false},"excerpt":{"rendered":"<p><a href=\"https:\/\/regisbike.com.br\/wp-content\/uploads\/2025\/09\/Ragga-20-.png\"><img decoding=\"async\" loading=\"lazy\" class=\"alignnone size-full wp-image-3249\" src=\"https:\/\/regisbike.com.br\/wp-content\/uploads\/2025\/09\/Ragga-20-.png\" alt=\"\" width=\"274\" height=\"30\" \/><\/a><\/p>\n<p><strong>Ragga Kids aro 20, bicicleta infantil com qualidade da linha MTB Groove em pe\u00e7as e grafismos. Guid\u00e3o BMX, freio V-brake e manete curto para a m\u00e3o da crian\u00e7a proporcionando seguran\u00e7a ao pedalar. Pedivela 140mm adequado ao tamanho da bicicleta e altura da crian\u00e7a. Adequada para idade de 07 a 10 anos e altura 1,20 a 1,35mts.<\/strong><\/p>\n<p><strong>Ragga aro 20 possui rodas raiadas e aros de alum\u00ednio. Com essa configura\u00e7\u00e3o ela n\u00e3o empena igual as bicicletas de supermercado, sendo uma verdadeira bicicleta e n\u00e3o um brinquedo. Acreditamos que a crian\u00e7a tem que ter uma bicicleta de verdade! Para os pais mais exigentes.<\/strong><\/p>\n","protected":false},"featured_media":3243,"comment_status":"open","ping_status":"closed","template":"","meta":[],"product_cat":[58,60],"product_tag":[],"_links":{"self":[{"href":"https:\/\/regisbike.com.br\/index.php?rest_route=\/wp\/v2\/product\/3242"}],"collection":[{"href":"https:\/\/regisbike.com.br\/index.php?rest_route=\/wp\/v2\/product"}],"about":[{"href":"https:\/\/regisbike.com.br\/index.php?rest_route=\/wp\/v2\/types\/product"}],"replies":[{"embeddable":true,"href":"https:\/\/regisbike.com.br\/index.php?rest_route=%2Fwp%2Fv2%2Fcomments&post=3242"}],"wp:featuredmedia":[{"embeddable":true,"href":"https:\/\/regisbike.com.br\/index.php?rest_route=\/wp\/v2\/media\/3243"}],"wp:attachment":[{"href":"https:\/\/regisbike.com.br\/index.php?rest_route=%2Fwp%2Fv2%2Fmedia&parent=3242"}],"wp:term":[{"taxonomy":"product_cat","embeddable":true,"href":"https:\/\/regisbike.com.br\/index.php?rest_route=%2Fwp%2Fv2%2Fproduct_cat&post=3242"},{"taxonomy":"product_tag","embeddable":true,"href":"https:\/\/regisbike.com.br\/index.php?rest_route=%2Fwp%2Fv2%2Fproduct_tag&post=3242"}],"curies":[{"name":"wp","href":"https:\/\/api.w.org\/{rel}","templated":true}]}}